{"id":2891,"date":"2021-09-23T07:59:23","date_gmt":"2021-09-23T07:59:23","guid":{"rendered":"https:\/\/transparentgift.com\/?page_id=2891"},"modified":"2025-11-20T21:48:54","modified_gmt":"2025-11-20T20:48:54","slug":"rechtliche-hinweise","status":"publish","type":"page","link":"https:\/\/transparentgift.com\/de\/rechtliche-hinweise\/","title":{"rendered":"Rechtliche Hinweise"},"content":{"rendered":"<p><strong>In \u00dcbereinstimmung mit Artikel 10 des Gesetzes 34\/2002 vom 11. Juli \u00fcber Dienste der Informationsgesellschaft und des elektronischen Gesch\u00e4ftsverkehrs (LSSICE) werden nachstehend die folgenden Angaben gemacht:<\/strong><\/p>\n<p><strong>Firma:<\/strong> Transparent Gift S.L.U<br \/><strong>Steuernummer (NIF):<\/strong> B02685584<br \/><strong>Anschrift:<\/strong> Carrer Joan XXIII, 3, 46869 \u2013 Atzeneta D\u2019Albaida (Valencia), Spanien<br \/><strong>Eintragung:<\/strong> Handelsregister VALENCIA, Band 10886, Blatt 203, Abteilung 8, Blattnummer V-194910, Eintragung 1<\/p>\n<h3>Haftung<\/h3>\n<p>Im Rahmen der gesetzlich zul\u00e4ssigen Grenzen \u00fcbernimmt <strong>Transparent Gift S.L.U<\/strong> keine Haftung f\u00fcr mangelnde Wahrhaftigkeit, Vollst\u00e4ndigkeit, Aktualit\u00e4t oder Genauigkeit der Daten oder Informationen, die auf ihren Webseiten enthalten sind.<\/p>\n<p>Die Inhalte und Informationen stellen keine bindenden Angebote, Rechtsberatung oder Empfehlungen dar, sondern dienen ausschlie\u00dflich Informationszwecken.<\/p>\n<h3>Links zu Drittseiten<\/h3>\n<p>Die Webseiten von <strong>Transparent Gift S.L.U<\/strong> k\u00f6nnen Links zu Webseiten Dritter enthalten, auf deren Inhalte <strong>Transparent Gift S.L.U<\/strong> keinen Einfluss hat. Daher \u00fcbernimmt <strong>Transparent Gift S.L.U<\/strong> keine Verantwortung f\u00fcr Inhalte, die auf Webseiten Dritter bereitgestellt werden.<\/p>\n<h3>Geistiges Eigentum<\/h3>\n<p>Texte, Bilder, T\u00f6ne, Animationen, Software und sonstige Inhalte dieser Website sind ausschlie\u00dfliches Eigentum von <strong>Transparent Gift S.L.U<\/strong> oder ihrer Lizenzgeber.<\/p>\n<p>Jegliche \u00dcbertragung, Verbreitung, Vervielf\u00e4ltigung, Speicherung oder \u00f6ffentliche Wiedergabe, ganz oder teilweise, bedarf der ausdr\u00fccklichen vorherigen Zustimmung von <strong>Transparent Gift S.L.U<\/strong>.<\/p>\n<h3>Schutz personenbezogener Daten<\/h3>\n<p>F\u00fcr den Zugang zu bestimmten Diensten, die <strong>Transparent Gift S.L.U<\/strong> \u00fcber diese Website anbietet, kann die Angabe personenbezogener Daten erforderlich sein.<\/p>\n<p>In \u00dcbereinstimmung mit der Verordnung (EU) 2016\/679 des Europ\u00e4ischen Parlaments und des Rates vom 27. April 2016 (Datenschutz-Grundverordnung, DSGVO) informieren wir Sie dar\u00fcber, dass Ihre personenbezogenen Daten durch das Ausf\u00fcllen der auf der Website bereitgestellten Formulare in die Systeme von <strong>Transparent Gift S.L.U<\/strong> aufgenommen und zum Zweck der Erbringung unserer Dienstleistungen sowie zur Information \u00fcber Verbesserungen und Neuigkeiten der Website verarbeitet werden.<\/p>\n<h3>Rechte der betroffenen Personen<\/h3>\n<p>Sie k\u00f6nnen Ihre Rechte auf <strong>Auskunft<\/strong>, <strong>Berichtigung<\/strong>, <strong>L\u00f6schung<\/strong>, <strong>Einschr\u00e4nkung der Verarbeitung<\/strong>, <strong>Widerspruch<\/strong> und <strong>Daten\u00fcbertragbarkeit<\/strong> jederzeit und unentgeltlich \u00fcber folgende Kontaktwege aus\u00fcben:<\/p>\n<ul>\n<li><strong>E-Mail:<\/strong> <a href=\"mailto:hola@transparentgift.com\">hola@transparentgift.com<\/a><\/li>\n<li><strong>Postanschrift:<\/strong> Carrer Joan XXIII, 3, 46869 \u2013 Atzeneta D\u2019Albaida (Valencia), Spanien<\/li>\n<\/ul>\n","protected":false},"excerpt":{"rendered":"<p>In \u00dcbereinstimmung mit Artikel 10 des Gesetzes 34\/2002 vom 11. Juli \u00fcber Dienste der Informationsg [&#8230;]<\/p>\n","protected":false},"author":2,"featured_media":0,"parent":0,"menu_order":0,"comment_status":"closed","ping_status":"closed","template":"","meta":{"_acf_changed":false,"footnotes":""},"class_list":["post-2891","page","type-page","status-publish","hentry"],"acf":[],"_links":{"self":[{"href":"https:\/\/transparentgift.com\/de\/wp-json\/wp\/v2\/pages\/2891","targetHints":{"allow":["GET"]}}],"collection":[{"href":"https:\/\/transparentgift.com\/de\/wp-json\/wp\/v2\/pages"}],"about":[{"href":"https:\/\/transparentgift.com\/de\/wp-json\/wp\/v2\/types\/page"}],"author":[{"embeddable":true,"href":"https:\/\/transparentgift.com\/de\/wp-json\/wp\/v2\/users\/2"}],"replies":[{"embeddable":true,"href":"https:\/\/transparentgift.com\/de\/wp-json\/wp\/v2\/comments?post=2891"}],"version-history":[{"count":9,"href":"https:\/\/transparentgift.com\/de\/wp-json\/wp\/v2\/pages\/2891\/revisions"}],"predecessor-version":[{"id":496255,"href":"https:\/\/transparentgift.com\/de\/wp-json\/wp\/v2\/pages\/2891\/revisions\/496255"}],"wp:attachment":[{"href":"https:\/\/transparentgift.com\/de\/wp-json\/wp\/v2\/media?parent=2891"}],"curies":[{"name":"wp","href":"https:\/\/api.w.org\/{rel}","templated":true}]}}