{"id":496642,"date":"2025-11-28T21:57:16","date_gmt":"2025-11-28T20:57:16","guid":{"rendered":"https:\/\/transparentgift.com\/de\/?page_id=496642"},"modified":"2025-11-28T21:57:17","modified_gmt":"2025-11-28T20:57:17","slug":"ueber-uns","status":"publish","type":"page","link":"https:\/\/transparentgift.com\/de\/ueber-uns\/","title":{"rendered":"\u00dcber uns"},"content":{"rendered":"\n<section class=\"sobre-nosotros-tg\">\n  <style>\n    .sobre-nosotros-tg {\n      margin: 0 0 40px;\n      padding: 0;\n      font-family: system-ui, -apple-system, BlinkMacSystemFont, \"Segoe UI\", sans-serif;\n      line-height: 1.6;\n      text-align: left;\n    }\n\n    .sobre-nosotros-tg p {\n      margin: 0 0 1rem 0;\n      font-size: 1rem;\n    }\n\n    .sobre-nosotros-tg .video-wrapper {\n      margin-top: 1.5rem;\n    }\n\n    .sobre-nosotros-tg video {\n      width: 100%;\n      max-width: 100%;\n      border-radius: 8px;\n      display: block;\n    }\n  <\/style>\n\n  <p>\n    Bei Transparent Gift sind wir der Meinung, dass die Dinge, die dich umgeben, etwas \u00fcber dich erz\u00e4hlen sollten. \n    Wir sind in Valencia, Spanien, entstanden und heute arbeitet ein Team von rund 30 Personen daran, \n    100&nbsp;% personalisierte Produkte zu schaffen, die sowohl f\u00fcr besondere Anl\u00e4sse als auch f\u00fcr den Alltag gedacht sind.\n  <\/p>\n\n  <p>\n    Mit der Zeit sind wir zum Marktf\u00fchrer in Spanien (#1) im Bereich Personalisierung und zu einer Referenzmarke in Europa geworden. \n    Wir designen aus Spanien heraus und produzieren in unseren Werkst\u00e4tten in Spanien, Frankreich, Italien, Deutschland und Portugal. \n    So k\u00f6nnen wir on&nbsp;demand fertigen und sehr kurze Lieferzeiten in ganz Europa anbieten (24\u201348&nbsp;Stunden, je nach Land).\n  <\/p>\n\n  <p>\n    Wir arbeiten mit mehr als 1&nbsp;000 verschiedenen Produkten \u2013 vom kleinen Detail bis hin zu kompletten Kollektionen:&nbsp;\n    personalisierte Geschenke, Produkte f\u00fcr den Schulstart, Dekoration f\u00fcr Zuhause und B\u00fcro, Textilien, Papeterie, \n    Accessoires und vieles mehr. Alles, was unsere Werkst\u00e4tten verl\u00e4sst, wird St\u00fcck f\u00fcr St\u00fcck gefertigt \u2013 mit deinem Namen, \n    deinem Design oder deiner Botschaft. Du kannst dich f\u00fcr Weihnachtsgeschenke, zum Valentinstag, zu Vatertag und Muttertag, \n    Geburtstagen und vielen weiteren Anl\u00e4ssen auf uns verlassen.\n  <\/p>\n\n  <p>\n    Hinter jeder Bestellung stehen Menschen, die jedes Detail pr\u00fcfen, anpassen und sorgf\u00e4ltig ausarbeiten. \n    Unser Ziel ist einfach: Transparent Gift zu deiner Referenzmarke f\u00fcr alles zu machen, was du einzigartig \n    und zu 100&nbsp;% zu deinem eigenen machen m\u00f6chtest.\n  <\/p>\n\n  <div class=\"video-wrapper\">\n    <video controls preload=\"metadata\" playsinline>\n      <source src=\"https:\/\/transparentgift.com\/de\/wp-content\/uploads\/2025\/11\/ALEMAN-Transparent-Gift.mp4\" type=\"video\/mp4\">\n      Dein Browser unterst\u00fctzt die Videowiedergabe nicht.\n    <\/video>\n  <\/div>\n<\/section>\n","protected":false},"excerpt":{"rendered":"<p>Bei Transparent Gift sind wir der Meinung, dass die Dinge, die dich umgeben, etwas \u00fcber dich erz\u00e4h [&#8230;]<\/p>\n","protected":false},"author":2,"featured_media":0,"parent":0,"menu_order":0,"comment_status":"closed","ping_status":"closed","template":"","meta":{"_acf_changed":false,"footnotes":""},"class_list":["post-496642","page","type-page","status-publish","hentry"],"acf":[],"_links":{"self":[{"href":"https:\/\/transparentgift.com\/de\/wp-json\/wp\/v2\/pages\/496642","targetHints":{"allow":["GET"]}}],"collection":[{"href":"https:\/\/transparentgift.com\/de\/wp-json\/wp\/v2\/pages"}],"about":[{"href":"https:\/\/transparentgift.com\/de\/wp-json\/wp\/v2\/types\/page"}],"author":[{"embeddable":true,"href":"https:\/\/transparentgift.com\/de\/wp-json\/wp\/v2\/users\/2"}],"replies":[{"embeddable":true,"href":"https:\/\/transparentgift.com\/de\/wp-json\/wp\/v2\/comments?post=496642"}],"version-history":[{"count":1,"href":"https:\/\/transparentgift.com\/de\/wp-json\/wp\/v2\/pages\/496642\/revisions"}],"predecessor-version":[{"id":496644,"href":"https:\/\/transparentgift.com\/de\/wp-json\/wp\/v2\/pages\/496642\/revisions\/496644"}],"wp:attachment":[{"href":"https:\/\/transparentgift.com\/de\/wp-json\/wp\/v2\/media?parent=496642"}],"curies":[{"name":"wp","href":"https:\/\/api.w.org\/{rel}","templated":true}]}}