{"id":497571,"date":"2026-01-09T13:52:43","date_gmt":"2026-01-09T12:52:43","guid":{"rendered":"https:\/\/transparentgift.com\/de\/?page_id=497571"},"modified":"2026-04-15T14:38:33","modified_gmt":"2026-04-15T12:38:33","slug":"valentinstag","status":"publish","type":"page","link":"https:\/\/transparentgift.com\/de\/geschenke\/valentinstag\/","title":{"rendered":"Geschenke zum Valentinstag"},"content":{"rendered":"<p data-start=\"165\" data-end=\"247\"><strong data-start=\"165\" data-end=\"247\">Geschenke zum Valentinstag \u2013 \u00fcberrasche mit einer einzigartigen Aufmerksamkeit<\/strong><\/p>\n<p data-start=\"249\" data-end=\"605\">Der Valentinstag ist die perfekte Gelegenheit, Liebe mit einem besonderen Geschenk zu zeigen. Die Wahl des richtigen Geschenks kann den Unterschied machen und diesen Tag unvergesslich werden lassen. In unserer Auswahl an Valentinstagsgeschenken findest du Ideen f\u00fcr M\u00e4nner, Frauen und Paare \u2013 von romantischen Details bis hin zu originellen \u00dcberraschungen.<\/p>\n<p data-start=\"607\" data-end=\"641\"><strong data-start=\"607\" data-end=\"641\">Geschenkideen zum Valentinstag<\/strong><\/p>\n<p data-start=\"643\" data-end=\"759\">Die besten Valentinstagsgeschenke vereinen Emotion, Bedeutung und Originalit\u00e4t. Zu den empfohlenen Optionen geh\u00f6ren:<\/p>\n<ul data-start=\"761\" data-end=\"977\">\n<li data-start=\"761\" data-end=\"836\">\n<p data-start=\"763\" data-end=\"836\">Personalisierte Geschenke mit Fotos, Namen oder besonderen Botschaften.<\/p>\n<\/li>\n<li data-start=\"837\" data-end=\"907\">\n<p data-start=\"839\" data-end=\"907\">Romantische Details, die die Verbindung zu deinem Partner st\u00e4rken.<\/p>\n<\/li>\n<li data-start=\"908\" data-end=\"977\">\n<p data-start=\"910\" data-end=\"977\">Einzigartige \u00dcberraschungen, die diesen Tag noch besonderer machen.<\/p>\n<\/li>\n<\/ul>\n<p data-start=\"979\" data-end=\"1027\"><strong data-start=\"979\" data-end=\"1027\">Valentinstagsgeschenke f\u00fcr M\u00e4nner und Frauen<\/strong><\/p>\n<p data-start=\"1029\" data-end=\"1462\">Wenn du ein Valentinstagsgeschenk f\u00fcr M\u00e4nner suchst, entscheide dich f\u00fcr etwas Praktisches mit einer pers\u00f6nlichen Note. F\u00fcr sie ist ein Valentinstagsgeschenk f\u00fcr Frauen mit einem besonderen Design oder einer personalisierten Botschaft immer eine gute Wahl. M\u00f6chtest du deinen Partner mit einem Geschenk f\u00fcr euch beide \u00fcberraschen, entdecke unsere Auswahl an Geschenken f\u00fcr Paare \u2013 ideal, um diesen besonderen Tag gemeinsam zu feiern.<\/p>\n<p data-start=\"1464\" data-end=\"1510\"><strong data-start=\"1464\" data-end=\"1510\">Personalisierte Geschenke zum Valentinstag<\/strong><\/p>\n<p data-start=\"1512\" data-end=\"1734\">Personalisierte Geschenke sind die sch\u00f6nste Art, am Valentinstag Liebe zu zeigen. Ein einzigartiges und exklusives Detail dr\u00fcckt Gef\u00fchle auf besondere und nachhaltige Weise aus und wird zu einer unvergesslichen Erinnerung.<\/p>\n<p data-start=\"1736\" data-end=\"1778\"><strong data-start=\"1736\" data-end=\"1778\">Mach diesen Valentinstag unvergesslich<\/strong><\/p>\n<p data-start=\"1780\" data-end=\"1992\">\u00dcberrasche deinen Partner am 14. Februar mit einem Geschenk, das von Herzen kommt. In unserer Kollektion an Valentinstagsgeschenken findest du die perfekten Ideen, um die Liebe auf ganz besondere Weise zu feiern.<\/p>\n","protected":false},"excerpt":{"rendered":"<p>Geschenke zum Valentinstag \u2013 \u00fcberrasche mit einer einzigartigen Aufmerksamkeit Der Valentinstag i [&#8230;]<\/p>\n","protected":false},"author":151,"featured_media":497643,"parent":498123,"menu_order":0,"comment_status":"closed","ping_status":"closed","template":"landing-page.php","meta":{"_acf_changed":false,"footnotes":""},"class_list":["post-497571","page","type-page","status-publish","has-post-thumbnail","hentry"],"acf":[],"_links":{"self":[{"href":"https:\/\/transparentgift.com\/de\/wp-json\/wp\/v2\/pages\/497571","targetHints":{"allow":["GET"]}}],"collection":[{"href":"https:\/\/transparentgift.com\/de\/wp-json\/wp\/v2\/pages"}],"about":[{"href":"https:\/\/transparentgift.com\/de\/wp-json\/wp\/v2\/types\/page"}],"author":[{"embeddable":true,"href":"https:\/\/transparentgift.com\/de\/wp-json\/wp\/v2\/users\/151"}],"replies":[{"embeddable":true,"href":"https:\/\/transparentgift.com\/de\/wp-json\/wp\/v2\/comments?post=497571"}],"version-history":[{"count":4,"href":"https:\/\/transparentgift.com\/de\/wp-json\/wp\/v2\/pages\/497571\/revisions"}],"predecessor-version":[{"id":497653,"href":"https:\/\/transparentgift.com\/de\/wp-json\/wp\/v2\/pages\/497571\/revisions\/497653"}],"up":[{"embeddable":true,"href":"https:\/\/transparentgift.com\/de\/wp-json\/wp\/v2\/pages\/498123"}],"wp:featuredmedia":[{"embeddable":true,"href":"https:\/\/transparentgift.com\/de\/wp-json\/wp\/v2\/media\/497643"}],"wp:attachment":[{"href":"https:\/\/transparentgift.com\/de\/wp-json\/wp\/v2\/media?parent=497571"}],"curies":[{"name":"wp","href":"https:\/\/api.w.org\/{rel}","templated":true}]}}