{"id":498151,"date":"2026-02-20T16:42:55","date_gmt":"2026-02-20T15:42:55","guid":{"rendered":"https:\/\/transparentgift.com\/de\/?page_id=498151"},"modified":"2026-02-20T16:42:56","modified_gmt":"2026-02-20T15:42:56","slug":"abholung-an-einem-punkt-z-b-dhl-packstation-oder-paketshop","status":"publish","type":"page","link":"https:\/\/transparentgift.com\/de\/hilfe\/abholung-an-einem-punkt-z-b-dhl-packstation-oder-paketshop\/","title":{"rendered":"Abholung an einem Punkt (z. B. DHL Packstation oder Paketshop)"},"content":{"rendered":"\n<p>Wir m\u00f6chten, dass dein Einkaufserlebnis stets bequem und sicher ist. In einigen F\u00e4llen kann deine Bestellung an einen Abholpunkt geliefert werden, wie zum Beispiel an eine DHL Packstation oder einen DHL Paketshop. Hier erkl\u00e4ren wir dir, warum der Transportdienst diesen Zustellweg w\u00e4hlen kann und wie du dein Paket problemlos abholen kannst.<\/p>\n\n\n\n<h2 class=\"wp-block-heading\" id=\"Warum-werden-PUDO-Punkte-in-Deutschland-genutzt-KpuX7\"><strong>Warum werden in Deutschland genutzt?<\/strong><\/h2>\n\n\n\n<p><strong>Paketsicherheit:<\/strong><\/p>\n\n\n\n<p>Packstationen und Paketshops bieten eine sichere Lagerung deines Pakets, bis du es abholen kannst. Dadurch wird das Risiko von Verlust oder Besch\u00e4digung deutlich reduziert.<\/p>\n\n\n\n<p><strong>Effiziente Zustellung:<\/strong><\/p>\n\n\n\n<p>Durch die Nutzung von Tausenden Packstationen und Paketshops k\u00f6nnen Lieferdienste ihre Routen optimieren und auch in stark frequentierten Gebieten p\u00fcnktlich liefern.<\/p>\n\n\n\n<p><strong>Flexible Abholung:<\/strong><\/p>\n\n\n\n<p>Viele Packstationen sind rund um die Uhr ge\u00f6ffnet. So kannst du dein Paket dann abholen, wenn es dir am besten passt \u2013 unabh\u00e4ngig von Lieferzeiten.<\/p>\n\n\n\n<p><strong>Kostenoptimierung:<\/strong><\/p>\n\n\n\n<p>Die B\u00fcndelung von Sendungen in PUDO-Punkten erh\u00f6ht die logistische Effizienz und hilft, Versandkosten niedrig zu halten.<\/p>\n\n\n\n<h2 class=\"wp-block-heading\" id=\"So-holst-du-dein-Paket-an-einer-Packstation-oder-einem-Paketshop-ab-dCSm1\"><strong>So holst du dein Paket an einer Packstation oder einem Paketshop ab<\/strong><\/h2>\n\n\n\n<ol class=\"wp-block-list\">\n<li>Du erh\u00e4ltst vom Versanddienst eine Nachricht (per E-Mail, SMS oder App), sobald dein Paket im Abholpunkt bereitliegt.<\/li>\n\n\n\n<li>In der Nachricht findest du deinen\u00a0<strong>Abholcode<\/strong>, einen QR-Code oder \u00e4hnliche Zugangsdaten.<\/li>\n\n\n\n<li>Gehe zur angegebenen Packstation oder zum Paketshop.<\/li>\n\n\n\n<li>Scanne den Code oder gib den Abholcode ein \u2013 das Fach \u00f6ffnet sich automatisch bzw. das Personal \u00fcbergibt dir dein Paket.<\/li>\n<\/ol>\n\n\n\n<h2 class=\"wp-block-heading\" id=\"Wichtige-Hinweise-OhjZ9\"><strong>Wichtige Hinweise<\/strong><\/h2>\n\n\n\n<p><strong>Pers\u00f6nlicher Abholcode:<\/strong><\/p>\n\n\n\n<p>Der Code ist vertraulich und nur f\u00fcr dich bestimmt. Bitte gib ihn nicht an andere weiter.<\/p>\n\n\n\n<p><strong>Abholfrist:<\/strong><\/p>\n\n\n\n<p>Bitte hole dein Paket innerhalb der angegebenen Frist ab. Nach Ablauf wird es an den Absender zur\u00fcckgeschickt, und es k\u00f6nnen zus\u00e4tzliche Kosten entstehen.<\/p>\n\n\n\n<p>Bei Fragen zur Abholung in deutschen helfen wir dir gerne unter&nbsp;<strong>hola@transparentgift.com<\/strong><\/p>\n","protected":false},"excerpt":{"rendered":"<p>Wir m\u00f6chten, dass dein Einkaufserlebnis stets bequem und sicher ist. In einigen F\u00e4llen kann deine  [&#8230;]<\/p>\n","protected":false},"author":150,"featured_media":0,"parent":498149,"menu_order":0,"comment_status":"closed","ping_status":"closed","template":"help-article.php","meta":{"_acf_changed":false,"footnotes":""},"class_list":["post-498151","page","type-page","status-publish","hentry"],"acf":[],"_links":{"self":[{"href":"https:\/\/transparentgift.com\/de\/wp-json\/wp\/v2\/pages\/498151","targetHints":{"allow":["GET"]}}],"collection":[{"href":"https:\/\/transparentgift.com\/de\/wp-json\/wp\/v2\/pages"}],"about":[{"href":"https:\/\/transparentgift.com\/de\/wp-json\/wp\/v2\/types\/page"}],"author":[{"embeddable":true,"href":"https:\/\/transparentgift.com\/de\/wp-json\/wp\/v2\/users\/150"}],"replies":[{"embeddable":true,"href":"https:\/\/transparentgift.com\/de\/wp-json\/wp\/v2\/comments?post=498151"}],"version-history":[{"count":1,"href":"https:\/\/transparentgift.com\/de\/wp-json\/wp\/v2\/pages\/498151\/revisions"}],"predecessor-version":[{"id":498152,"href":"https:\/\/transparentgift.com\/de\/wp-json\/wp\/v2\/pages\/498151\/revisions\/498152"}],"up":[{"embeddable":true,"href":"https:\/\/transparentgift.com\/de\/wp-json\/wp\/v2\/pages\/498149"}],"wp:attachment":[{"href":"https:\/\/transparentgift.com\/de\/wp-json\/wp\/v2\/media?parent=498151"}],"curies":[{"name":"wp","href":"https:\/\/api.w.org\/{rel}","templated":true}]}}