{"id":498153,"date":"2026-02-20T16:44:03","date_gmt":"2026-02-20T15:44:03","guid":{"rendered":"https:\/\/transparentgift.com\/de\/?page_id=498153"},"modified":"2026-02-20T16:44:04","modified_gmt":"2026-02-20T15:44:04","slug":"welche-zahlungsmethoden-akzeptiert-ihr","status":"publish","type":"page","link":"https:\/\/transparentgift.com\/de\/hilfe\/welche-zahlungsmethoden-akzeptiert-ihr\/","title":{"rendered":"Welche Zahlungsmethoden akzeptiert ihr?"},"content":{"rendered":"\n<p>Derzeit kannst du in unserem Shop mit den folgenden Zahlungsmethoden einkaufen:<\/p>\n\n\n\n<p>\u2022 Kredit- oder Debitkarte<\/p>\n\n\n\n<p>\u2022 PayPal<\/p>\n\n\n\n<p>Sobald du deinen Einkauf im Warenkorb abschlie\u00dft, f\u00fchrt dich das System Schritt f\u00fcr Schritt durch den Prozess und zeigt dir die verf\u00fcgbaren Optionen an, damit du die Zahlung mit der gew\u00fcnschten Methode durchf\u00fchren kannst.<\/p>\n\n\n\n<p>Bitte beachte, dass wir&nbsp;<strong>keine Nachnahmezahlungen<\/strong>&nbsp;akzeptieren.<\/p>\n\n\n\n<p>Wenn du weitere Fragen hast, helfen wir dir gerne unter&nbsp;<strong>hola@transparentgift.com<\/strong>&nbsp;weiter.<\/p>\n","protected":false},"excerpt":{"rendered":"<p>Derzeit kannst du in unserem Shop mit den folgenden Zahlungsmethoden einkaufen: \u2022 Kredit- oder Deb [&#8230;]<\/p>\n","protected":false},"author":150,"featured_media":0,"parent":498149,"menu_order":0,"comment_status":"closed","ping_status":"closed","template":"help-article.php","meta":{"_acf_changed":false,"footnotes":""},"class_list":["post-498153","page","type-page","status-publish","hentry"],"acf":[],"_links":{"self":[{"href":"https:\/\/transparentgift.com\/de\/wp-json\/wp\/v2\/pages\/498153","targetHints":{"allow":["GET"]}}],"collection":[{"href":"https:\/\/transparentgift.com\/de\/wp-json\/wp\/v2\/pages"}],"about":[{"href":"https:\/\/transparentgift.com\/de\/wp-json\/wp\/v2\/types\/page"}],"author":[{"embeddable":true,"href":"https:\/\/transparentgift.com\/de\/wp-json\/wp\/v2\/users\/150"}],"replies":[{"embeddable":true,"href":"https:\/\/transparentgift.com\/de\/wp-json\/wp\/v2\/comments?post=498153"}],"version-history":[{"count":1,"href":"https:\/\/transparentgift.com\/de\/wp-json\/wp\/v2\/pages\/498153\/revisions"}],"predecessor-version":[{"id":498154,"href":"https:\/\/transparentgift.com\/de\/wp-json\/wp\/v2\/pages\/498153\/revisions\/498154"}],"up":[{"embeddable":true,"href":"https:\/\/transparentgift.com\/de\/wp-json\/wp\/v2\/pages\/498149"}],"wp:attachment":[{"href":"https:\/\/transparentgift.com\/de\/wp-json\/wp\/v2\/media?parent=498153"}],"curies":[{"name":"wp","href":"https:\/\/api.w.org\/{rel}","templated":true}]}}