{"id":498157,"date":"2026-02-20T16:45:57","date_gmt":"2026-02-20T15:45:57","guid":{"rendered":"https:\/\/transparentgift.com\/de\/?page_id=498157"},"modified":"2026-02-20T16:45:58","modified_gmt":"2026-02-20T15:45:58","slug":"tipps-zur-personalisierung-deines-geschenks","status":"publish","type":"page","link":"https:\/\/transparentgift.com\/de\/hilfe\/tipps-zur-personalisierung-deines-geschenks\/","title":{"rendered":"Tipps zur Personalisierung deines Geschenks"},"content":{"rendered":"\n<p>Wir m\u00f6chten, dass dein Einkaufserlebnis einfach, angenehm und vollkommen personalisiert ist. Wir wissen, wie wichtig es f\u00fcr dich ist, ein einzigartiges Geschenk zu gestalten. Deshalb geben wir dir einige Empfehlungen, damit das Endergebnis perfekt wird.<\/p>\n\n\n\n<p><strong>1. Personalisierung mit Fotos<\/strong><\/p>\n\n\n\n<p>Wenn du ein Foto hochl\u00e4dst, um dein Produkt zu personalisieren, empfehlen wir dir, Folgendes zu beachten:<\/p>\n\n\n\n<p><strong>Zentrierung des Fotos:<\/strong><\/p>\n\n\n\n<p>\u00dcberpr\u00fcfe vor der Best\u00e4tigung des Designs die Vorschau und stelle sicher, dass das Bild richtig zentriert ist. Vermeide leere R\u00e4nder oder abgeschnittene Bereiche, da dies zu unerw\u00fcnschten wei\u00dfen Fl\u00e4chen im finalen Produkt f\u00fchren k\u00f6nnte.<\/p>\n\n\n\n<p><strong>Bildqualit\u00e4t:<\/strong><\/p>\n\n\n\n<p>Je sch\u00e4rfer das Foto, desto besser das Ergebnis. Wir empfehlen die Verwendung von Bildern in hoher Aufl\u00f6sung, um ein sauberes und hochwertiges Finish f\u00fcr dein personalisiertes Produkt zu gew\u00e4hrleisten.<\/p>\n\n\n\n<p><strong>2. Personalisierung mit Text<\/strong><\/p>\n\n\n\n<p>Wenn du deinem Produkt Text hinzuf\u00fcgen m\u00f6chtest, befolge diese Empfehlungen, um Fehler im Design zu vermeiden:<\/p>\n\n\n\n<p><strong>Abstand zwischen den W\u00f6rtern:<\/strong><\/p>\n\n\n\n<p>Achte darauf, gen\u00fcgend Abstand zwischen den W\u00f6rtern zu lassen. Wenn der Text zu eng steht, k\u00f6nnte er abgeschnitten werden oder im finalen Ergebnis nicht gut erkennbar sein.<\/p>\n\n\n\n<p><strong>Denke daran!<\/strong><\/p>\n\n\n\n<p>Unser Kundenservice-Team steht dir jederzeit w\u00e4hrend des gesamten Personalisierungsprozesses zur Verf\u00fcgung.<\/p>\n\n\n\n<p>Wenn du Fragen hast oder zus\u00e4tzliche Unterst\u00fctzung ben\u00f6tigst, schreibe uns an&nbsp;<strong>hola@transparentgift.com<\/strong>.<\/p>\n\n\n\n<p>Wir helfen dir gerne weiter, damit dein Geschenk genau so wird, wie du es dir vorstellst.<\/p>\n","protected":false},"excerpt":{"rendered":"<p>Wir m\u00f6chten, dass dein Einkaufserlebnis einfach, angenehm und vollkommen personalisiert ist. Wir wi [&#8230;]<\/p>\n","protected":false},"author":150,"featured_media":0,"parent":498149,"menu_order":0,"comment_status":"closed","ping_status":"closed","template":"help-article.php","meta":{"_acf_changed":false,"footnotes":""},"class_list":["post-498157","page","type-page","status-publish","hentry"],"acf":[],"_links":{"self":[{"href":"https:\/\/transparentgift.com\/de\/wp-json\/wp\/v2\/pages\/498157","targetHints":{"allow":["GET"]}}],"collection":[{"href":"https:\/\/transparentgift.com\/de\/wp-json\/wp\/v2\/pages"}],"about":[{"href":"https:\/\/transparentgift.com\/de\/wp-json\/wp\/v2\/types\/page"}],"author":[{"embeddable":true,"href":"https:\/\/transparentgift.com\/de\/wp-json\/wp\/v2\/users\/150"}],"replies":[{"embeddable":true,"href":"https:\/\/transparentgift.com\/de\/wp-json\/wp\/v2\/comments?post=498157"}],"version-history":[{"count":1,"href":"https:\/\/transparentgift.com\/de\/wp-json\/wp\/v2\/pages\/498157\/revisions"}],"predecessor-version":[{"id":498158,"href":"https:\/\/transparentgift.com\/de\/wp-json\/wp\/v2\/pages\/498157\/revisions\/498158"}],"up":[{"embeddable":true,"href":"https:\/\/transparentgift.com\/de\/wp-json\/wp\/v2\/pages\/498149"}],"wp:attachment":[{"href":"https:\/\/transparentgift.com\/de\/wp-json\/wp\/v2\/media?parent=498157"}],"curies":[{"name":"wp","href":"https:\/\/api.w.org\/{rel}","templated":true}]}}