{"id":498161,"date":"2026-02-20T16:47:57","date_gmt":"2026-02-20T15:47:57","guid":{"rendered":"https:\/\/transparentgift.com\/de\/?page_id=498161"},"modified":"2026-02-20T16:47:58","modified_gmt":"2026-02-20T15:47:58","slug":"kann-ich-meine-bestellung-stornieren-oder-aendern","status":"publish","type":"page","link":"https:\/\/transparentgift.com\/de\/hilfe\/kann-ich-meine-bestellung-stornieren-oder-aendern\/","title":{"rendered":"Kann ich meine Bestellung stornieren oder \u00e4ndern?"},"content":{"rendered":"\n<p>Leider ist es nicht m\u00f6glich, eine Bestellung zu stornieren oder zu \u00e4ndern, sobald sie best\u00e4tigt wurde. Dies gilt auch f\u00fcr alle Personalisierungselemente wie Texte, Bilder oder die Auswahl der Komponenten.<\/p>\n\n\n\n<p>Da es sich um personalisierte Produkte handelt, ist es sehr wichtig, dass du vor Abschluss der Zahlung alle Details sorgf\u00e4ltig pr\u00fcfst. Jedes Produkt wird ausschlie\u00dflich f\u00fcr dich angefertigt. Daher k\u00f6nnen wir, sobald der Herstellungsprozess begonnen hat, keine \u00c4nderungen mehr vornehmen und keine R\u00fccksendungen akzeptieren: Das Produkt kann nicht wiederverwendet oder weiterverkauft werden.<\/p>\n\n\n\n<p>Wenn du vor Abschluss deines Einkaufs Fragen hast, helfen wir dir gerne weiter. Du kannst uns unter&nbsp;<strong>hola@transparentgift.com<\/strong>&nbsp;schreiben.<\/p>\n","protected":false},"excerpt":{"rendered":"<p>Leider ist es nicht m\u00f6glich, eine Bestellung zu stornieren oder zu \u00e4ndern, sobald sie best\u00e4tigt w [&#8230;]<\/p>\n","protected":false},"author":150,"featured_media":0,"parent":498149,"menu_order":0,"comment_status":"closed","ping_status":"closed","template":"help-article.php","meta":{"_acf_changed":false,"footnotes":""},"class_list":["post-498161","page","type-page","status-publish","hentry"],"acf":[],"_links":{"self":[{"href":"https:\/\/transparentgift.com\/de\/wp-json\/wp\/v2\/pages\/498161","targetHints":{"allow":["GET"]}}],"collection":[{"href":"https:\/\/transparentgift.com\/de\/wp-json\/wp\/v2\/pages"}],"about":[{"href":"https:\/\/transparentgift.com\/de\/wp-json\/wp\/v2\/types\/page"}],"author":[{"embeddable":true,"href":"https:\/\/transparentgift.com\/de\/wp-json\/wp\/v2\/users\/150"}],"replies":[{"embeddable":true,"href":"https:\/\/transparentgift.com\/de\/wp-json\/wp\/v2\/comments?post=498161"}],"version-history":[{"count":1,"href":"https:\/\/transparentgift.com\/de\/wp-json\/wp\/v2\/pages\/498161\/revisions"}],"predecessor-version":[{"id":498162,"href":"https:\/\/transparentgift.com\/de\/wp-json\/wp\/v2\/pages\/498161\/revisions\/498162"}],"up":[{"embeddable":true,"href":"https:\/\/transparentgift.com\/de\/wp-json\/wp\/v2\/pages\/498149"}],"wp:attachment":[{"href":"https:\/\/transparentgift.com\/de\/wp-json\/wp\/v2\/media?parent=498161"}],"curies":[{"name":"wp","href":"https:\/\/api.w.org\/{rel}","templated":true}]}}