{"id":498163,"date":"2026-02-20T16:48:47","date_gmt":"2026-02-20T15:48:47","guid":{"rendered":"https:\/\/transparentgift.com\/de\/?page_id=498163"},"modified":"2026-02-20T16:48:48","modified_gmt":"2026-02-20T15:48:48","slug":"vorbereitungs-und-lieferzeiten","status":"publish","type":"page","link":"https:\/\/transparentgift.com\/de\/hilfe\/vorbereitungs-und-lieferzeiten\/","title":{"rendered":"Vorbereitungs- und Lieferzeiten"},"content":{"rendered":"\n<p>Wir m\u00f6chten, dass deine Bestellung so schnell wie m\u00f6glich und ohne \u00dcberraschungen ankommt. Deshalb informieren wir dich mit voller Transparenz \u00fcber die voraussichtlichen Vorbereitungs- und Lieferzeiten, je nach Produkttyp und Zielort.<\/p>\n\n\n\n<p><strong>Vorbereitungszeiten<\/strong><\/p>\n\n\n\n<p>In den meisten F\u00e4llen fertigen wir deine Bestellung innerhalb von weniger als 12 Stunden, nachdem wir sie erhalten haben.<\/p>\n\n\n\n<p>In Zeiten mit hoher Nachfrage (wie zu Weihnachten) kann die Vorbereitung bis zu 24 Stunden dauern.<\/p>\n\n\n\n<p>Einige komplexere Produkte \u2014 etwa solche mit personalisierten Illustrationen oder handwerklichen Prozessen \u2014 k\u00f6nnen etwas mehr Zeit ben\u00f6tigen: zwischen 24 und 48 Stunden, bis sie versandbereit sind.<\/p>\n\n\n\n<p><strong>Versandzeiten<\/strong><\/p>\n\n\n\n<p>Sobald die Bestellung produziert und versandfertig ist, gelten folgende voraussichtliche Lieferzeiten:<\/p>\n\n\n\n<ul class=\"wp-block-list\">\n<li><strong>Standard:<\/strong>\u00a01-2 Tage<\/li>\n\n\n\n<li><strong>Express:<\/strong>\u00a01 Tag<\/li>\n\n\n\n<li><strong>Gratisversand:<\/strong>\u00a01-2 Tage (Schwelle 40\u20ac)<\/li>\n<\/ul>\n\n\n\n<p>Wir m\u00f6chten, dass dein Geschenk rechtzeitig und in einwandfreiem Zustand ankommt.<\/p>\n\n\n\n<p>Wenn deine Bestellung zu einem besonderen Datum eintreffen muss oder du sie fr\u00fcher ben\u00f6tigst, schreibe uns an&nbsp;<strong>hola@transparentgift.com<\/strong>&nbsp;und wir werden unser Bestes tun, um dir zu helfen.<\/p>\n","protected":false},"excerpt":{"rendered":"<p>Wir m\u00f6chten, dass deine Bestellung so schnell wie m\u00f6glich und ohne \u00dcberraschungen ankommt. Deshal [&#8230;]<\/p>\n","protected":false},"author":150,"featured_media":0,"parent":498149,"menu_order":0,"comment_status":"closed","ping_status":"closed","template":"help-article.php","meta":{"_acf_changed":false,"footnotes":""},"class_list":["post-498163","page","type-page","status-publish","hentry"],"acf":[],"_links":{"self":[{"href":"https:\/\/transparentgift.com\/de\/wp-json\/wp\/v2\/pages\/498163","targetHints":{"allow":["GET"]}}],"collection":[{"href":"https:\/\/transparentgift.com\/de\/wp-json\/wp\/v2\/pages"}],"about":[{"href":"https:\/\/transparentgift.com\/de\/wp-json\/wp\/v2\/types\/page"}],"author":[{"embeddable":true,"href":"https:\/\/transparentgift.com\/de\/wp-json\/wp\/v2\/users\/150"}],"replies":[{"embeddable":true,"href":"https:\/\/transparentgift.com\/de\/wp-json\/wp\/v2\/comments?post=498163"}],"version-history":[{"count":1,"href":"https:\/\/transparentgift.com\/de\/wp-json\/wp\/v2\/pages\/498163\/revisions"}],"predecessor-version":[{"id":498164,"href":"https:\/\/transparentgift.com\/de\/wp-json\/wp\/v2\/pages\/498163\/revisions\/498164"}],"up":[{"embeddable":true,"href":"https:\/\/transparentgift.com\/de\/wp-json\/wp\/v2\/pages\/498149"}],"wp:attachment":[{"href":"https:\/\/transparentgift.com\/de\/wp-json\/wp\/v2\/media?parent=498163"}],"curies":[{"name":"wp","href":"https:\/\/api.w.org\/{rel}","templated":true}]}}