{"id":498167,"date":"2026-02-20T16:50:57","date_gmt":"2026-02-20T15:50:57","guid":{"rendered":"https:\/\/transparentgift.com\/de\/?page_id=498167"},"modified":"2026-02-20T16:50:59","modified_gmt":"2026-02-20T15:50:59","slug":"rueckgabe-und-erstattungsrichtlinie-so-funktioniert-sie","status":"publish","type":"page","link":"https:\/\/transparentgift.com\/de\/hilfe\/rueckgabe-und-erstattungsrichtlinie-so-funktioniert-sie\/","title":{"rendered":"R\u00fcckgabe- und Erstattungsrichtlinie: So funktioniert sie"},"content":{"rendered":"\n<p>Wir m\u00f6chten, dass du ein einfaches, sicheres und zufriedenstellendes Einkaufserlebnis hast. Da es gelegentlich zu unvorhergesehenen Situationen kommen kann, haben wir eine klare und transparente R\u00fcckgabe- und Erstattungsrichtlinie erstellt, um dir jederzeit zu helfen.<\/p>\n\n\n\n<h3 class=\"wp-block-heading\" id=\"1-Wann-gilt-diese-Richtlinie-278Ti\">1. Wann gilt diese Richtlinie?<\/h3>\n\n\n\n<p><strong>Besch\u00e4digte oder fehlerhafte Produkte<\/strong><\/p>\n\n\n\n<p>Wenn das Produkt einen Herstellungsfehler aufweist, erstatten wir den&nbsp;<strong>vollen Kaufbetrag<\/strong>&nbsp;deiner Bestellung.<\/p>\n\n\n\n<p>Aus logistischen Gr\u00fcnden bieten wir keinen Ersatz f\u00fcr fehlerhafte Produkte an.<\/p>\n\n\n\n<p><strong>Transportsch\u00e4den<\/strong><\/p>\n\n\n\n<p>Wenn deine Bestellung besch\u00e4digt ankommt, hast du&nbsp;<strong>7 Tage nach Erhalt<\/strong>, um uns unter&nbsp;<strong>hola@transparentgift.com<\/strong>&nbsp;zu kontaktieren.<\/p>\n\n\n\n<p>In best\u00e4tigten F\u00e4llen erstatten wir dir den&nbsp;<strong>vollen Produktpreis<\/strong>, ohne dass eine R\u00fccksendung erforderlich ist.<\/p>\n\n\n\n<h3 class=\"wp-block-heading\" id=\"2-Wie-beantrage-ich-eine-Rckerstattung-oder-Rckgabe-r06ch\">2. Wie beantrage ich eine R\u00fcckerstattung oder R\u00fcckgabe?<\/h3>\n\n\n\n<p><strong>Kontaktiere uns \u2192<\/strong>&nbsp;Schreibe uns an&nbsp;<strong>hola@transparentgift.com<\/strong>&nbsp;mit deiner Bestellnummer, einer kurzen Beschreibung des Problems und \u2013 wenn m\u00f6glich \u2013 einigen Fotos.<\/p>\n\n\n\n<p><strong>Fallpr\u00fcfung \u2192<\/strong>&nbsp;Unser Team pr\u00fcft deine Anfrage und meldet sich so schnell wie m\u00f6glich mit den n\u00e4chsten Schritten.<\/p>\n\n\n\n<p><strong>L\u00f6sung \u2192<\/strong>&nbsp;Entspricht dein Fall der Richtlinie, veranlassen wir die entsprechende R\u00fcckerstattung.<\/p>\n\n\n\n<p>R\u00fcckerstattungen erfolgen innerhalb von&nbsp;<strong>maximal 5 Werktagen<\/strong>&nbsp;nach Abschluss des Falls.<\/p>\n\n\n\n<h3 class=\"wp-block-heading\" id=\"3-Ausnahmen-6lNOd\">3. Ausnahmen<\/h3>\n\n\n\n<p>Gem\u00e4\u00df&nbsp;<strong>Gesetz 3\/2014<\/strong>&nbsp;sind R\u00fcckgaben von personalisierten Produkten oder nach Kundenspezifikation hergestellten Artikeln ausgeschlossen.<\/p>\n\n\n\n<h3 class=\"wp-block-heading\" id=\"4-Allgemeine-Bedingungen-eGrfU\">4. Allgemeine Bedingungen<\/h3>\n\n\n\n<ul class=\"wp-block-list\">\n<li>Produkte m\u00fcssen sich im Originalzustand und in der Originalverpackung befinden.<\/li>\n\n\n\n<li>Transparent Gift kann Anfragen ablehnen, die nicht dieser Richtlinie entsprechen.<\/li>\n\n\n\n<li>Sch\u00e4den durch unsachgem\u00e4\u00dfe Nutzung oder normalen Verschlei\u00df sind nicht abgedeckt.<\/li>\n<\/ul>\n\n\n\n<h3 class=\"wp-block-heading\" id=\"5-Bentigst-du-Hilfe-THpQv\">5. Ben\u00f6tigst du Hilfe<\/h3>\n\n\n\n<p>Wenn du Fragen hast oder weitere Informationen ben\u00f6tigst, schreibe uns an&nbsp;<strong>hola@transparentgift.com<\/strong>.<\/p>\n\n\n\n<p>Wir sind f\u00fcr dich da und m\u00f6chten sicherstellen, dass deine Erfahrung mit Transparent Gift genauso besonders ist wie das Geschenk, das du ausgew\u00e4hlt hast.<\/p>\n","protected":false},"excerpt":{"rendered":"<p>Wir m\u00f6chten, dass du ein einfaches, sicheres und zufriedenstellendes Einkaufserlebnis hast. Da es g [&#8230;]<\/p>\n","protected":false},"author":150,"featured_media":0,"parent":498149,"menu_order":0,"comment_status":"closed","ping_status":"closed","template":"help-article.php","meta":{"_acf_changed":false,"footnotes":""},"class_list":["post-498167","page","type-page","status-publish","hentry"],"acf":[],"_links":{"self":[{"href":"https:\/\/transparentgift.com\/de\/wp-json\/wp\/v2\/pages\/498167","targetHints":{"allow":["GET"]}}],"collection":[{"href":"https:\/\/transparentgift.com\/de\/wp-json\/wp\/v2\/pages"}],"about":[{"href":"https:\/\/transparentgift.com\/de\/wp-json\/wp\/v2\/types\/page"}],"author":[{"embeddable":true,"href":"https:\/\/transparentgift.com\/de\/wp-json\/wp\/v2\/users\/150"}],"replies":[{"embeddable":true,"href":"https:\/\/transparentgift.com\/de\/wp-json\/wp\/v2\/comments?post=498167"}],"version-history":[{"count":1,"href":"https:\/\/transparentgift.com\/de\/wp-json\/wp\/v2\/pages\/498167\/revisions"}],"predecessor-version":[{"id":498168,"href":"https:\/\/transparentgift.com\/de\/wp-json\/wp\/v2\/pages\/498167\/revisions\/498168"}],"up":[{"embeddable":true,"href":"https:\/\/transparentgift.com\/de\/wp-json\/wp\/v2\/pages\/498149"}],"wp:attachment":[{"href":"https:\/\/transparentgift.com\/de\/wp-json\/wp\/v2\/media?parent=498167"}],"curies":[{"name":"wp","href":"https:\/\/api.w.org\/{rel}","templated":true}]}}