{"id":496159,"date":"2025-11-20T18:12:56","date_gmt":"2025-11-20T17:12:56","guid":{"rendered":"https:\/\/transparentgift.com\/de\/personalisierte-unendlichkeitslampe-mit-namen\/"},"modified":"2025-11-21T11:27:37","modified_gmt":"2025-11-21T10:27:37","slug":"personalisierte-unendlichkeitslampe-mit-namen","status":"publish","type":"product","link":"https:\/\/transparentgift.com\/de\/personalisierte-unendlichkeitslampe-mit-namen\/","title":{"rendered":"Personalisierte Unendlichkeitslampe mit Namen"},"content":{"rendered":"<p>Emotionalisiere mit dieser <strong>personalisierten Lampe<\/strong>, mit der du deiner <strong>Partnerin\/deinem Partner<\/strong> oder einer anderen besonderen Person deine ganze Liebe zeigen kannst. Sie ist perfekt als <strong>Geschenk zum Valentinstag, zum Jahrestag, zum Geburtstag<\/strong> oder sogar zu Weihnachten. Wie auch immer \u2013 du liegst garantiert richtig!<\/p>\n<p>Diese Leuchtplatte ist vollst\u00e4ndig personalisierbar. Du musst nur <strong>eure Namen eingeben<\/strong>, damit sie in das sch\u00f6ne <strong>Unendlichkeits-Design<\/strong> graviert werden. So k\u00f6nnt ihr die romantischste Erinnerung schaffen. Das Ergebnis wird ihr\/ihm gefallen!<\/p>\n<p>Die Platte der Lampe ist aus <strong>hochwertigem Methacrylat<\/strong> gefertigt, was ihr Widerstandsf\u00e4higkeit und Langlebigkeit verleiht. Du hast die M\u00f6glichkeit zu w\u00e4hlen, ob die Platte auf einem <strong>Holzsockel<\/strong> stehen oder in einem <strong>Rahmen<\/strong> aus Holz eingefasst sein soll. Falls du den Sockel w\u00e4hlst, kannst du gegen einen kleinen Aufpreis eine <strong>zus\u00e4tzliche Botschaft<\/strong> eingravieren lassen. Die geliebte Person kann die Lampe auf jede beliebige Oberfl\u00e4che stellen, um den Raum <strong>zu dekorieren und zu beleuchten<\/strong>, dank ihres LED-Lichts, das mit einem <strong>Ein-\/Ausschalter<\/strong> bedient wird.<\/p>\n<p>Verzichte nicht auf das beste Geschenk, um deine Partnerin\/deinen Partner oder einen geliebten Menschen gl\u00fccklich zu machen. Personalisiere die Lampe nach ihrem\/seinem Geschmack und lass sie\/ihn diese auf ein <strong>Regal<\/strong>, ihren\/seinen <strong>Nachttisch<\/strong> oder an jeden beliebigen Ort stellen. So l\u00e4sst du diese Person sich als die gl\u00fccklichste f\u00fchlen!<\/p>\n<p><strong>Eigenschaften:<\/strong><\/p>\n<ul>\n<li>Gr\u00f6\u00dfe:\n<ul>\n<li>Mit Sockel: 14,5 x 9 x4,5 cm<\/li>\n<li>Mit Rahmen: 21 x 17 cm<\/li>\n<\/ul>\n<\/li>\n<li>Material:\n<ul>\n<li>Platte: Hochwertiges Methacrylat.<\/li>\n<li>Sockel: Hochwertiges Holz.<\/li>\n<\/ul>\n<\/li>\n<li>Enth\u00e4lt: Warmes LED-Licht. USB-Kabel. Verpackung mit Geschenkbox.<\/li>\n<li>Pflege: L\u00e4sst sich ganz einfach mit dem beiliegenden Tuch reinigen.<\/li>\n<\/ul>\n","protected":false},"excerpt":{"rendered":"<p>Emotionalisiere mit dieser personalisierten Lampe, mit der du deiner Partnerin\/deinem Partner oder e [&#8230;]<\/p>\n","protected":false},"featured_media":495793,"comment_status":"open","ping_status":"closed","template":"","meta":{"_acf_changed":false},"product_brand":[],"product_cat":[1781],"product_tag":[1777],"class_list":{"0":"post-496159","1":"product","2":"type-product","3":"status-publish","4":"has-post-thumbnail","6":"product_cat-personalisierte-lampen","7":"product_tag-paare","9":"first","10":"instock","11":"sale","12":"taxable","13":"shipping-taxable","14":"purchasable","15":"product-type-simple"},"acf":[],"df_price":20.99,"df_sale_price":20.99,"df_regular_price":34.99,"df_image_link":"https:\/\/transparentgift.com\/de\/wp-content\/uploads\/2025\/11\/CAT.-LAMPARA-infinito-corazon-1-300x300.jpg","_links":{"self":[{"href":"https:\/\/transparentgift.com\/de\/wp-json\/wp\/v2\/product\/496159","targetHints":{"allow":["GET"]}}],"collection":[{"href":"https:\/\/transparentgift.com\/de\/wp-json\/wp\/v2\/product"}],"about":[{"href":"https:\/\/transparentgift.com\/de\/wp-json\/wp\/v2\/types\/product"}],"replies":[{"embeddable":true,"href":"https:\/\/transparentgift.com\/de\/wp-json\/wp\/v2\/comments?post=496159"}],"wp:featuredmedia":[{"embeddable":true,"href":"https:\/\/transparentgift.com\/de\/wp-json\/wp\/v2\/media\/495793"}],"wp:attachment":[{"href":"https:\/\/transparentgift.com\/de\/wp-json\/wp\/v2\/media?parent=496159"}],"wp:term":[{"taxonomy":"product_brand","embeddable":true,"href":"https:\/\/transparentgift.com\/de\/wp-json\/wp\/v2\/product_brand?post=496159"},{"taxonomy":"product_cat","embeddable":true,"href":"https:\/\/transparentgift.com\/de\/wp-json\/wp\/v2\/product_cat?post=496159"},{"taxonomy":"product_tag","embeddable":true,"href":"https:\/\/transparentgift.com\/de\/wp-json\/wp\/v2\/product_tag?post=496159"}],"curies":[{"name":"wp","href":"https:\/\/api.w.org\/{rel}","templated":true}]}}