{"id":496160,"date":"2025-11-20T18:12:57","date_gmt":"2025-11-20T17:12:57","guid":{"rendered":"https:\/\/transparentgift.com\/de\/personalisierte-netflix-plakette\/"},"modified":"2025-11-21T11:27:43","modified_gmt":"2025-11-21T10:27:43","slug":"personalisierte-netflix-plakette","status":"publish","type":"product","link":"https:\/\/transparentgift.com\/de\/personalisierte-netflix-plakette\/","title":{"rendered":"Personalisierte Netflix-Plakette"},"content":{"rendered":"<p><strong>Die personalisierte Netflix-Plakette ist das perfekte Geschenk f\u00fcr die Filmfans in deinem Leben<\/strong>. Verwandle deine besonderen Momente in ein einzigartiges Cover im Netflix-Stil.<\/p>\n<p>Mit einem vollst\u00e4ndig personalisierbaren Design erm\u00f6glicht dir diese Plakette, deine Gef\u00fchle auf originelle und emotionale Weise auszudr\u00fccken. Ideal, um zu jedem Anlass zu \u00fcberraschen.<\/p>\n<p>Dieses Produkt ist f\u00fcr Liebhaber von Filmen und Serien gedacht und eignet sich perfekt als Geschenk zu Geburtstagen, Jahrestagen, zum Vatertag oder Muttertag und sogar zu Weihnachten. Personalisiere jedes Detail mit einem Titel, Untertitel, einer Beschreibung und vier Fotos, die eure sch\u00f6nsten gemeinsamen Momente widerspiegeln.<\/p>\n<h4><strong>Merkmale:<\/strong><\/h4>\n<ul>\n<li>Gr\u00f6\u00dfe: 29,7 x 21 cm<\/li>\n<li>Material: Hochwertiges Methacrylat.<\/li>\n<li>Enth\u00e4lt: Verpackung mit Geschenkbox.<\/li>\n<li>Pflege: L\u00e4sst sich ganz einfach mit einem trockenen Tuch reinigen.<\/li>\n<\/ul>\n","protected":false},"excerpt":{"rendered":"<p>Die personalisierte Netflix-Plakette ist das perfekte Geschenk f\u00fcr die Filmfans in deinem Leben. Ve [&#8230;]<\/p>\n","protected":false},"featured_media":495594,"comment_status":"open","ping_status":"closed","template":"","meta":{"_acf_changed":false},"product_brand":[],"product_cat":[1775],"product_tag":[1779,1776,1777,1780],"class_list":{"0":"post-496160","1":"product","2":"type-product","3":"status-publish","4":"has-post-thumbnail","6":"product_cat-personalisierte-fotos-auf-acrylglas","7":"product_tag-frauen","8":"product_tag-generisch","9":"product_tag-paare","10":"product_tag-vaeter","12":"first","13":"instock","14":"sale","15":"taxable","16":"shipping-taxable","17":"purchasable","18":"product-type-simple"},"acf":[],"df_price":24.99,"df_sale_price":24.99,"df_regular_price":29.99,"df_image_link":"https:\/\/transparentgift.com\/de\/wp-content\/uploads\/2025\/11\/placa-netflix_1-300x300.jpg","_links":{"self":[{"href":"https:\/\/transparentgift.com\/de\/wp-json\/wp\/v2\/product\/496160","targetHints":{"allow":["GET"]}}],"collection":[{"href":"https:\/\/transparentgift.com\/de\/wp-json\/wp\/v2\/product"}],"about":[{"href":"https:\/\/transparentgift.com\/de\/wp-json\/wp\/v2\/types\/product"}],"replies":[{"embeddable":true,"href":"https:\/\/transparentgift.com\/de\/wp-json\/wp\/v2\/comments?post=496160"}],"wp:featuredmedia":[{"embeddable":true,"href":"https:\/\/transparentgift.com\/de\/wp-json\/wp\/v2\/media\/495594"}],"wp:attachment":[{"href":"https:\/\/transparentgift.com\/de\/wp-json\/wp\/v2\/media?parent=496160"}],"wp:term":[{"taxonomy":"product_brand","embeddable":true,"href":"https:\/\/transparentgift.com\/de\/wp-json\/wp\/v2\/product_brand?post=496160"},{"taxonomy":"product_cat","embeddable":true,"href":"https:\/\/transparentgift.com\/de\/wp-json\/wp\/v2\/product_cat?post=496160"},{"taxonomy":"product_tag","embeddable":true,"href":"https:\/\/transparentgift.com\/de\/wp-json\/wp\/v2\/product_tag?post=496160"}],"curies":[{"name":"wp","href":"https:\/\/api.w.org\/{rel}","templated":true}]}}