{"id":496169,"date":"2025-11-20T18:13:15","date_gmt":"2025-11-20T17:13:15","guid":{"rendered":"https:\/\/transparentgift.com\/de\/personalisierter-foto-schluesselanhaenger-mit-kalender\/"},"modified":"2025-11-21T11:28:23","modified_gmt":"2025-11-21T10:28:23","slug":"personalisierter-foto-schluesselanhaenger-mit-kalender","status":"publish","type":"product","link":"https:\/\/transparentgift.com\/de\/personalisierter-foto-schluesselanhaenger-mit-kalender\/","title":{"rendered":"Personalisierter Foto-Schl\u00fcsselanh\u00e4nger mit Kalender"},"content":{"rendered":"<p>Verschenke einen <strong>personalisierten Schl\u00fcsselanh\u00e4nger mit Kalenderdesign<\/strong> an diesen ganz besonderen Menschen. Er ist perfekt zum Verschenken an <strong>Familienmitglieder, Freunde und Partner<\/strong> zu einem besonderen Anlass: <strong>Geburtstag, Weihnachten, Jahrestag, Vatertag oder Muttertag, Valentinstag<\/strong> usw. Ganz gleich, wann \u2013 er wird diesen geliebten Menschen ber\u00fchren!<\/p>\n<p>Und er ist sehr einfach zu personalisieren! Zuerst musst du <strong>ein Foto hochladen<\/strong>, das einen unvergesslichen Moment festh\u00e4lt, und danach musst du nur noch <strong>ein besonderes Datum hinzuf\u00fcgen<\/strong>, damit es im Kalender erscheint. Daf\u00fcr musst du <strong>den Monat und den Tag ausw\u00e4hlen<\/strong>. Das Ergebnis wird so originell sein, dass diese Person den Schl\u00fcsselanh\u00e4nger nicht mehr aus der Hand geben m\u00f6chte!<\/p>\n<p>Er wird aus <strong>hochwertigem Methacrylat<\/strong> hergestellt, was ihm Widerstandsf\u00e4higkeit und Langlebigkeit verleiht. Au\u00dferdem <strong>enth\u00e4lt er eine Metallkette<\/strong> mit silberfarbenem Finish, damit du den Schl\u00fcsselanh\u00e4nger bequem an Schl\u00fcsseln, einer Tasche, einem Rucksack oder wo du m\u00f6chtest befestigen kannst.<\/p>\n<p>Es ist das beste Geschenk, um all deine Zuneigung zu diesem besonderen Menschen zu zeigen. Worauf wartest du noch, um die emotionalste Erinnerung zu gestalten?<\/p>\n<p><strong>Eigenschaften:<\/strong><\/p>\n<ul>\n<li>Gr\u00f6\u00dfe: 6,5 \u00d7 4,5 cm<\/li>\n<li>Material: Hochwertiges Methacrylat.<\/li>\n<li>Enth\u00e4lt: Metallkette mit silberfarbenem Finish. Premium-Verpackung, perfekt zum Verschenken.<\/li>\n<\/ul>\n","protected":false},"excerpt":{"rendered":"<p>Verschenke einen personalisierten Schl\u00fcsselanh\u00e4nger mit Kalenderdesign an diesen ganz besonderen M [&#8230;]<\/p>\n","protected":false},"featured_media":495847,"comment_status":"open","ping_status":"closed","template":"","meta":{"_acf_changed":false},"product_brand":[],"product_cat":[1778],"product_tag":[1777],"ai-category":[1860],"class_list":{"0":"post-496169","1":"product","2":"type-product","3":"status-publish","4":"has-post-thumbnail","6":"product_cat-personalisierte-schluesselanhaenger","7":"product_tag-paare","8":"ai-category-llaveros-personalizados","10":"first","11":"instock","12":"taxable","13":"shipping-taxable","14":"purchasable","15":"product-type-simple"},"acf":[],"df_price":15.99,"df_sale_price":"","df_regular_price":15.99,"df_image_link":"https:\/\/transparentgift.com\/de\/wp-content\/uploads\/2025\/11\/Llavero-calendario_1-300x300.jpg","_links":{"self":[{"href":"https:\/\/transparentgift.com\/de\/wp-json\/wp\/v2\/product\/496169","targetHints":{"allow":["GET"]}}],"collection":[{"href":"https:\/\/transparentgift.com\/de\/wp-json\/wp\/v2\/product"}],"about":[{"href":"https:\/\/transparentgift.com\/de\/wp-json\/wp\/v2\/types\/product"}],"replies":[{"embeddable":true,"href":"https:\/\/transparentgift.com\/de\/wp-json\/wp\/v2\/comments?post=496169"}],"wp:featuredmedia":[{"embeddable":true,"href":"https:\/\/transparentgift.com\/de\/wp-json\/wp\/v2\/media\/495847"}],"wp:attachment":[{"href":"https:\/\/transparentgift.com\/de\/wp-json\/wp\/v2\/media?parent=496169"}],"wp:term":[{"taxonomy":"product_brand","embeddable":true,"href":"https:\/\/transparentgift.com\/de\/wp-json\/wp\/v2\/product_brand?post=496169"},{"taxonomy":"product_cat","embeddable":true,"href":"https:\/\/transparentgift.com\/de\/wp-json\/wp\/v2\/product_cat?post=496169"},{"taxonomy":"product_tag","embeddable":true,"href":"https:\/\/transparentgift.com\/de\/wp-json\/wp\/v2\/product_tag?post=496169"},{"taxonomy":"ai-category","embeddable":true,"href":"https:\/\/transparentgift.com\/de\/wp-json\/wp\/v2\/ai-category?post=496169"}],"curies":[{"name":"wp","href":"https:\/\/api.w.org\/{rel}","templated":true}]}}