{"id":496170,"date":"2025-11-20T18:13:17","date_gmt":"2025-11-20T17:13:17","guid":{"rendered":"https:\/\/transparentgift.com\/de\/personalisierter-schluesselanhaenger-mit-foto-und-spruch\/"},"modified":"2025-11-21T11:28:28","modified_gmt":"2025-11-21T10:28:28","slug":"personalisierter-schluesselanhaenger-mit-foto-und-spruch","status":"publish","type":"product","link":"https:\/\/transparentgift.com\/de\/personalisierter-schluesselanhaenger-mit-foto-und-spruch\/","title":{"rendered":"Personalisierter Schl\u00fcsselanh\u00e4nger mit Foto und Spruch"},"content":{"rendered":"<p>Schenke einer ganz besonderen Person einen <strong>personalisierten Schl\u00fcsselanh\u00e4nger mit Foto<\/strong> <strong>und Spruch<\/strong>. Er ist das perfekte Geschenk f\u00fcr <strong>Familienmitglieder, Freunde und den Partner\/die Partnerin<\/strong> zu besonderen Anl\u00e4ssen wie <strong>Geburtstag, Weihnachten, Jahrestag, Vatertag oder Muttertag, Valentinstag<\/strong> usw. Ganz gleich, wann du ihn verschenkst \u2013 er wird diese geliebte Person ber\u00fchren!<\/p>\n<p>Personalisiere deinen Schl\u00fcsselanh\u00e4nger, indem du <strong>ein Foto ausw\u00e4hlst<\/strong>, das einen unvergesslichen Moment festh\u00e4lt, und <strong>einen einzigartigen Spruch hinzuf\u00fcgst<\/strong>, der ihn begleitet. Das Ergebnis wird so originell sein, dass die beschenkte Person ihren Schl\u00fcsselanh\u00e4nger nicht mehr hergeben m\u00f6chte!<\/p>\n<p>Der Anh\u00e4nger wird aus <strong>hochwertigem Acrylglas<\/strong> gefertigt, was ihm Widerstandsf\u00e4higkeit und Langlebigkeit verleiht. Au\u00dferdem <strong>ist eine Metallkette<\/strong> mit silberfarbenem Finish enthalten, damit du den Schl\u00fcsselanh\u00e4nger bequem an Schl\u00fcsseln, einer Tasche, einem Rucksack oder wo immer du m\u00f6chtest befestigen kannst.<\/p>\n<p>Es ist das ideale Geschenk, um all deine Zuneigung zu dieser besonderen Person zu zeigen. Worauf wartest du noch, um die emotionalste Erinnerung zu schaffen?<\/p>\n<p><strong>Eigenschaften:<\/strong><\/p>\n<ul>\n<li>Gr\u00f6\u00dfe: 6,5 \u00d7 4,5 cm<\/li>\n<li>Material: Hochwertiges Acrylglas.<\/li>\n<li>Enth\u00e4lt: Metallkette mit silberfarbenem Finish. Premium-Verpackung, perfekt zum Verschenken.<\/li>\n<\/ul>\n","protected":false},"excerpt":{"rendered":"<p>Schenke einer ganz besonderen Person einen personalisierten Schl\u00fcsselanh\u00e4nger mit Foto und Spruch. [&#8230;]<\/p>\n","protected":false},"featured_media":495830,"comment_status":"open","ping_status":"closed","template":"","meta":{"_acf_changed":false},"product_brand":[],"product_cat":[1778],"product_tag":[1777],"class_list":{"0":"post-496170","1":"product","2":"type-product","3":"status-publish","4":"has-post-thumbnail","6":"product_cat-personalisierte-schluesselanhaenger","7":"product_tag-paare","9":"first","10":"instock","11":"taxable","12":"shipping-taxable","13":"purchasable","14":"product-type-simple"},"acf":[],"df_price":15.99,"df_sale_price":"","df_regular_price":15.99,"df_image_link":"https:\/\/transparentgift.com\/de\/wp-content\/uploads\/2025\/11\/Llavero-con-foto_1-300x300.jpg","_links":{"self":[{"href":"https:\/\/transparentgift.com\/de\/wp-json\/wp\/v2\/product\/496170","targetHints":{"allow":["GET"]}}],"collection":[{"href":"https:\/\/transparentgift.com\/de\/wp-json\/wp\/v2\/product"}],"about":[{"href":"https:\/\/transparentgift.com\/de\/wp-json\/wp\/v2\/types\/product"}],"replies":[{"embeddable":true,"href":"https:\/\/transparentgift.com\/de\/wp-json\/wp\/v2\/comments?post=496170"}],"wp:featuredmedia":[{"embeddable":true,"href":"https:\/\/transparentgift.com\/de\/wp-json\/wp\/v2\/media\/495830"}],"wp:attachment":[{"href":"https:\/\/transparentgift.com\/de\/wp-json\/wp\/v2\/media?parent=496170"}],"wp:term":[{"taxonomy":"product_brand","embeddable":true,"href":"https:\/\/transparentgift.com\/de\/wp-json\/wp\/v2\/product_brand?post=496170"},{"taxonomy":"product_cat","embeddable":true,"href":"https:\/\/transparentgift.com\/de\/wp-json\/wp\/v2\/product_cat?post=496170"},{"taxonomy":"product_tag","embeddable":true,"href":"https:\/\/transparentgift.com\/de\/wp-json\/wp\/v2\/product_tag?post=496170"}],"curies":[{"name":"wp","href":"https:\/\/api.w.org\/{rel}","templated":true}]}}