{"id":496171,"date":"2025-11-20T18:13:18","date_gmt":"2025-11-20T17:13:18","guid":{"rendered":"https:\/\/transparentgift.com\/de\/reisetafel-mit-stift-und-personalisierten-texten\/"},"modified":"2025-12-15T15:52:19","modified_gmt":"2025-12-15T14:52:19","slug":"reisetafel-mit-stift-und-personalisierten-texten","status":"publish","type":"product","link":"https:\/\/transparentgift.com\/de\/reisetafel-mit-stift-und-personalisierten-texten\/","title":{"rendered":"Reisetafel mit Stift und personalisierten Texten"},"content":{"rendered":"<p>\u00dcberrasche mit dieser <strong>personalisierten Tafel<\/strong> f\u00fcr alle, die das Reisen lieben. Sie ist mit einer <strong>gro\u00dfen Weltkarte gestaltet, die in die Metacrylatplatte graviert ist<\/strong>. Sie wird zum originellsten Geschenk, das du deinen <strong>reisefreudigsten Freunden, deinem Partner oder deiner Familie<\/strong> machen kannst. Sie ist auch ein perfektes Detail als <strong>Hochzeitsgeschenk<\/strong> f\u00fcr dieses ganz besondere Brautpaar.<\/p>\n<p>Du hast die M\u00f6glichkeit, das Geschenk mit den <strong>emotionalsten Texten<\/strong> zu personalisieren, die oberhalb und unterhalb der Karte graviert werden, um das Design zu vervollst\u00e4ndigen. Jedes Mal, wenn diese besondere Person oder dieses Paar eine Reise macht, kann sie oder er <strong>das besuchte Land markieren<\/strong> dank des <strong>roten Stifts<\/strong>, der als Extra enthalten ist. Lass deinen Lieblingsmenschen die Tafel auf seinem <strong>Schreibtisch, Nachttisch oder Regal<\/strong> aufstellen, wo er seine bereisten Ziele voller Vorfreude betrachten kann.<\/p>\n<p>Es ist ein <strong>personalisiertes Geschenk<\/strong>, daher kannst du das endg\u00fcltige Finish w\u00e4hlen: ob du nur die Tafel m\u00f6chtest, ob sie mit einem <strong>Metacrylatfu\u00df<\/strong> stehen soll oder ob sie in einem sch\u00f6nen <strong>schwarzen Rahmen<\/strong> eingefasst wird. \u00dcberrasche deine Liebsten mit einem besonderen Geschenk und einer besonders herzlichen Erinnerung!<\/p>\n<p><strong>Eigenschaften:<\/strong><\/p>\n<ul>\n<li>Gr\u00f6\u00dfe: 29,7 x 21 cm<\/li>\n<li>Material: Hochwertiges Metacrylat.<\/li>\n<li>Enth\u00e4lt: Roten Stift zum Markieren der besuchten L\u00e4nder. Verpackung mit Geschenkschachtel.<\/li>\n<li>Extras: Glasfu\u00df, Holzfu\u00df oder Holzrahmen.<\/li>\n<li>Pflege: L\u00e4sst sich ganz einfach mit einem trockenen Tuch reinigen.<\/li>\n<\/ul>\n","protected":false},"excerpt":{"rendered":"<p>\u00dcberrasche mit dieser personalisierten Tafel f\u00fcr alle, die das Reisen lieben. Sie ist mit einer gr [&#8230;]<\/p>\n","protected":false},"featured_media":495590,"comment_status":"open","ping_status":"closed","template":"","meta":{"_acf_changed":false},"product_brand":[],"product_cat":[1775],"product_tag":[1776,1777],"class_list":{"0":"post-496171","1":"product","2":"type-product","3":"status-publish","4":"has-post-thumbnail","6":"product_cat-personalisierte-fotos-auf-acrylglas","7":"product_tag-generisch","8":"product_tag-paare","10":"first","11":"instock","12":"sale","13":"taxable","14":"shipping-taxable","15":"purchasable","16":"product-type-simple"},"acf":[],"df_price":24.99,"df_sale_price":24.99,"df_regular_price":29.99,"df_image_link":"https:\/\/transparentgift.com\/de\/wp-content\/uploads\/2025\/11\/placa-VIAJEROS_1_ALEMANIA-300x300.jpg","_links":{"self":[{"href":"https:\/\/transparentgift.com\/de\/wp-json\/wp\/v2\/product\/496171","targetHints":{"allow":["GET"]}}],"collection":[{"href":"https:\/\/transparentgift.com\/de\/wp-json\/wp\/v2\/product"}],"about":[{"href":"https:\/\/transparentgift.com\/de\/wp-json\/wp\/v2\/types\/product"}],"replies":[{"embeddable":true,"href":"https:\/\/transparentgift.com\/de\/wp-json\/wp\/v2\/comments?post=496171"}],"wp:featuredmedia":[{"embeddable":true,"href":"https:\/\/transparentgift.com\/de\/wp-json\/wp\/v2\/media\/495590"}],"wp:attachment":[{"href":"https:\/\/transparentgift.com\/de\/wp-json\/wp\/v2\/media?parent=496171"}],"wp:term":[{"taxonomy":"product_brand","embeddable":true,"href":"https:\/\/transparentgift.com\/de\/wp-json\/wp\/v2\/product_brand?post=496171"},{"taxonomy":"product_cat","embeddable":true,"href":"https:\/\/transparentgift.com\/de\/wp-json\/wp\/v2\/product_cat?post=496171"},{"taxonomy":"product_tag","embeddable":true,"href":"https:\/\/transparentgift.com\/de\/wp-json\/wp\/v2\/product_tag?post=496171"}],"curies":[{"name":"wp","href":"https:\/\/api.w.org\/{rel}","templated":true}]}}