{"id":496172,"date":"2025-11-20T18:13:20","date_gmt":"2025-11-20T17:13:20","guid":{"rendered":"https:\/\/transparentgift.com\/de\/personalisierte-hollywood-stern-plakette-mit-text\/"},"modified":"2025-11-21T11:28:36","modified_gmt":"2025-11-21T10:28:36","slug":"personalisierte-hollywood-stern-plakette-mit-text","status":"publish","type":"product","link":"https:\/\/transparentgift.com\/de\/personalisierte-hollywood-stern-plakette-mit-text\/","title":{"rendered":"Personalisierte Hollywood-Stern-Plakette mit Text"},"content":{"rendered":"<p>\u00dcberrasche diese besondere Person mit dieser <strong>personalisierbaren Hollywood-Stern-Plakette<\/strong> mit einer Widmung, die in das Acryl eingraviert ist. Es ist das originellste Geschenk, das du einem <strong>Kollegen, der in den Ruhestand geht oder das Unternehmen verl\u00e4sst<\/strong>, einem Familienmitglied zum Geburtstag oder deinem besten Freund machen kannst. Sie kann eine Erinnerung an eine ganze Laufbahn, eine Karriere oder an die Feier eines besonderen Erfolgs sein.<\/p>\n<p>Sie hat ein sehr elegantes Design mit einem gro\u00dfen Stern des Ruhms, in den du <strong>seinen Namen<\/strong> einsetzen kannst, darunter den <strong>Satz oder die Widmung<\/strong>, die ihn am besten beschreibt, und das Ganze mit einem <strong>besonderen Datum<\/strong> vervollst\u00e4ndigen kannst. Du musst nur die erforderlichen Felder ausf\u00fcllen und wir k\u00fcmmern uns darum, dass das Ergebnis beeindruckt.<\/p>\n<p>Sie ist aus <strong>hochwertigem Acryl<\/strong> gefertigt, was ihr Widerstandsf\u00e4higkeit und Langlebigkeit verleiht. Au\u00dferdem kannst du das Zubeh\u00f6r w\u00e4hlen, das dir am besten gef\u00e4llt: einen <strong>Acrylsockel<\/strong>, um die Plakette aufzustellen, oder einen <strong>schwarzen Holzrahmen<\/strong>, um sie zu rahmen. So kann die beschenkte Person die Platte auf dem <strong>Schreibtisch im B\u00fcro, auf ihrem Arbeitstisch oder in einem Regal<\/strong> aufstellen.<\/p>\n<p>Worauf wartest du noch, um das beste der <strong>personalisierten Geschenke<\/strong> zu bestellen? Begeistere deinen Kollegen, Partner, Verwandten oder Freund\/Freundin mit einer Erinnerung, die deinen Stolz auf diese Person widerspiegelt!<\/p>\n<p><strong>Merkmale:<\/strong><\/p>\n<ul>\n<li>Gr\u00f6\u00dfe: 29,7 x 21 cm<\/li>\n<li>Material: Hochwertiges Acryl.<\/li>\n<li>Inklusive: Verpackung mit Geschenkbox.<\/li>\n<li>Extras: Glassockel, Holzsockel oder Holzrahmen.<\/li>\n<li>Pflege: L\u00e4sst sich ganz einfach mit einem trockenen Tuch reinigen.<\/li>\n<\/ul>\n","protected":false},"excerpt":{"rendered":"<p>\u00dcberrasche diese besondere Person mit dieser personalisierbaren Hollywood-Stern-Plakette mit einer  [&#8230;]<\/p>\n","protected":false},"featured_media":495619,"comment_status":"open","ping_status":"closed","template":"","meta":{"_acf_changed":false},"product_brand":[],"product_cat":[1775],"product_tag":[1776,1777],"class_list":{"0":"post-496172","1":"product","2":"type-product","3":"status-publish","4":"has-post-thumbnail","6":"product_cat-personalisierte-fotos-auf-acrylglas","7":"product_tag-generisch","8":"product_tag-paare","10":"first","11":"instock","12":"sale","13":"taxable","14":"shipping-taxable","15":"purchasable","16":"product-type-simple"},"acf":[],"df_price":24.99,"df_sale_price":24.99,"df_regular_price":29.99,"df_image_link":"https:\/\/transparentgift.com\/de\/wp-content\/uploads\/2025\/11\/Placa-hollywood_1_alemania-300x300.jpg","_links":{"self":[{"href":"https:\/\/transparentgift.com\/de\/wp-json\/wp\/v2\/product\/496172","targetHints":{"allow":["GET"]}}],"collection":[{"href":"https:\/\/transparentgift.com\/de\/wp-json\/wp\/v2\/product"}],"about":[{"href":"https:\/\/transparentgift.com\/de\/wp-json\/wp\/v2\/types\/product"}],"replies":[{"embeddable":true,"href":"https:\/\/transparentgift.com\/de\/wp-json\/wp\/v2\/comments?post=496172"}],"wp:featuredmedia":[{"embeddable":true,"href":"https:\/\/transparentgift.com\/de\/wp-json\/wp\/v2\/media\/495619"}],"wp:attachment":[{"href":"https:\/\/transparentgift.com\/de\/wp-json\/wp\/v2\/media?parent=496172"}],"wp:term":[{"taxonomy":"product_brand","embeddable":true,"href":"https:\/\/transparentgift.com\/de\/wp-json\/wp\/v2\/product_brand?post=496172"},{"taxonomy":"product_cat","embeddable":true,"href":"https:\/\/transparentgift.com\/de\/wp-json\/wp\/v2\/product_cat?post=496172"},{"taxonomy":"product_tag","embeddable":true,"href":"https:\/\/transparentgift.com\/de\/wp-json\/wp\/v2\/product_tag?post=496172"}],"curies":[{"name":"wp","href":"https:\/\/api.w.org\/{rel}","templated":true}]}}