{"id":496173,"date":"2025-11-20T18:13:21","date_gmt":"2025-11-20T17:13:21","guid":{"rendered":"https:\/\/transparentgift.com\/de\/personalisierte-fotofilm-platte\/"},"modified":"2026-05-14T15:53:17","modified_gmt":"2026-05-14T13:53:17","slug":"personalisierte-filmstreifen-platte-mit-fotos","status":"publish","type":"product","link":"https:\/\/transparentgift.com\/de\/personalisierte-filmstreifen-platte-mit-fotos\/","title":{"rendered":"Personalisierte Filmstreifen-Platte mit Fotos"},"content":{"rendered":"<p><strong>Verewige deine wertvollsten Erinnerungen mit unserer personalisierten Fotofilm-Platte<\/strong>. Ein einzigartiges Detail, das Nostalgie und Modernit\u00e4t vereint.<\/p>\n<p>Mit einem Vintage-Design in Form eines Fotonegativs f\u00e4ngt diese Acrylglasplatte besondere Momente f\u00fcr immer ein. Ideal, um bei besonderen Anl\u00e4ssen zu \u00fcberraschen, ist sie das perfekte Geschenk zu Jahrestagen, Geburtstagen oder zum Valentinstag.<\/p>\n<p>Gedacht f\u00fcr alle, die Liebe und Wertsch\u00e4tzung auf kreative Weise ausdr\u00fccken m\u00f6chten, ist dieses Produkt ideal f\u00fcr Paare, Familienmitglieder und Freunde. Platziere deine Lieblingsfotos und verwandle sie in ein Kunstwerk, das jeden Raum versch\u00f6nert \u2013 vom B\u00fcro bis zum Wohnzimmer.<\/p>\n<h4><strong>Merkmale:<\/strong><\/h4>\n<ul>\n<li>Gr\u00f6\u00dfe:\n<ul>\n<li>3 Fotos: 15 x 9,7 cm<\/li>\n<li>4 Fotos: 20 x 9,7 cm<\/li>\n<\/ul>\n<\/li>\n<li>Material: Hochwertiges Acrylglas.<\/li>\n<li>Inklusive: Verpackung mit Geschenkbox.<\/li>\n<li>Pflege: L\u00e4sst sich einfach mit einem trockenen Tuch reinigen.<\/li>\n<\/ul>\n","protected":false},"excerpt":{"rendered":"<p>Verewige deine wertvollsten Erinnerungen mit unserer personalisierten Fotofilm-Platte. Ein einzigart [&#8230;]<\/p>\n","protected":false},"featured_media":495624,"comment_status":"open","ping_status":"closed","template":"","meta":{"_acf_changed":false},"product_brand":[],"product_cat":[1775],"product_tag":[1779,1776,1777,1780],"class_list":{"0":"post-496173","1":"product","2":"type-product","3":"status-publish","4":"has-post-thumbnail","6":"product_cat-personalisierte-fotos-auf-acrylglas","7":"product_tag-frauen","8":"product_tag-generisch","9":"product_tag-paare","10":"product_tag-vaeter","12":"first","13":"instock","14":"taxable","15":"shipping-taxable","16":"purchasable","17":"product-type-simple"},"acf":[],"df_price":17.99,"df_sale_price":"","df_regular_price":17.99,"df_image_link":"https:\/\/transparentgift.com\/de\/wp-content\/uploads\/2025\/11\/pla-carrete-1-300x300.jpg","_links":{"self":[{"href":"https:\/\/transparentgift.com\/de\/wp-json\/wp\/v2\/product\/496173","targetHints":{"allow":["GET"]}}],"collection":[{"href":"https:\/\/transparentgift.com\/de\/wp-json\/wp\/v2\/product"}],"about":[{"href":"https:\/\/transparentgift.com\/de\/wp-json\/wp\/v2\/types\/product"}],"replies":[{"embeddable":true,"href":"https:\/\/transparentgift.com\/de\/wp-json\/wp\/v2\/comments?post=496173"}],"wp:featuredmedia":[{"embeddable":true,"href":"https:\/\/transparentgift.com\/de\/wp-json\/wp\/v2\/media\/495624"}],"wp:attachment":[{"href":"https:\/\/transparentgift.com\/de\/wp-json\/wp\/v2\/media?parent=496173"}],"wp:term":[{"taxonomy":"product_brand","embeddable":true,"href":"https:\/\/transparentgift.com\/de\/wp-json\/wp\/v2\/product_brand?post=496173"},{"taxonomy":"product_cat","embeddable":true,"href":"https:\/\/transparentgift.com\/de\/wp-json\/wp\/v2\/product_cat?post=496173"},{"taxonomy":"product_tag","embeddable":true,"href":"https:\/\/transparentgift.com\/de\/wp-json\/wp\/v2\/product_tag?post=496173"}],"curies":[{"name":"wp","href":"https:\/\/api.w.org\/{rel}","templated":true}]}}