{"id":496174,"date":"2025-11-20T18:13:23","date_gmt":"2025-11-20T17:13:23","guid":{"rendered":"https:\/\/transparentgift.com\/de\/weihnachtsfussmatte-schneemann-mit-personalisierten-namen\/"},"modified":"2025-11-21T11:28:45","modified_gmt":"2025-11-21T10:28:45","slug":"weihnachtsfussmatte-schneemann-mit-personalisierten-namen","status":"publish","type":"product","link":"https:\/\/transparentgift.com\/de\/weihnachtsfussmatte-schneemann-mit-personalisierten-namen\/","title":{"rendered":"Weihnachtsfu\u00dfmatte Schneemann mit personalisierten Namen"},"content":{"rendered":"<p>Hol dir die <strong>weihnachtlichste Fu\u00dfmatte<\/strong> f\u00fcr diese Festtage! Gestalte den <strong>Eingangsbereich deines Zuhauses<\/strong> mit der originellsten Matte im <strong>Schneemann-Familiendesign<\/strong>. Diese Kokosfaser-Fu\u00dfmatte ist vollst\u00e4ndig personalisierbar. Du kannst die Namen eintragen und f\u00fcr jeden Schneemann ein Motiv ausw\u00e4hlen, die neben dem Satz \u201eWir w\u00fcnschen dir frohe Weihnachten\u201c erscheinen.<\/p>\n<p>Dieses Modell ist aus <strong>hochwertiger Kokosfaser<\/strong> gefertigt, um eine lange Lebensdauer zu gew\u00e4hrleisten. Au\u00dferdem verf\u00fcgt es \u00fcber eine <strong>rutschfeste Unterseite<\/strong>, die ein Verrutschen verhindert und f\u00fcr guten Halt auf dem Boden sorgt. Du kannst sie mit einem Staubsauger reinigen, um Staub zu entfernen.<\/p>\n<p>Die Fu\u00dfmatte ist das Accessoire, das du brauchst, um <strong>Schmutz und Feuchtigkeit von den Schuhen<\/strong> aufzunehmen, bevor du das Haus betrittst. So vermeidest du Ausrutscher und h\u00e4ltst dein Zuhause sauber. Du kannst sie vor die T\u00fcr oder in einen Durchgangsbereich im Innenraum legen.<\/p>\n<p>Wie personalisiere ich sie? Du musst nur <strong>die Anzahl der Schneem\u00e4nner ausw\u00e4hlen, das Design<\/strong> f\u00fcr jeden einzelnen aus den verf\u00fcgbaren Motiven bestimmen und <strong>den Namen<\/strong> jedes Schneemanns eintragen. Das Design dieser personalisierten Fu\u00dfmatte wird auf die Spitzen der Kokosfaserfilamente gedruckt, was f\u00fcr weichere Farben und ein sch\u00e4rferes Bild sorgt. Daher <strong>empfehlen wir, die angebotenen Personalisierungsvorlagen<\/strong> bzw. deren Stil zu verwenden.<\/p>\n<p>Diese personalisierten Fu\u00dfmatten sind eine tolle Idee, um sie <strong>zu Weihnachten an Freunde oder Familienmitglieder zu verschenken<\/strong>, die umziehen oder gerade in ihr neues Zuhause einziehen. Es ist ein originelles Detail, das garantiert gut ankommt und das Zuhause zusammen mit der restlichen Weihnachtsdekoration in festliche Stimmung versetzt.<\/p>\n<p><strong>Merkmale: <\/strong><\/p>\n<ul>\n<li>Gr\u00f6\u00dfe: 60 x 33 x 1,5 cm \/ 70 x 40 x 1,5 cm<\/li>\n<li>Material: Kokosfaser mit rutschfester PVC-Unterseite.<\/li>\n<li>Pflege: Mit Staubsauger reinigen oder aussch\u00fctteln. Nicht in der Maschine waschen und nicht chemisch mit Reinigungsmitteln s\u00e4ubern. Nicht in den Trockner geben. Nur f\u00fcr den Hausgebrauch empfohlen, f\u00fcr den Innenbereich und Bereiche ohne \u00fcberm\u00e4\u00dfig starken t\u00e4glichen Durchgang.<\/li>\n<\/ul>\n","protected":false},"excerpt":{"rendered":"<p>Hol dir die weihnachtlichste Fu\u00dfmatte f\u00fcr diese Festtage! Gestalte den Eingangsbereich deines Zuha [&#8230;]<\/p>\n","protected":false},"featured_media":495852,"comment_status":"open","ping_status":"closed","template":"","meta":{"_acf_changed":false},"product_brand":[],"product_cat":[1793],"product_tag":[1786,1794],"class_list":{"0":"post-496174","1":"product","2":"type-product","3":"status-publish","4":"has-post-thumbnail","6":"product_cat-personalisierte-fussmatten","7":"product_tag-familie","8":"product_tag-weihnachten","10":"first","11":"instock","12":"taxable","13":"shipping-taxable","14":"purchasable","15":"product-type-simple"},"acf":[],"df_price":19.99,"df_sale_price":"","df_regular_price":19.99,"df_image_link":"https:\/\/transparentgift.com\/de\/wp-content\/uploads\/2025\/11\/Munecos-de-nieve_1-300x300.jpg","_links":{"self":[{"href":"https:\/\/transparentgift.com\/de\/wp-json\/wp\/v2\/product\/496174","targetHints":{"allow":["GET"]}}],"collection":[{"href":"https:\/\/transparentgift.com\/de\/wp-json\/wp\/v2\/product"}],"about":[{"href":"https:\/\/transparentgift.com\/de\/wp-json\/wp\/v2\/types\/product"}],"replies":[{"embeddable":true,"href":"https:\/\/transparentgift.com\/de\/wp-json\/wp\/v2\/comments?post=496174"}],"wp:featuredmedia":[{"embeddable":true,"href":"https:\/\/transparentgift.com\/de\/wp-json\/wp\/v2\/media\/495852"}],"wp:attachment":[{"href":"https:\/\/transparentgift.com\/de\/wp-json\/wp\/v2\/media?parent=496174"}],"wp:term":[{"taxonomy":"product_brand","embeddable":true,"href":"https:\/\/transparentgift.com\/de\/wp-json\/wp\/v2\/product_brand?post=496174"},{"taxonomy":"product_cat","embeddable":true,"href":"https:\/\/transparentgift.com\/de\/wp-json\/wp\/v2\/product_cat?post=496174"},{"taxonomy":"product_tag","embeddable":true,"href":"https:\/\/transparentgift.com\/de\/wp-json\/wp\/v2\/product_tag?post=496174"}],"curies":[{"name":"wp","href":"https:\/\/api.w.org\/{rel}","templated":true}]}}