{"id":496181,"date":"2025-11-20T18:13:33","date_gmt":"2025-11-20T17:13:33","guid":{"rendered":"https:\/\/transparentgift.com\/de\/personalisierte-fussball-familien-fussmatte\/"},"modified":"2025-11-21T11:29:11","modified_gmt":"2025-11-21T10:29:11","slug":"personalisierte-fussball-familien-fussmatte","status":"publish","type":"product","link":"https:\/\/transparentgift.com\/de\/personalisierte-fussball-familien-fussmatte\/","title":{"rendered":"Personalisierte Fu\u00dfball-Familien-Fu\u00dfmatte"},"content":{"rendered":"<p><strong>Willkommen zu Hause mit Fu\u00dfballstil<\/strong>. Die ideale personalisierte Fu\u00dfmatte f\u00fcr Fu\u00dfball- und Familienliebhaber.<\/p>\n<p>Diese Kokosfaser-Fu\u00dfmatte f\u00e4ngt nicht nur Schmutz auf, sondern spiegelt auch deine Leidenschaft f\u00fcr den K\u00f6nig des Sports wider, mit einem Design, das an ein Fu\u00dfballfeld erinnert und Trikots zeigt, die du individuell gestalten kannst.<\/p>\n<p>Perfekt f\u00fcr fu\u00dfballbegeisterte Familien, ist sie ein originelles Geschenk f\u00fcr ein neues Zuhause oder besondere Anl\u00e4sse wie Jahrestage, Geburtstage oder Weihnachten. Sie verleiht dem Eingangsbereich deines Zuhauses eine pers\u00f6nliche und einladende Note.<\/p>\n<h4><strong>Merkmale:<\/strong><\/h4>\n<ul>\n<li>Gr\u00f6\u00dfe: 60 x 33 x 1,5 cm \/ 70 x 40 x 1,5 cm<\/li>\n<li>Material: Kokosfaser mit rutschfester PVC-Unterseite.<\/li>\n<li>Pflege: Mit dem Staubsauger reinigen oder aussch\u00fctteln. Nicht in der Maschine waschen und keine chemischen Reinigungsmittel verwenden. Nicht in den Trockner geben. Nur f\u00fcr den Hausgebrauch empfohlen, in Innenr\u00e4umen und an Orten ohne \u00fcberm\u00e4\u00dfigen t\u00e4glichen Durchgang.<\/li>\n<\/ul>\n","protected":false},"excerpt":{"rendered":"<p>Willkommen zu Hause mit Fu\u00dfballstil. Die ideale personalisierte Fu\u00dfmatte f\u00fcr Fu\u00dfball- und Famili [&#8230;]<\/p>\n","protected":false},"featured_media":495855,"comment_status":"open","ping_status":"closed","template":"","meta":{"_acf_changed":false},"product_brand":[],"product_cat":[1793],"product_tag":[1786,1797,1780],"class_list":{"0":"post-496181","1":"product","2":"type-product","3":"status-publish","4":"has-post-thumbnail","6":"product_cat-personalisierte-fussmatten","7":"product_tag-familie","8":"product_tag-sport","9":"product_tag-vaeter","11":"first","12":"instock","13":"taxable","14":"shipping-taxable","15":"purchasable","16":"product-type-simple"},"acf":[],"df_price":19.99,"df_sale_price":"","df_regular_price":19.99,"df_image_link":"https:\/\/transparentgift.com\/de\/wp-content\/uploads\/2025\/11\/Equipo-de-futbol_1-300x300.jpg","_links":{"self":[{"href":"https:\/\/transparentgift.com\/de\/wp-json\/wp\/v2\/product\/496181","targetHints":{"allow":["GET"]}}],"collection":[{"href":"https:\/\/transparentgift.com\/de\/wp-json\/wp\/v2\/product"}],"about":[{"href":"https:\/\/transparentgift.com\/de\/wp-json\/wp\/v2\/types\/product"}],"replies":[{"embeddable":true,"href":"https:\/\/transparentgift.com\/de\/wp-json\/wp\/v2\/comments?post=496181"}],"wp:featuredmedia":[{"embeddable":true,"href":"https:\/\/transparentgift.com\/de\/wp-json\/wp\/v2\/media\/495855"}],"wp:attachment":[{"href":"https:\/\/transparentgift.com\/de\/wp-json\/wp\/v2\/media?parent=496181"}],"wp:term":[{"taxonomy":"product_brand","embeddable":true,"href":"https:\/\/transparentgift.com\/de\/wp-json\/wp\/v2\/product_brand?post=496181"},{"taxonomy":"product_cat","embeddable":true,"href":"https:\/\/transparentgift.com\/de\/wp-json\/wp\/v2\/product_cat?post=496181"},{"taxonomy":"product_tag","embeddable":true,"href":"https:\/\/transparentgift.com\/de\/wp-json\/wp\/v2\/product_tag?post=496181"}],"curies":[{"name":"wp","href":"https:\/\/api.w.org\/{rel}","templated":true}]}}