{"id":496182,"date":"2025-11-20T18:13:35","date_gmt":"2025-11-20T17:13:35","guid":{"rendered":"https:\/\/transparentgift.com\/de\/personalisierte-herz-schleifen-fussmatte\/"},"modified":"2025-11-21T11:29:17","modified_gmt":"2025-11-21T10:29:17","slug":"personalisierte-herz-schleifen-fussmatte","status":"publish","type":"product","link":"https:\/\/transparentgift.com\/de\/personalisierte-herz-schleifen-fussmatte\/","title":{"rendered":"Personalisierte Herz-Schleifen-Fu\u00dfmatte"},"content":{"rendered":"<p>Hol dir diese <strong>originelle Fu\u00dfmatte f\u00fcr den Eingang deines Zuhauses<\/strong>! Diese Kokosfaser-Matte ist <strong>vollst\u00e4ndig personalisierbar<\/strong>. Du kannst die Namen des Paares eingravieren lassen, das das Zuhause bildet; sie werden von dem <strong>Wort \u201eHome\u201c und einem Herz<\/strong> begleitet, das aus diesem Wort hervorgeht. Alles ist in einem eleganten schwarzen Strich gehalten, der begeistern wird.<\/p>\n<p>Dieses Modell ist aus <strong>hochwertiger Kokosfaser<\/strong> gefertigt, um seine Langlebigkeit zu gew\u00e4hrleisten. Au\u00dferdem verf\u00fcgt es \u00fcber eine <strong>rutschfeste Unterseite<\/strong>, die ein Verrutschen verhindert und die Haftung auf der Oberfl\u00e4che erleichtert. Du kannst sie mit Hilfe eines Staubsaugers reinigen, um Staub zu entfernen.<\/p>\n<p>Die Fu\u00dfmatte ist das Accessoire, das du brauchst, um <strong>Schmutz und Feuchtigkeit von den Schuhen<\/strong> aufzufangen, bevor du das Haus betrittst. So vermeidest du Ausrutscher und h\u00e4ltst das Zuhause sauber. Du kannst sie auf den Boden neben der T\u00fcr oder im Durchgangsbereich im Innenraum legen.<\/p>\n<p>Wie personalisieren? Du musst nur <strong>die beiden Namen des Paares ausw\u00e4hlen<\/strong>, das im Haushalt lebt. Das Design der personalisierten Matte wird auf den Rand der Kokosfaserfilamente gedruckt und bietet dadurch weichere Farben und eine sanftere Sch\u00e4rfe. Daher <strong>empfehlen wir, die angebotenen Personalisierungsvorlagen<\/strong> oder deren Stil zu verwenden.<\/p>\n<p>Personalisierte Fu\u00dfmatten sind eine gro\u00dfartige Idee, um sie <strong>Freunden oder Familienmitgliedern zu schenken<\/strong>, die in die eigene Wohnung ziehen oder ihr neues Zuhause einweihen. Es ist ein originelles Detail, das mit Sicherheit begeistert und das Zuhause zusammen mit der restlichen Dekoration aufwertet.<\/p>\n<p><strong>Eigenschaften: <\/strong><\/p>\n<ul>\n<li>Gr\u00f6\u00dfe: 60 x 33 x 1,5 cm \/ 70 x 40 x 1,5 cm<\/li>\n<li>Material: Kokosfaser mit rutschfester PVC-Unterseite.<\/li>\n<li>Pflege: Mit dem Staubsauger reinigen oder aussch\u00fctteln. Nicht in der Maschine oder chemisch mit Reinigungsmitteln waschen. Nicht in den Trockner geben. Nur f\u00fcr den Hausgebrauch empfohlen, f\u00fcr den Innenbereich und Orte ohne \u00fcberm\u00e4\u00dfigen t\u00e4glichen Durchgangsverkehr.<\/li>\n<\/ul>\n","protected":false},"excerpt":{"rendered":"<p>Hol dir diese originelle Fu\u00dfmatte f\u00fcr den Eingang deines Zuhauses! Diese Kokosfaser-Matte ist voll [&#8230;]<\/p>\n","protected":false},"featured_media":495885,"comment_status":"open","ping_status":"closed","template":"","meta":{"_acf_changed":false},"product_brand":[],"product_cat":[1793],"product_tag":[1777],"class_list":{"0":"post-496182","1":"product","2":"type-product","3":"status-publish","4":"has-post-thumbnail","6":"product_cat-personalisierte-fussmatten","7":"product_tag-paare","9":"first","10":"instock","11":"taxable","12":"shipping-taxable","13":"purchasable","14":"product-type-simple"},"acf":[],"df_price":19.99,"df_sale_price":"","df_regular_price":19.99,"df_image_link":"https:\/\/transparentgift.com\/de\/wp-content\/uploads\/2025\/11\/Home-lazo_1-300x300.jpg","_links":{"self":[{"href":"https:\/\/transparentgift.com\/de\/wp-json\/wp\/v2\/product\/496182","targetHints":{"allow":["GET"]}}],"collection":[{"href":"https:\/\/transparentgift.com\/de\/wp-json\/wp\/v2\/product"}],"about":[{"href":"https:\/\/transparentgift.com\/de\/wp-json\/wp\/v2\/types\/product"}],"replies":[{"embeddable":true,"href":"https:\/\/transparentgift.com\/de\/wp-json\/wp\/v2\/comments?post=496182"}],"wp:featuredmedia":[{"embeddable":true,"href":"https:\/\/transparentgift.com\/de\/wp-json\/wp\/v2\/media\/495885"}],"wp:attachment":[{"href":"https:\/\/transparentgift.com\/de\/wp-json\/wp\/v2\/media?parent=496182"}],"wp:term":[{"taxonomy":"product_brand","embeddable":true,"href":"https:\/\/transparentgift.com\/de\/wp-json\/wp\/v2\/product_brand?post=496182"},{"taxonomy":"product_cat","embeddable":true,"href":"https:\/\/transparentgift.com\/de\/wp-json\/wp\/v2\/product_cat?post=496182"},{"taxonomy":"product_tag","embeddable":true,"href":"https:\/\/transparentgift.com\/de\/wp-json\/wp\/v2\/product_tag?post=496182"}],"curies":[{"name":"wp","href":"https:\/\/api.w.org\/{rel}","templated":true}]}}