{"id":496183,"date":"2025-11-20T18:13:36","date_gmt":"2025-11-20T17:13:36","guid":{"rendered":"https:\/\/transparentgift.com\/de\/personalisierte-fussmatte-hotel-grosseltern\/"},"modified":"2025-11-21T11:29:20","modified_gmt":"2025-11-21T10:29:20","slug":"personalisierte-fussmatte-hotel-grosseltern","status":"publish","type":"product","link":"https:\/\/transparentgift.com\/de\/personalisierte-fussmatte-hotel-grosseltern\/","title":{"rendered":"Personalisierte Fu\u00dfmatte \u201eHotel Gro\u00dfeltern\u201c"},"content":{"rendered":"<p>Hol dir diese <strong>originelle Fu\u00dfmatte f\u00fcr den Eingang zum Haus der Gro\u00dfeltern<\/strong>! Diese Kokosfaser-Matte ist <strong>vollst\u00e4ndig personalisierbar<\/strong>. Du kannst die Namen der Gro\u00dfeltern eingravieren lassen, die in einem kleinen H\u00e4uschen stehen, das ein <strong>F\u00fcnf-Sterne-Hotel<\/strong> darstellt. Au\u00dferdem siehst du <strong>lustige Symbole<\/strong> von Dingen, die man im Zuhause finden kann. Sie werden begeistert sein!<\/p>\n<p>Dieses Modell wird aus <strong>hochwertiger Kokosfaser<\/strong> hergestellt, um seine Langlebigkeit zu gew\u00e4hrleisten. Au\u00dferdem verf\u00fcgt es \u00fcber eine <strong>rutschfeste Unterseite<\/strong>, die ein Verrutschen verhindert und die Haftung auf der Oberfl\u00e4che erleichtert. Du kannst sie mit dem Staubsauger reinigen, um Staub zu entfernen.<\/p>\n<p>Die Fu\u00dfmatte ist das Zubeh\u00f6r, das du brauchst, um <strong>Schmutz und Feuchtigkeit von den Schuhen aufzufangen<\/strong>, bevor du das Haus betrittst. So vermeidest du Ausrutschen und h\u00e4ltst das Zuhause sauber. Du kannst sie auf den Boden neben der T\u00fcr oder im Durchgangsbereich im Innenraum legen.<\/p>\n<p>Wie personalisieren? Du musst nur <strong>die beiden Namen des Gro\u00dfelternpaares ausw\u00e4hlen<\/strong>, das im Haus lebt, und <strong>einen besonderen Text<\/strong> f\u00fcr den unteren Bereich hinzuf\u00fcgen. Das Design der personalisierten Matte wird auf den Rand der Kokosfaserfilamente gedruckt, was eine weichere Farbe und Sch\u00e4rfe bietet. Daher <strong>empfehlen wir, die angebotenen Personalisierungsvorlagen<\/strong> oder deren Stil zu verwenden.<\/p>\n<p>Personalisierte Fu\u00dfmatten sind eine tolle Idee, um <strong>Gro\u00dfeltern zu beschenken<\/strong>. Es ist ein originelles Detail, das sicher alle \u00fcberraschen wird.<\/p>\n<p><strong>Eigenschaften: <\/strong><\/p>\n<ul>\n<li>Gr\u00f6\u00dfe: 60 x 33 x 1,5 cm \/ 70 x 40 x 1,5 cm<\/li>\n<li>Material: Kokosfaser mit rutschfester PVC-Unterseite.<\/li>\n<li>Pflege: Mit dem Staubsauger reinigen oder aussch\u00fctteln. Nicht in der Maschine oder chemisch mit Reinigungsmitteln waschen. Nicht in den Trockner geben. Nur f\u00fcr den Hausgebrauch empfohlen, in Innenr\u00e4umen und an Orten ohne \u00fcberm\u00e4\u00dfigen t\u00e4glichen Durchgang.<\/li>\n<\/ul>\n","protected":false},"excerpt":{"rendered":"<p>Hol dir diese originelle Fu\u00dfmatte f\u00fcr den Eingang zum Haus der Gro\u00dfeltern! Diese Kokosfaser-Matte [&#8230;]<\/p>\n","protected":false},"featured_media":495890,"comment_status":"open","ping_status":"closed","template":"","meta":{"_acf_changed":false},"product_brand":[],"product_cat":[1793],"product_tag":[1798],"class_list":{"0":"post-496183","1":"product","2":"type-product","3":"status-publish","4":"has-post-thumbnail","6":"product_cat-personalisierte-fussmatten","7":"product_tag-grosseltern","9":"first","10":"instock","11":"taxable","12":"shipping-taxable","13":"purchasable","14":"product-type-simple"},"acf":[],"df_price":19.99,"df_sale_price":"","df_regular_price":19.99,"df_image_link":"https:\/\/transparentgift.com\/de\/wp-content\/uploads\/2025\/11\/Hotel-de-los-Abuelos_1-300x300.jpg","_links":{"self":[{"href":"https:\/\/transparentgift.com\/de\/wp-json\/wp\/v2\/product\/496183","targetHints":{"allow":["GET"]}}],"collection":[{"href":"https:\/\/transparentgift.com\/de\/wp-json\/wp\/v2\/product"}],"about":[{"href":"https:\/\/transparentgift.com\/de\/wp-json\/wp\/v2\/types\/product"}],"replies":[{"embeddable":true,"href":"https:\/\/transparentgift.com\/de\/wp-json\/wp\/v2\/comments?post=496183"}],"wp:featuredmedia":[{"embeddable":true,"href":"https:\/\/transparentgift.com\/de\/wp-json\/wp\/v2\/media\/495890"}],"wp:attachment":[{"href":"https:\/\/transparentgift.com\/de\/wp-json\/wp\/v2\/media?parent=496183"}],"wp:term":[{"taxonomy":"product_brand","embeddable":true,"href":"https:\/\/transparentgift.com\/de\/wp-json\/wp\/v2\/product_brand?post=496183"},{"taxonomy":"product_cat","embeddable":true,"href":"https:\/\/transparentgift.com\/de\/wp-json\/wp\/v2\/product_cat?post=496183"},{"taxonomy":"product_tag","embeddable":true,"href":"https:\/\/transparentgift.com\/de\/wp-json\/wp\/v2\/product_tag?post=496183"}],"curies":[{"name":"wp","href":"https:\/\/api.w.org\/{rel}","templated":true}]}}