{"id":496184,"date":"2025-11-20T18:13:38","date_gmt":"2025-11-20T17:13:38","guid":{"rendered":"https:\/\/transparentgift.com\/de\/personalisierte-simpsons-fussmatte\/"},"modified":"2025-11-21T11:29:23","modified_gmt":"2025-11-21T10:29:23","slug":"personalisierte-simpsons-fussmatte","status":"publish","type":"product","link":"https:\/\/transparentgift.com\/de\/personalisierte-simpsons-fussmatte\/","title":{"rendered":"Personalisierte Simpsons-Fu\u00dfmatte"},"content":{"rendered":"<p>Hol dir diese <strong>originelle Fu\u00dfmatte f\u00fcr deinen Hauseingang<\/strong>! Diese Kokosfaser-Matte ist <strong>vollst\u00e4ndig personalisierbar<\/strong>. Du kannst den Familiennamen oder Nachnamen im <strong>Logo-Design der bekannten Simpsons<\/strong> verewigen, das die gesamte Fu\u00dfmatte ziert.<\/p>\n<p>Diese Ausf\u00fchrung wird aus <strong>hochwertiger Kokosfaser<\/strong> gefertigt, um eine lange Lebensdauer zu gew\u00e4hrleisten. Au\u00dferdem verf\u00fcgt sie \u00fcber eine <strong>rutschfeste PVC-R\u00fcckseite<\/strong>, die ein Verrutschen verhindert und f\u00fcr guten Halt auf dem Boden sorgt. Zum Entfernen von Staub kannst du sie einfach mit dem Staubsauger reinigen.<\/p>\n<p>Die Fu\u00dfmatte ist das Accessoire, das du brauchst, um <strong>Schmutz und Feuchtigkeit von den Schuhen<\/strong> abzufangen, bevor man das Haus betritt. So vermeidest du Ausrutscher und h\u00e4ltst dein Zuhause sauber. Du kannst sie direkt vor der T\u00fcr oder in einem Durchgangsbereich im Innenraum platzieren.<\/p>\n<p><strong>Wie personalisiere ich die Matte?<\/strong> Gib einfach im entsprechenden Feld <strong>den Familiennamen oder die Nachnamen<\/strong> ein. Das Design der personalisierten Fu\u00dfmatte wird auf die Spitzen der Kokosfasern gedruckt, wodurch die Farben und Konturen etwas weicher wirken. Daher <strong>empfehlen wir, die angebotenen Personalisierungsvorlagen oder deren Stil zu verwenden<\/strong>.<\/p>\n<p>Personalisierte Fu\u00dfmatten sind eine tolle Idee, um sie <strong>Freunden oder Familienmitgliedern zu schenken<\/strong>, wenn sie ausziehen oder in ihr neues Zuhause einziehen. Ein originelles Detail, das garantiert gut ankommt.<\/p>\n<p><strong>Eigenschaften:<\/strong><\/p>\n<ul>\n<li>Gr\u00f6\u00dfe: 60 x 33 x 1,5 cm \/ 70 x 40 x 1,5 cm<\/li>\n<li>Material: Kokosfaser mit rutschfester PVC-R\u00fcckseite.<\/li>\n<li>Pflege: Mit dem Staubsauger reinigen oder aussch\u00fctteln. Nicht in der Maschine oder chemisch waschen und keine Reinigungsmittel verwenden. Nicht im Trockner trocknen. Nur f\u00fcr den h\u00e4uslichen Gebrauch, f\u00fcr Innenr\u00e4ume und Bereiche ohne starke t\u00e4gliche Beanspruchung empfohlen.<\/li>\n<\/ul>\n","protected":false},"excerpt":{"rendered":"<p>Hol dir diese originelle Fu\u00dfmatte f\u00fcr deinen Hauseingang! Diese Kokosfaser-Matte ist vollst\u00e4ndig  [&#8230;]<\/p>\n","protected":false},"featured_media":495882,"comment_status":"open","ping_status":"closed","template":"","meta":{"_acf_changed":false},"product_brand":[],"product_cat":[1793],"product_tag":[1786,1776],"class_list":{"0":"post-496184","1":"product","2":"type-product","3":"status-publish","4":"has-post-thumbnail","6":"product_cat-personalisierte-fussmatten","7":"product_tag-familie","8":"product_tag-generisch","10":"first","11":"instock","12":"taxable","13":"shipping-taxable","14":"purchasable","15":"product-type-simple"},"acf":[],"df_price":19.99,"df_sale_price":"","df_regular_price":19.99,"df_image_link":"https:\/\/transparentgift.com\/de\/wp-content\/uploads\/2025\/11\/Simpsons_1-300x300.jpg","_links":{"self":[{"href":"https:\/\/transparentgift.com\/de\/wp-json\/wp\/v2\/product\/496184","targetHints":{"allow":["GET"]}}],"collection":[{"href":"https:\/\/transparentgift.com\/de\/wp-json\/wp\/v2\/product"}],"about":[{"href":"https:\/\/transparentgift.com\/de\/wp-json\/wp\/v2\/types\/product"}],"replies":[{"embeddable":true,"href":"https:\/\/transparentgift.com\/de\/wp-json\/wp\/v2\/comments?post=496184"}],"wp:featuredmedia":[{"embeddable":true,"href":"https:\/\/transparentgift.com\/de\/wp-json\/wp\/v2\/media\/495882"}],"wp:attachment":[{"href":"https:\/\/transparentgift.com\/de\/wp-json\/wp\/v2\/media?parent=496184"}],"wp:term":[{"taxonomy":"product_brand","embeddable":true,"href":"https:\/\/transparentgift.com\/de\/wp-json\/wp\/v2\/product_brand?post=496184"},{"taxonomy":"product_cat","embeddable":true,"href":"https:\/\/transparentgift.com\/de\/wp-json\/wp\/v2\/product_cat?post=496184"},{"taxonomy":"product_tag","embeddable":true,"href":"https:\/\/transparentgift.com\/de\/wp-json\/wp\/v2\/product_tag?post=496184"}],"curies":[{"name":"wp","href":"https:\/\/api.w.org\/{rel}","templated":true}]}}