{"id":496185,"date":"2025-11-20T18:13:39","date_gmt":"2025-11-20T17:13:39","guid":{"rendered":"https:\/\/transparentgift.com\/de\/personalisierte-fussmatte-mit-texten-und-foto\/"},"modified":"2026-05-08T04:04:17","modified_gmt":"2026-05-08T02:04:17","slug":"personalisierte-fussmatte-mit-texten-und-foto","status":"publish","type":"product","link":"https:\/\/transparentgift.com\/de\/personalisierte-fussmatte-mit-texten-und-foto\/","title":{"rendered":"Personalisierte Fu\u00dfmatte mit Texten und Foto"},"content":{"rendered":"<p><strong>Originelle, personalisierte Fu\u00dfmatte mit Text und Foto<\/strong>. Hei\u00dfe deine G\u00e4ste zu Hause mit einem einzigartigen Design willkommen, das deinen Stil und deine Pers\u00f6nlichkeit widerspiegelt.<\/p>\n<p>Diese <strong>personalisierbare Kokosfaser-Fu\u00dfmatte<\/strong> erm\u00f6glicht es dir, beliebige Texte, Namen oder Spr\u00fcche hinzuzuf\u00fcgen und au\u00dferdem dein <strong>Lieblingsfoto<\/strong> zu integrieren. Kreiere ein lustiges, emotionales oder famili\u00e4res Design, das deine Besucher schon an der T\u00fcr auf originelle Weise empf\u00e4ngt.<\/p>\n<p>Ideal als <strong>Geschenk zum Umzug<\/strong>, zur <strong>Hauseinweihung<\/strong> oder als <strong>personalisierte Aufmerksamkeit<\/strong> f\u00fcr Paare, Familien oder Freunde. Ihre <strong>rutschfeste PVC-Unterseite<\/strong> verhindert ein Verrutschen und sorgt f\u00fcr mehr Sicherheit. Der Druck auf der Kokosoberfl\u00e4che sorgt f\u00fcr ein weiches und nat\u00fcrliches Finish.<\/p>\n<h4><strong>Merkmale:<\/strong><\/h4>\n<ul>\n<li>Gr\u00f6\u00dfe: 60 x 33 x 1,5 cm \/ 70 x 40 x 1,5 cm<\/li>\n<li>Material: Kokosfaser mit rutschfester PVC-Unterseite.<\/li>\n<li>Pflege: Mit dem Staubsauger reinigen oder aussch\u00fctteln. Nicht in der Maschine oder chemisch mit Reinigungsmitteln waschen. Nicht in den Trockner geben. Nur f\u00fcr den Hausgebrauch empfohlen, f\u00fcr den Innenbereich und Orte ohne \u00fcberm\u00e4\u00dfigen t\u00e4glichen Durchgang.<\/li>\n<\/ul>\n","protected":false},"excerpt":{"rendered":"<p>Originelle, personalisierte Fu\u00dfmatte mit Text und Foto. Hei\u00dfe deine G\u00e4ste zu Hause mit einem einz [&#8230;]<\/p>\n","protected":false},"featured_media":495868,"comment_status":"open","ping_status":"closed","template":"","meta":{"_acf_changed":false},"product_brand":[],"product_cat":[1793],"product_tag":[1786,1776],"class_list":{"0":"post-496185","1":"product","2":"type-product","3":"status-publish","4":"has-post-thumbnail","6":"product_cat-personalisierte-fussmatten","7":"product_tag-familie","8":"product_tag-generisch","10":"first","11":"instock","12":"sale","13":"taxable","14":"shipping-taxable","15":"purchasable","16":"product-type-simple"},"acf":[],"df_price":18.99,"df_sale_price":18.99,"df_regular_price":19.99,"df_image_link":"https:\/\/transparentgift.com\/de\/wp-content\/uploads\/2025\/11\/Personalizado-con-texto-y-foto_1-300x300.jpg","_links":{"self":[{"href":"https:\/\/transparentgift.com\/de\/wp-json\/wp\/v2\/product\/496185","targetHints":{"allow":["GET"]}}],"collection":[{"href":"https:\/\/transparentgift.com\/de\/wp-json\/wp\/v2\/product"}],"about":[{"href":"https:\/\/transparentgift.com\/de\/wp-json\/wp\/v2\/types\/product"}],"replies":[{"embeddable":true,"href":"https:\/\/transparentgift.com\/de\/wp-json\/wp\/v2\/comments?post=496185"}],"wp:featuredmedia":[{"embeddable":true,"href":"https:\/\/transparentgift.com\/de\/wp-json\/wp\/v2\/media\/495868"}],"wp:attachment":[{"href":"https:\/\/transparentgift.com\/de\/wp-json\/wp\/v2\/media?parent=496185"}],"wp:term":[{"taxonomy":"product_brand","embeddable":true,"href":"https:\/\/transparentgift.com\/de\/wp-json\/wp\/v2\/product_brand?post=496185"},{"taxonomy":"product_cat","embeddable":true,"href":"https:\/\/transparentgift.com\/de\/wp-json\/wp\/v2\/product_cat?post=496185"},{"taxonomy":"product_tag","embeddable":true,"href":"https:\/\/transparentgift.com\/de\/wp-json\/wp\/v2\/product_tag?post=496185"}],"curies":[{"name":"wp","href":"https:\/\/api.w.org\/{rel}","templated":true}]}}