{"id":496186,"date":"2025-11-20T18:13:41","date_gmt":"2025-11-20T17:13:41","guid":{"rendered":"https:\/\/transparentgift.com\/de\/personalisierte-fotocollage-platte-mit-texten\/"},"modified":"2025-11-21T11:29:31","modified_gmt":"2025-11-21T10:29:31","slug":"personalisierte-fotocollage-platte-mit-texten","status":"publish","type":"product","link":"https:\/\/transparentgift.com\/de\/personalisierte-fotocollage-platte-mit-texten\/","title":{"rendered":"Personalisierte Fotocollage-Platte mit Texten"},"content":{"rendered":"<p>\u00dcberrasche deinen Partner oder deine Partnerin mit dieser romantischen <strong>Metacrylat-Platte mit Fotocollage-Design<\/strong> und mache das originellste und emotionalste Geschenk. Auf der Metacrylat-Platte kannst du ein Hauptfoto im oberen Bereich und drei weitere Fotos im unteren Bereich gravieren lassen. Au\u00dferdem kannst du den Namen deines Freundes oder deiner Freundin zusammen mit deinem eigenen hinzuf\u00fcgen, begleitet von einem sch\u00f6nen Spruch. Sie ist perfekt als <strong>Geschenk zum Valentinstag, zum Jahrestag<\/strong>, zum Geburtstag oder sogar zu Weihnachten. Sie ist auch ideal als Detailgeschenk f\u00fcr das Paar <strong>an ihrem Hochzeitstag<\/strong>.<\/p>\n<p>Dieses Geschenk ist <strong>vollst\u00e4ndig personalisierbar<\/strong>, du musst nur <strong>die sch\u00f6nsten Fotos<\/strong> hochladen, und sie werden in einer eleganten Collage graviert, die <strong>eure Namen und den emotionalen Spruch<\/strong> umrahmt, den du ausw\u00e4hlst. Au\u00dferdem kannst du w\u00e4hlen, ob die Platte auf einem <strong>Metacrylat-Sockel<\/strong> stehen oder von einem schlichten <strong>schwarzen Rahmen<\/strong> eingefasst sein soll. So oder so kann dein Partner oder deine Partnerin <strong>den Nachttisch, das Regal oder den Schreibtisch<\/strong> auf die romantischste Art dekorieren.<\/p>\n<p>Die hochwertigen Materialien verleihen der Platte Widerstandsf\u00e4higkeit und Langlebigkeit.<\/p>\n<p>Verzichte nicht auf das perfekte Geschenk, um deiner besseren H\u00e4lfte an diesem besonderen Tag deine Liebe zu zeigen. Du hast die M\u00f6glichkeit, eure liebste gemeinsame Erinnerung zu bewahren.<\/p>\n<p><strong>Eigenschaften:<\/strong><\/p>\n<ul>\n<li>Gr\u00f6\u00dfe: 29,7 x 21 cm<\/li>\n<li>Material: Hochwertiges Metacrylat.<\/li>\n<li>Inklusive: Verpackung mit Geschenkschachtel.<\/li>\n<li>Extras: Glassockel, Holzsockel oder Holzrahmen.<\/li>\n<li>Pflege: L\u00e4sst sich ganz einfach mit einem trockenen Tuch reinigen.<\/li>\n<\/ul>\n","protected":false},"excerpt":{"rendered":"<p>\u00dcberrasche deinen Partner oder deine Partnerin mit dieser romantischen Metacrylat-Platte mit Fotoco [&#8230;]<\/p>\n","protected":false},"featured_media":495627,"comment_status":"open","ping_status":"closed","template":"","meta":{"_acf_changed":false},"product_brand":[],"product_cat":[1775],"product_tag":[1779,1776,1777],"class_list":{"0":"post-496186","1":"product","2":"type-product","3":"status-publish","4":"has-post-thumbnail","6":"product_cat-personalisierte-fotos-auf-acrylglas","7":"product_tag-frauen","8":"product_tag-generisch","9":"product_tag-paare","11":"first","12":"instock","13":"taxable","14":"shipping-taxable","15":"purchasable","16":"product-type-simple"},"acf":[],"df_price":24.99,"df_sale_price":"","df_regular_price":24.99,"df_image_link":"https:\/\/transparentgift.com\/de\/wp-content\/uploads\/2025\/11\/1-Placa-Retrato_1_ALEMANIA-300x300.jpg","_links":{"self":[{"href":"https:\/\/transparentgift.com\/de\/wp-json\/wp\/v2\/product\/496186","targetHints":{"allow":["GET"]}}],"collection":[{"href":"https:\/\/transparentgift.com\/de\/wp-json\/wp\/v2\/product"}],"about":[{"href":"https:\/\/transparentgift.com\/de\/wp-json\/wp\/v2\/types\/product"}],"replies":[{"embeddable":true,"href":"https:\/\/transparentgift.com\/de\/wp-json\/wp\/v2\/comments?post=496186"}],"wp:featuredmedia":[{"embeddable":true,"href":"https:\/\/transparentgift.com\/de\/wp-json\/wp\/v2\/media\/495627"}],"wp:attachment":[{"href":"https:\/\/transparentgift.com\/de\/wp-json\/wp\/v2\/media?parent=496186"}],"wp:term":[{"taxonomy":"product_brand","embeddable":true,"href":"https:\/\/transparentgift.com\/de\/wp-json\/wp\/v2\/product_brand?post=496186"},{"taxonomy":"product_cat","embeddable":true,"href":"https:\/\/transparentgift.com\/de\/wp-json\/wp\/v2\/product_cat?post=496186"},{"taxonomy":"product_tag","embeddable":true,"href":"https:\/\/transparentgift.com\/de\/wp-json\/wp\/v2\/product_tag?post=496186"}],"curies":[{"name":"wp","href":"https:\/\/api.w.org\/{rel}","templated":true}]}}