{"id":496191,"date":"2025-11-20T18:13:49","date_gmt":"2025-11-20T17:13:49","guid":{"rendered":"https:\/\/transparentgift.com\/de\/akkordeon-fotobox-beste-r-der-welt-mit-personalisiertem-text\/"},"modified":"2026-05-14T15:43:01","modified_gmt":"2026-05-14T13:43:01","slug":"akkordeon-fotobox-der-die-beste-der-welt-mit-personalisiertem-text","status":"publish","type":"product","link":"https:\/\/transparentgift.com\/de\/akkordeon-fotobox-der-die-beste-der-welt-mit-personalisiertem-text\/","title":{"rendered":"Akkordeon-Fotobox Der\/die Beste der Welt mit personalisiertem Text"},"content":{"rendered":"<p><strong>Feiere besondere Momente mit unserer personalisierten Akkordeon-Fotobox \u201eBeste\/r der Welt\u201c<\/strong>. Ein einzigartiges und emotionales Geschenk, das unvergessliche Erinnerungen auf kreative Weise festh\u00e4lt.<\/p>\n<p>Mit dieser Fotobox in Akkordeonform kannst du bis zu sechs Fotos personalisieren und eine besondere Botschaft auf den Deckel setzen \u2013 so wird sie zum perfekten Geschenk f\u00fcr jeden Anlass. Das hochwertige Design aus Holz sorgt daf\u00fcr, dass deine Erinnerungen im Laufe der Zeit unversehrt bleiben.<\/p>\n<p>Ideal f\u00fcr Jahrestage, Geburtstage, Weihnachten oder einfach, um auf originelle Weise \u201eIch hab dich lieb\u201c zu sagen. Dieses Geschenk ist perfekt f\u00fcr M\u00fctter, V\u00e4ter, Gro\u00dfeltern oder jede geliebte Person, die du mit einem gef\u00fchlvollen Detail \u00fcberraschen m\u00f6chtest.<\/p>\n<h4><strong>Merkmale:<\/strong><\/h4>\n<ul>\n<li>Gr\u00f6\u00dfe: 10 x 7 x 4 cm<\/li>\n<li>Material: Hochwertiges Naturholz.<\/li>\n<li>Pflege: Mit einem trockenen Tuch reinigen.<\/li>\n<\/ul>\n","protected":false},"excerpt":{"rendered":"<p>Feiere besondere Momente mit unserer personalisierten Akkordeon-Fotobox \u201eBeste\/r der Welt\u201c. Ein  [&#8230;]<\/p>\n","protected":false},"featured_media":499185,"comment_status":"open","ping_status":"closed","template":"","meta":{"_acf_changed":false},"product_brand":[],"product_cat":[1799],"product_tag":[1787],"class_list":{"0":"post-496191","1":"product","2":"type-product","3":"status-publish","4":"has-post-thumbnail","6":"product_cat-personalisierte-fotoboxen","7":"product_tag-muetter","9":"first","10":"instock","11":"taxable","12":"shipping-taxable","13":"purchasable","14":"product-type-simple"},"acf":[],"df_price":24.99,"df_sale_price":"","df_regular_price":24.99,"df_image_link":"https:\/\/transparentgift.com\/de\/wp-content\/uploads\/2026\/04\/mejormama-aleman1-300x300.jpg","_links":{"self":[{"href":"https:\/\/transparentgift.com\/de\/wp-json\/wp\/v2\/product\/496191","targetHints":{"allow":["GET"]}}],"collection":[{"href":"https:\/\/transparentgift.com\/de\/wp-json\/wp\/v2\/product"}],"about":[{"href":"https:\/\/transparentgift.com\/de\/wp-json\/wp\/v2\/types\/product"}],"replies":[{"embeddable":true,"href":"https:\/\/transparentgift.com\/de\/wp-json\/wp\/v2\/comments?post=496191"}],"wp:featuredmedia":[{"embeddable":true,"href":"https:\/\/transparentgift.com\/de\/wp-json\/wp\/v2\/media\/499185"}],"wp:attachment":[{"href":"https:\/\/transparentgift.com\/de\/wp-json\/wp\/v2\/media?parent=496191"}],"wp:term":[{"taxonomy":"product_brand","embeddable":true,"href":"https:\/\/transparentgift.com\/de\/wp-json\/wp\/v2\/product_brand?post=496191"},{"taxonomy":"product_cat","embeddable":true,"href":"https:\/\/transparentgift.com\/de\/wp-json\/wp\/v2\/product_cat?post=496191"},{"taxonomy":"product_tag","embeddable":true,"href":"https:\/\/transparentgift.com\/de\/wp-json\/wp\/v2\/product_tag?post=496191"}],"curies":[{"name":"wp","href":"https:\/\/api.w.org\/{rel}","templated":true}]}}