{"id":496192,"date":"2025-11-20T18:13:50","date_gmt":"2025-11-20T17:13:50","guid":{"rendered":"https:\/\/transparentgift.com\/de\/akkordeon-fotobox-mit-personalisiertem-datum\/"},"modified":"2025-11-21T11:29:57","modified_gmt":"2025-11-21T10:29:57","slug":"akkordeon-fotobox-mit-personalisiertem-datum","status":"publish","type":"product","link":"https:\/\/transparentgift.com\/de\/akkordeon-fotobox-mit-personalisiertem-datum\/","title":{"rendered":"Akkordeon-Fotobox mit personalisiertem Datum"},"content":{"rendered":"<p><strong>Schaffe unvergessliche Momente mit der personalisierten Akkordeon-Fotobox.<\/strong> Ein einzigartiges Geschenk, das deine wertvollsten Erinnerungen festh\u00e4lt.<\/p>\n<p>Dieses Album in Akkordeonform ist das perfekte Detail, um jemanden Besonderen zu \u00fcberraschen. Du kannst es mit bis zu sechs Fotos und einem bedeutungsvollen Datum personalisieren. Ideal, um Geburtstage, Jahrestage, Weihnachten, den Muttertag oder jeden anderen Anlass zu feiern, der in Erinnerung bleiben soll.<\/p>\n<p>Entworfen f\u00fcr alle, die personalisierte Details sch\u00e4tzen, ist dieses Geschenk ideal f\u00fcr Paare, Familie und Freunde. Stell dir das L\u00e4cheln im Gesicht der Person vor, die diese emotionale Erinnerung erh\u00e4lt \u2013 perfekt f\u00fcr besondere Anl\u00e4sse oder einfach, um einen ganz normalen Tag zu versch\u00f6nern.<\/p>\n<h4><strong>Merkmale:<\/strong><\/h4>\n<ul>\n<li>Gr\u00f6\u00dfe: 10 x 7 x 4 cm<\/li>\n<li>Material: Hochwertiges Naturholz.<\/li>\n<li>Pflege: Mit einem trockenen Tuch reinigen.<\/li>\n<\/ul>\n","protected":false},"excerpt":{"rendered":"<p>Schaffe unvergessliche Momente mit der personalisierten Akkordeon-Fotobox. Ein einzigartiges Geschen [&#8230;]<\/p>\n","protected":false},"featured_media":496041,"comment_status":"open","ping_status":"closed","template":"","meta":{"_acf_changed":false},"product_brand":[],"product_cat":[1799],"product_tag":[1779,1776],"class_list":{"0":"post-496192","1":"product","2":"type-product","3":"status-publish","4":"has-post-thumbnail","6":"product_cat-personalisierte-fotoboxen","7":"product_tag-frauen","8":"product_tag-generisch","10":"first","11":"instock","12":"taxable","13":"shipping-taxable","14":"purchasable","15":"product-type-simple"},"acf":[],"df_price":24.99,"df_sale_price":"","df_regular_price":24.99,"df_image_link":"https:\/\/transparentgift.com\/de\/wp-content\/uploads\/2025\/11\/lugarmejor-aleman1-300x300.jpg","_links":{"self":[{"href":"https:\/\/transparentgift.com\/de\/wp-json\/wp\/v2\/product\/496192","targetHints":{"allow":["GET"]}}],"collection":[{"href":"https:\/\/transparentgift.com\/de\/wp-json\/wp\/v2\/product"}],"about":[{"href":"https:\/\/transparentgift.com\/de\/wp-json\/wp\/v2\/types\/product"}],"replies":[{"embeddable":true,"href":"https:\/\/transparentgift.com\/de\/wp-json\/wp\/v2\/comments?post=496192"}],"wp:featuredmedia":[{"embeddable":true,"href":"https:\/\/transparentgift.com\/de\/wp-json\/wp\/v2\/media\/496041"}],"wp:attachment":[{"href":"https:\/\/transparentgift.com\/de\/wp-json\/wp\/v2\/media?parent=496192"}],"wp:term":[{"taxonomy":"product_brand","embeddable":true,"href":"https:\/\/transparentgift.com\/de\/wp-json\/wp\/v2\/product_brand?post=496192"},{"taxonomy":"product_cat","embeddable":true,"href":"https:\/\/transparentgift.com\/de\/wp-json\/wp\/v2\/product_cat?post=496192"},{"taxonomy":"product_tag","embeddable":true,"href":"https:\/\/transparentgift.com\/de\/wp-json\/wp\/v2\/product_tag?post=496192"}],"curies":[{"name":"wp","href":"https:\/\/api.w.org\/{rel}","templated":true}]}}