{"id":496194,"date":"2025-11-20T18:13:53","date_gmt":"2025-11-20T17:13:53","guid":{"rendered":"https:\/\/transparentgift.com\/de\/personalisierbares-herzchen-kissen-mit-foto-und-datum\/"},"modified":"2025-11-21T11:30:08","modified_gmt":"2025-11-21T10:30:08","slug":"personalisierbares-herzchen-kissen-mit-foto-und-datum","status":"publish","type":"product","link":"https:\/\/transparentgift.com\/de\/personalisierbares-herzchen-kissen-mit-foto-und-datum\/","title":{"rendered":"Personalisierbares Herzchen-Kissen mit Foto und Datum"},"content":{"rendered":"<p>Sichere dir dieses <strong>personalisierte Kissen<\/strong>, auf das du dein Wunschfoto und deinen Wunschtext drucken lassen kannst. Es ist eines der besten <strong>Geschenke<\/strong> <strong>f\u00fcr Familie, Freunde oder den Partner<\/strong> zu einem besonderen Anlass. Perfekt als <strong>Geburtstagsgeschenk<\/strong>, zu Weihnachten, zum Jahrestag oder Valentinstag sowie zum Mutter- oder Vatertag.<\/p>\n<p>Dieses Kissen ist <strong>vollst\u00e4ndig personalisierbar<\/strong>. Du musst nur <strong>ein Foto hochladen<\/strong> mit dieser besonderen Person und <strong>die Texte eintragen<\/strong>, die darunter erscheinen sollen. Alles wird auf den Kissenbezug gedruckt und von einer Reihe h\u00fcbscher <strong>Herzchen<\/strong> begleitet. Au\u00dferdem kannst du <strong>die Schriftfarbe<\/strong> zwischen Schwarz und Braun w\u00e4hlen. Das Design wird so einzigartig, dass sich diese besondere Person gar nicht mehr von dem Kissen trennen m\u00f6chte! Dieses originelle Geschenk ist genau das Detail, das noch in der <strong>Dekoration von Sofa, Bett<\/strong> oder jedem anderen Lieblingsplatz im Zuhause fehlt.<\/p>\n<p>Der Bezug wird aus <strong>hochwertigen Materialien und Stoffen<\/strong> gefertigt, die f\u00fcr Widerstandsf\u00e4higkeit und Langlebigkeit sorgen. Au\u00dferdem kannst du gegen einen Aufpreis von 5 \u20ac <strong>die passende F\u00fcllung<\/strong> in der gew\u00e4hlten Gr\u00f6\u00dfe mitbestellen.<\/p>\n<p>Verpasse nicht eines der <strong>besondersten Fotogeschenke<\/strong>. Ideal, um einem geliebten Menschen an einem besonderen Tag deine Zuneigung zu zeigen. Du machst sie oder ihn zum gl\u00fccklichsten Menschen der Welt!<\/p>\n<p><strong>Eigenschaften:<\/strong><\/p>\n<ul>\n<li>Gr\u00f6\u00dfe: 35 x 35 cm \/ 45 x 45 cm<\/li>\n<li>Material: Velours mit hochwertiger Pfirsichhaut-Haptik.<\/li>\n<li>Pflege: Abnehmbarer Bezug, f\u00fcr die Waschmaschine geeignet. Trockner wird nicht empfohlen.<\/li>\n<li>Extras: F\u00fcllung nicht inbegriffen.<\/li>\n<\/ul>\n","protected":false},"excerpt":{"rendered":"<p>Sichere dir dieses personalisierte Kissen, auf das du dein Wunschfoto und deinen Wunschtext drucken  [&#8230;]<\/p>\n","protected":false},"featured_media":495742,"comment_status":"open","ping_status":"closed","template":"","meta":{"_acf_changed":false},"product_brand":[],"product_cat":[1801],"product_tag":[1787],"class_list":{"0":"post-496194","1":"product","2":"type-product","3":"status-publish","4":"has-post-thumbnail","6":"product_cat-personalisierte-kissen","7":"product_tag-muetter","9":"first","10":"instock","11":"taxable","12":"shipping-taxable","13":"purchasable","14":"product-type-simple"},"acf":[],"df_price":14.99,"df_sale_price":"","df_regular_price":14.99,"df_image_link":"https:\/\/transparentgift.com\/de\/wp-content\/uploads\/2025\/11\/corazones-con-foto_1-300x300.jpg","_links":{"self":[{"href":"https:\/\/transparentgift.com\/de\/wp-json\/wp\/v2\/product\/496194","targetHints":{"allow":["GET"]}}],"collection":[{"href":"https:\/\/transparentgift.com\/de\/wp-json\/wp\/v2\/product"}],"about":[{"href":"https:\/\/transparentgift.com\/de\/wp-json\/wp\/v2\/types\/product"}],"replies":[{"embeddable":true,"href":"https:\/\/transparentgift.com\/de\/wp-json\/wp\/v2\/comments?post=496194"}],"wp:featuredmedia":[{"embeddable":true,"href":"https:\/\/transparentgift.com\/de\/wp-json\/wp\/v2\/media\/495742"}],"wp:attachment":[{"href":"https:\/\/transparentgift.com\/de\/wp-json\/wp\/v2\/media?parent=496194"}],"wp:term":[{"taxonomy":"product_brand","embeddable":true,"href":"https:\/\/transparentgift.com\/de\/wp-json\/wp\/v2\/product_brand?post=496194"},{"taxonomy":"product_cat","embeddable":true,"href":"https:\/\/transparentgift.com\/de\/wp-json\/wp\/v2\/product_cat?post=496194"},{"taxonomy":"product_tag","embeddable":true,"href":"https:\/\/transparentgift.com\/de\/wp-json\/wp\/v2\/product_tag?post=496194"}],"curies":[{"name":"wp","href":"https:\/\/api.w.org\/{rel}","templated":true}]}}