{"id":496195,"date":"2025-11-20T18:13:55","date_gmt":"2025-11-20T17:13:55","guid":{"rendered":"https:\/\/transparentgift.com\/de\/personalisierbares-mama-kissen-mit-sechs-fotos\/"},"modified":"2026-05-14T13:26:56","modified_gmt":"2026-05-14T11:26:56","slug":"personalisierbares-mama-kissen-mit-sechs-fotos","status":"publish","type":"product","link":"https:\/\/transparentgift.com\/de\/personalisierbares-mama-kissen-mit-sechs-fotos\/","title":{"rendered":"Personalisierbares Mama-Kissen mit sechs Fotos"},"content":{"rendered":"<p>Hol dir dieses <strong>personalisierte Kissen<\/strong>, auf das du die gew\u00fcnschten Fotos und Texte drucken lassen kannst. Es ist eines der besten <strong>Geschenke<\/strong> <strong>f\u00fcr Familie, Freunde oder den Partner<\/strong> zu einem besonderen Anlass. Es eignet sich sogar hervorragend als <strong>Geschenk f\u00fcr Lehrer<\/strong>. Ideal als <strong>Geburtstagsgeschenk<\/strong>, zu Weihnachten, zum Jahrestag, zum Valentinstag oder zum Mutter- und Vatertag.<\/p>\n<p>Dieses Kissen ist <strong>vollst\u00e4ndig personalisierbar<\/strong>. Du musst nur <strong>diese sechs besonderen Fotos hinzuf\u00fcgen<\/strong>, die auf den Kissenbezug gedruckt werden und die <strong>von dem Wort deiner Wahl in der Mitte<\/strong> begleitet werden. Das Design wird so einzigartig, dass sich diese besondere Person nicht mehr von dem Kissen trennen m\u00f6chte! Dieses originelle Geschenk ist genau das Detail, das noch in der <strong>Dekoration von Sofa, Bett<\/strong> oder jedem anderen Lieblingsplatz im Haus fehlt.<\/p>\n<p>Der Bezug wird aus <strong>hochwertigen Materialien und Stoffen<\/strong> gefertigt, die ihn besonders widerstandsf\u00e4hig und langlebig machen. Au\u00dferdem kannst du f\u00fcr einen Aufpreis von 5 \u20ac <strong>die passende F\u00fcllung<\/strong> in der von dir gew\u00e4hlten Gr\u00f6\u00dfe dazu bestellen.<\/p>\n<p>Sichere dir eines der <strong>besondersten Fotogeschenke<\/strong>. Es ist ideal, um einem geliebten Menschen an einem besonderen Tag deine Zuneigung zu zeigen. Du machst sie damit zum gl\u00fccklichsten Menschen der Welt!<\/p>\n<p><strong>Eigenschaften:<\/strong><\/p>\n<ul>\n<li>Gr\u00f6\u00dfe: 35 x 35 cm \/ 45 x 45 cm<\/li>\n<li>Material: Velours mit hochwertiger Pfirsichhaut-Haptik.<\/li>\n<li>Pflege: Bezug mit Rei\u00dfverschluss, f\u00fcr die Waschmaschine geeignet. Trockner wird nicht empfohlen.<\/li>\n<li>Extras: F\u00fcllung nicht inbegriffen.<\/li>\n<\/ul>\n","protected":false},"excerpt":{"rendered":"<p>Hol dir dieses personalisierte Kissen, auf das du die gew\u00fcnschten Fotos und Texte drucken lassen ka [&#8230;]<\/p>\n","protected":false},"featured_media":495725,"comment_status":"open","ping_status":"closed","template":"","meta":{"_acf_changed":false},"product_brand":[],"product_cat":[1801],"product_tag":[1787],"class_list":{"0":"post-496195","1":"product","2":"type-product","3":"status-publish","4":"has-post-thumbnail","6":"product_cat-personalisierte-kissen","7":"product_tag-muetter","9":"first","10":"instock","11":"taxable","12":"shipping-taxable","13":"purchasable","14":"product-type-simple"},"acf":[],"df_price":14.99,"df_sale_price":"","df_regular_price":14.99,"df_image_link":"https:\/\/transparentgift.com\/de\/wp-content\/uploads\/2025\/11\/Mama-6-fotos_1-300x300.jpg","_links":{"self":[{"href":"https:\/\/transparentgift.com\/de\/wp-json\/wp\/v2\/product\/496195","targetHints":{"allow":["GET"]}}],"collection":[{"href":"https:\/\/transparentgift.com\/de\/wp-json\/wp\/v2\/product"}],"about":[{"href":"https:\/\/transparentgift.com\/de\/wp-json\/wp\/v2\/types\/product"}],"replies":[{"embeddable":true,"href":"https:\/\/transparentgift.com\/de\/wp-json\/wp\/v2\/comments?post=496195"}],"wp:featuredmedia":[{"embeddable":true,"href":"https:\/\/transparentgift.com\/de\/wp-json\/wp\/v2\/media\/495725"}],"wp:attachment":[{"href":"https:\/\/transparentgift.com\/de\/wp-json\/wp\/v2\/media?parent=496195"}],"wp:term":[{"taxonomy":"product_brand","embeddable":true,"href":"https:\/\/transparentgift.com\/de\/wp-json\/wp\/v2\/product_brand?post=496195"},{"taxonomy":"product_cat","embeddable":true,"href":"https:\/\/transparentgift.com\/de\/wp-json\/wp\/v2\/product_cat?post=496195"},{"taxonomy":"product_tag","embeddable":true,"href":"https:\/\/transparentgift.com\/de\/wp-json\/wp\/v2\/product_tag?post=496195"}],"curies":[{"name":"wp","href":"https:\/\/api.w.org\/{rel}","templated":true}]}}