{"id":496197,"date":"2025-11-20T18:13:58","date_gmt":"2025-11-20T17:13:58","guid":{"rendered":"https:\/\/transparentgift.com\/de\/polaroid-kissen-mit-vier-fotos-und-personalisiertem-text\/"},"modified":"2025-11-21T11:30:21","modified_gmt":"2025-11-21T10:30:21","slug":"polaroid-kissen-mit-vier-fotos-und-personalisiertem-text","status":"publish","type":"product","link":"https:\/\/transparentgift.com\/de\/polaroid-kissen-mit-vier-fotos-und-personalisiertem-text\/","title":{"rendered":"Polaroid-Kissen mit vier Fotos und personalisiertem Text"},"content":{"rendered":"<p>Hol dir dieses <strong>personalisierte Kissen<\/strong>, auf das du beliebige Fotos und Texte drucken lassen kannst. Es ist eines der besten <strong>Geschenke<\/strong> <strong>f\u00fcr Familie, Freunde oder Paare<\/strong> zu einem besonderen Anlass. Es ist sogar ein tolles <strong>Geschenk f\u00fcr Lehrer<\/strong>. Es eignet sich perfekt als <strong>Geburtstagsgeschenk<\/strong>, zu Weihnachten, zum Jahrestag, zum Valentinstag oder zum Mutter- und Vatertag.<\/p>\n<p>Dieses Kissen ist <strong>vollst\u00e4ndig personalisierbar<\/strong>. Du musst nur <strong>die vier Fotos hinzuf\u00fcgen<\/strong>, die du am liebsten magst; sie werden in <strong>wei\u00dfen Polaroid-Rahmen<\/strong> angeordnet. Au\u00dferdem kannst du <strong>einen gef\u00fchlvollen Text oder die gew\u00fcnschten Namen schreiben<\/strong>, die unter dem Design erscheinen. Das Design wird so einzigartig sein, dass sich diese besondere Person nicht mehr von dem Kissen trennen wird! Dieses originelle Geschenk ist das i-T\u00fcpfelchen f\u00fcr die <strong>Dekoration des Sofas, des Bettes<\/strong> oder jeden anderen Platz im Haus, an dem man sich ausruhen m\u00f6chte.<\/p>\n<p>Der Bezug wird aus <strong>hochwertigen Materialien und Stoffen<\/strong> hergestellt, die f\u00fcr Widerstandsf\u00e4higkeit und Langlebigkeit sorgen. Au\u00dferdem kannst du gegen einen Aufpreis von 5 \u20ac <strong>die F\u00fcllung<\/strong> in der gew\u00e4hlten Gr\u00f6\u00dfe mitbestellen.<\/p>\n<p>Sichere dir eines der <strong>besondersten personalisierten Fotogeschenke<\/strong>. Es ist ideal, um einem geliebten Menschen an einem besonderen Tag deine Zuneigung zu zeigen. Du wirst sie oder ihn zum gl\u00fccklichsten Menschen der Welt machen!<\/p>\n<p><strong>Merkmale: <\/strong><\/p>\n<ul>\n<li>Gr\u00f6\u00dfe: 35 x 35 cm \/ 45 x 45 cm<\/li>\n<li>Material: Velours mit hochwertiger Pfirsichhaut-Haptik.<\/li>\n<li>Pflege: Bezug mit abnehmbarem System, f\u00fcr die Waschmaschine geeignet. Nicht f\u00fcr den Trockner empfohlen.<\/li>\n<li>Extras: F\u00fcllung nicht inbegriffen.<\/li>\n<\/ul>\n","protected":false},"excerpt":{"rendered":"<p>Hol dir dieses personalisierte Kissen, auf das du beliebige Fotos und Texte drucken lassen kannst. E [&#8230;]<\/p>\n","protected":false},"featured_media":495761,"comment_status":"open","ping_status":"closed","template":"","meta":{"_acf_changed":false},"product_brand":[],"product_cat":[1801],"product_tag":[1776,1802],"class_list":{"0":"post-496197","1":"product","2":"type-product","3":"status-publish","4":"has-post-thumbnail","6":"product_cat-personalisierte-kissen","7":"product_tag-generisch","8":"product_tag-lehrer","10":"first","11":"instock","12":"taxable","13":"shipping-taxable","14":"purchasable","15":"product-type-simple"},"acf":[],"df_price":14.99,"df_sale_price":"","df_regular_price":14.99,"df_image_link":"https:\/\/transparentgift.com\/de\/wp-content\/uploads\/2025\/11\/4-fotos-polaroid_1-300x300.jpg","_links":{"self":[{"href":"https:\/\/transparentgift.com\/de\/wp-json\/wp\/v2\/product\/496197","targetHints":{"allow":["GET"]}}],"collection":[{"href":"https:\/\/transparentgift.com\/de\/wp-json\/wp\/v2\/product"}],"about":[{"href":"https:\/\/transparentgift.com\/de\/wp-json\/wp\/v2\/types\/product"}],"replies":[{"embeddable":true,"href":"https:\/\/transparentgift.com\/de\/wp-json\/wp\/v2\/comments?post=496197"}],"wp:featuredmedia":[{"embeddable":true,"href":"https:\/\/transparentgift.com\/de\/wp-json\/wp\/v2\/media\/495761"}],"wp:attachment":[{"href":"https:\/\/transparentgift.com\/de\/wp-json\/wp\/v2\/media?parent=496197"}],"wp:term":[{"taxonomy":"product_brand","embeddable":true,"href":"https:\/\/transparentgift.com\/de\/wp-json\/wp\/v2\/product_brand?post=496197"},{"taxonomy":"product_cat","embeddable":true,"href":"https:\/\/transparentgift.com\/de\/wp-json\/wp\/v2\/product_cat?post=496197"},{"taxonomy":"product_tag","embeddable":true,"href":"https:\/\/transparentgift.com\/de\/wp-json\/wp\/v2\/product_tag?post=496197"}],"curies":[{"name":"wp","href":"https:\/\/api.w.org\/{rel}","templated":true}]}}