{"id":496198,"date":"2025-11-20T18:14:00","date_gmt":"2025-11-20T17:14:00","guid":{"rendered":"https:\/\/transparentgift.com\/de\/lesezeichen-mit-drei-fotos-und-personalisiertem-text\/"},"modified":"2026-03-23T12:03:54","modified_gmt":"2026-03-23T11:03:54","slug":"lesezeichen-mit-drei-fotos-und-personalisiertem-text","status":"publish","type":"product","link":"https:\/\/transparentgift.com\/de\/lesezeichen-mit-drei-fotos-und-personalisiertem-text\/","title":{"rendered":"Lesezeichen mit drei Fotos und personalisiertem Text"},"content":{"rendered":"<p>\u00dcberrasche den B\u00fccherliebhaber in deinem Leben mit diesem <strong>personalisierten Lesezeichen<\/strong> mit Fotos und einem Text. Es ist das beste unter den <strong>Geschenken f\u00fcr Lehrer, Freunde oder Familienmitglieder<\/strong> zu einem besonderen Anlass. Es ist ideal als Geschenk zum <strong>Schuljahresende<\/strong>, zum <strong>Welttag des Buches<\/strong>, zum <strong>Geburtstag<\/strong> oder sogar zu <strong>Weihnachten<\/strong>.<\/p>\n<p>Dieses Lesezeichen ist vollst\u00e4ndig personalisierbar. Du musst nur <strong>drei besondere Fotos ausw\u00e4hlen<\/strong> von der Person, die du beschenken m\u00f6chtest, und <strong>eine Widmung oder einen Namen schreiben<\/strong>. Alles wird einseitig aufgedruckt und ergibt ein pers\u00f6nliches und einzigartiges Design. Er oder sie wird kein anderes Lesezeichen mehr benutzen wollen! Dies ist eines der besten Geschenke f\u00fcr Lehrer, mit dem sie <strong>ihre B\u00fccher<\/strong> \u2013 privat oder f\u00fcr den Unterricht \u2013 auf die originellste Weise markieren k\u00f6nnen. Es ist auch das perfekte Detail, um deine Zuneigung zu einem Familienmitglied, Freund oder Partner zu zeigen, der immer ein gutes Buch genie\u00dft.<\/p>\n<p>Das Lesezeichen wird aus <strong>hochwertigen Materialien<\/strong> hergestellt, die ihm Widerstandsf\u00e4higkeit und Langlebigkeit verleihen. Es wird mit einer h\u00fcbschen <strong>h\u00e4ngenden Quaste<\/strong> verziert.<\/p>\n<p>Verzichte nicht auf eines der <strong>originellsten personalisierten Geschenke<\/strong>. Es ist ideal, um dieser besonderen Person ein Geschenk zu machen und deine Liebe und Dankbarkeit bei jedem Anlass zu zeigen. Du wirst sie sich wie den gl\u00fccklichsten Menschen der Welt f\u00fchlen lassen!<\/p>\n<p><strong>Eigenschaften:<\/strong><\/p>\n<ul>\n<li>Gr\u00f6\u00dfe: 15 x 4 x 0,3 cm<\/li>\n<li>Material: Hochwertiges Acrylglas.<\/li>\n<li>Inklusive dekorativer Quaste.<\/li>\n<\/ul>\n","protected":false},"excerpt":{"rendered":"<p>\u00dcberrasche den B\u00fccherliebhaber in deinem Leben mit diesem personalisierten Lesezeichen mit Fotos u [&#8230;]<\/p>\n","protected":false},"featured_media":495707,"comment_status":"open","ping_status":"closed","template":"","meta":{"_acf_changed":false},"product_brand":[],"product_cat":[1789],"product_tag":[1802],"ai-category":[1907],"class_list":{"0":"post-496198","1":"product","2":"type-product","3":"status-publish","4":"has-post-thumbnail","6":"product_cat-originelle-produkte","7":"product_tag-lehrer","8":"ai-category-originales","10":"first","11":"instock","12":"taxable","13":"shipping-taxable","14":"purchasable","15":"product-type-simple"},"acf":[],"df_price":17.99,"df_sale_price":"","df_regular_price":17.99,"df_image_link":"https:\/\/transparentgift.com\/de\/wp-content\/uploads\/2025\/11\/MarcaPagina_Fotos_1_PORTADA-300x300.jpg","_links":{"self":[{"href":"https:\/\/transparentgift.com\/de\/wp-json\/wp\/v2\/product\/496198","targetHints":{"allow":["GET"]}}],"collection":[{"href":"https:\/\/transparentgift.com\/de\/wp-json\/wp\/v2\/product"}],"about":[{"href":"https:\/\/transparentgift.com\/de\/wp-json\/wp\/v2\/types\/product"}],"replies":[{"embeddable":true,"href":"https:\/\/transparentgift.com\/de\/wp-json\/wp\/v2\/comments?post=496198"}],"wp:featuredmedia":[{"embeddable":true,"href":"https:\/\/transparentgift.com\/de\/wp-json\/wp\/v2\/media\/495707"}],"wp:attachment":[{"href":"https:\/\/transparentgift.com\/de\/wp-json\/wp\/v2\/media?parent=496198"}],"wp:term":[{"taxonomy":"product_brand","embeddable":true,"href":"https:\/\/transparentgift.com\/de\/wp-json\/wp\/v2\/product_brand?post=496198"},{"taxonomy":"product_cat","embeddable":true,"href":"https:\/\/transparentgift.com\/de\/wp-json\/wp\/v2\/product_cat?post=496198"},{"taxonomy":"product_tag","embeddable":true,"href":"https:\/\/transparentgift.com\/de\/wp-json\/wp\/v2\/product_tag?post=496198"},{"taxonomy":"ai-category","embeddable":true,"href":"https:\/\/transparentgift.com\/de\/wp-json\/wp\/v2\/ai-category?post=496198"}],"curies":[{"name":"wp","href":"https:\/\/api.w.org\/{rel}","templated":true}]}}