{"id":496199,"date":"2025-11-20T18:14:01","date_gmt":"2025-11-20T17:14:01","guid":{"rendered":"https:\/\/transparentgift.com\/de\/set-mit-personalisierten-selbstklebenden-kinderetiketten-fuer-kleidung-und-gegenstaende-mit-namen\/"},"modified":"2026-03-23T12:03:55","modified_gmt":"2026-03-23T11:03:55","slug":"set-mit-personalisierten-selbstklebenden-kinderetiketten-fuer-kleidung-und-gegenstaende-mit-namen","status":"publish","type":"product","link":"https:\/\/transparentgift.com\/de\/set-mit-personalisierten-selbstklebenden-kinderetiketten-fuer-kleidung-und-gegenstaende-mit-namen\/","title":{"rendered":"Set mit personalisierten selbstklebenden Kinderetiketten f\u00fcr Kleidung und Gegenst\u00e4nde mit Namen"},"content":{"rendered":"<p><strong>Organisiere und sch\u00fctze alle Habseligkeiten deiner Kleinen mit Stil<\/strong>. Dieses umfassende Set personalisierter, selbstklebender Kinderetiketten ist die ideale L\u00f6sung, um Kleidung und Gegenst\u00e4nde f\u00fcr Schule oder Kindergarten zu kennzeichnen.<\/p>\n<p>Dank seines fr\u00f6hlichen und farbenfrohen Designs helfen diese Etiketten mit personalisiertem Namen, Verluste und Verwechslungen zu vermeiden und erm\u00f6glichen eine schnelle und spielerische Identifizierung jedes Gegenstands.<\/p>\n<p>Perfekt f\u00fcr Jungen und M\u00e4dchen im Schul- oder Vorschulalter, ist dieses Set daf\u00fcr gedacht, sie in ihrem Alltag zu begleiten: vom Kindergarten bis zu Schulausfl\u00fcgen. Es ist ein praktisches und originelles Geschenk zum Schulanfang, zu Geburtstagen oder als n\u00fctzliches Detail f\u00fcr organisierte Eltern. Vollst\u00e4ndig personalisierbar mit dem Namen deiner Wahl, sorgen diese Etiketten sowohl zu Hause als auch in der Schule f\u00fcr Ordnung und Ruhe.<\/p>\n<h4><strong>Merkmale:<\/strong><\/h4>\n<ul>\n<li>Enth\u00e4lt 26 Etiketten f\u00fcr Kleidung und 84 Etiketten f\u00fcr Gegenst\u00e4nde in verschiedenen Gr\u00f6\u00dfen und Formen<\/li>\n<li>2 hochwertige Metacrylat-Anh\u00e4nger f\u00fcr Rucks\u00e4cke oder Federm\u00e4ppchen<\/li>\n<li>Etiketten aus Textilvinyl und selbstklebendem Vinyl, wasser- und abriebfest<\/li>\n<li>Einfache Anwendung auf glatten Oberfl\u00e4chen oder auf Kleidungsst\u00fccken mit dem B\u00fcgeleisen<\/li>\n<li>Vollst\u00e4ndige Personalisierung mit dem Namen des Kindes und w\u00e4hlbarem Motivdesign<\/li>\n<\/ul>\n<h4><strong>Gr\u00f6\u00dfe und Menge pro Modell:<\/strong><\/h4>\n<ul>\n<li><strong>KLEIDUNG:<\/strong>\n<ul>\n<li>50&#215;50 mm = 18 Einheiten<\/li>\n<li>50&#215;15 mm = 8 Einheiten<\/li>\n<\/ul>\n<\/li>\n<li><strong>GEGENST\u00c4NDE:<\/strong>\n<ul>\n<li>50&#215;10 mm = 10 Einheiten<\/li>\n<li>50&#215;20 mm = 10 Einheiten<\/li>\n<li>48&#215;12 mm = 8 Einheiten<\/li>\n<li>30&#215;8 mm = 27 Einheiten<\/li>\n<li>35&#215;35 mm = 3 Einheiten<\/li>\n<li>31&#215;12 mm = 18 Einheiten<\/li>\n<li>25&#215;5 mm = 8 Einheiten<\/li>\n<\/ul>\n<\/li>\n<li><strong>ANH\u00c4NGER:<\/strong>\n<ul>\n<li>50&#215;28 mm = 2 Einheiten<\/li>\n<\/ul>\n<\/li>\n<\/ul>\n","protected":false},"excerpt":{"rendered":"<p>Organisiere und sch\u00fctze alle Habseligkeiten deiner Kleinen mit Stil. Dieses umfassende Set personal [&#8230;]<\/p>\n","protected":false},"featured_media":495998,"comment_status":"open","ping_status":"closed","template":"","meta":{"_acf_changed":false},"product_brand":[],"product_cat":[1803],"product_tag":[1791],"ai-category":[1854],"class_list":{"0":"post-496199","1":"product","2":"type-product","3":"status-publish","4":"has-post-thumbnail","6":"product_cat-personalisierte-etiketten","7":"product_tag-schule","8":"ai-category-etiquetas-personalizadas","10":"first","11":"instock","12":"taxable","13":"shipping-taxable","14":"purchasable","15":"product-type-simple"},"acf":[],"df_price":24.99,"df_sale_price":"","df_regular_price":24.99,"df_image_link":"https:\/\/transparentgift.com\/de\/wp-content\/uploads\/2025\/11\/aleman-1-300x300.jpg","_links":{"self":[{"href":"https:\/\/transparentgift.com\/de\/wp-json\/wp\/v2\/product\/496199","targetHints":{"allow":["GET"]}}],"collection":[{"href":"https:\/\/transparentgift.com\/de\/wp-json\/wp\/v2\/product"}],"about":[{"href":"https:\/\/transparentgift.com\/de\/wp-json\/wp\/v2\/types\/product"}],"replies":[{"embeddable":true,"href":"https:\/\/transparentgift.com\/de\/wp-json\/wp\/v2\/comments?post=496199"}],"wp:featuredmedia":[{"embeddable":true,"href":"https:\/\/transparentgift.com\/de\/wp-json\/wp\/v2\/media\/495998"}],"wp:attachment":[{"href":"https:\/\/transparentgift.com\/de\/wp-json\/wp\/v2\/media?parent=496199"}],"wp:term":[{"taxonomy":"product_brand","embeddable":true,"href":"https:\/\/transparentgift.com\/de\/wp-json\/wp\/v2\/product_brand?post=496199"},{"taxonomy":"product_cat","embeddable":true,"href":"https:\/\/transparentgift.com\/de\/wp-json\/wp\/v2\/product_cat?post=496199"},{"taxonomy":"product_tag","embeddable":true,"href":"https:\/\/transparentgift.com\/de\/wp-json\/wp\/v2\/product_tag?post=496199"},{"taxonomy":"ai-category","embeddable":true,"href":"https:\/\/transparentgift.com\/de\/wp-json\/wp\/v2\/ai-category?post=496199"}],"curies":[{"name":"wp","href":"https:\/\/api.w.org\/{rel}","templated":true}]}}