{"id":496201,"date":"2025-11-20T18:14:04","date_gmt":"2025-11-20T17:14:04","guid":{"rendered":"https:\/\/transparentgift.com\/de\/weihnachts-fussmatte-rentiere-mit-namen-und-personalisiertem-text\/"},"modified":"2026-05-14T15:38:18","modified_gmt":"2026-05-14T13:38:18","slug":"weihnachts-fussmatte-mit-rentieren-mit-namen-und-personalisiertem-text","status":"publish","type":"product","link":"https:\/\/transparentgift.com\/de\/weihnachts-fussmatte-mit-rentieren-mit-namen-und-personalisiertem-text\/","title":{"rendered":"Weihnachts-Fu\u00dfmatte mit Rentieren mit Namen und personalisiertem Text"},"content":{"rendered":"<p>Hol dir die <strong>weihnachtlichste Fu\u00dfmatte<\/strong> f\u00fcr diese Festtage! Lege den originellsten Teppich mit <strong>Weihnachtsrentier-Design<\/strong> an deinen Hauseingang. Diese Kokosfaser-Matte ist <strong>vollst\u00e4ndig personalisierbar<\/strong>. Du kannst die Namen der Haushaltsmitglieder hinzuf\u00fcgen, die zusammen mit dem Text erscheinen, den du schreiben m\u00f6chtest. Das ist die beste Art, deine G\u00e4ste willkommen zu hei\u00dfen!<\/p>\n<p>Dieses Modell wird aus <strong>hochwertiger Kokosfaser<\/strong> hergestellt, um seine Langlebigkeit zu gew\u00e4hrleisten. Au\u00dferdem verf\u00fcgt es \u00fcber eine <strong>rutschfeste Unterseite<\/strong>, die ein Verrutschen verhindert und die Haftung auf der Oberfl\u00e4che erleichtert. Du kannst sie mit Hilfe des Staubsaugers reinigen, um Staub zu entfernen.<\/p>\n<p>Die Fu\u00dfmatte ist das Zubeh\u00f6r, das du brauchst, um <strong>Schmutz und Feuchtigkeit von den Schuhen<\/strong> aufzufangen, bevor du das Haus betrittst. So vermeidest du Ausrutschen und h\u00e4ltst das Haus sauber. Du kannst sie auf den Boden neben die T\u00fcr oder im Durchgangsbereich im Innenraum legen.<\/p>\n<p>Wie personalisiert man sie? Zuerst musst du <strong>die Anzahl der Rentiere ausw\u00e4hlen<\/strong>, die du in das Design aufnehmen m\u00f6chtest, bis zu maximal f\u00fcnf. Danach musst du <strong>das Design<\/strong> ausw\u00e4hlen, das du f\u00fcr die gew\u00e4hlten Rentiere bevorzugst, und <strong>f\u00fcr jedes einen Namen schreiben<\/strong>. Du hast die M\u00f6glichkeit, das Design mit <strong>einem besonderen Text<\/strong> zu vervollst\u00e4ndigen, der ein Willkommensgru\u00df, eine Widmung oder der Familienname sein kann. Das Design dieser personalisierten Matte wird auf den Rand der Kokosfaserfilamente gedruckt und bietet dadurch weichere Farben und eine sanftere Sch\u00e4rfe. Daher <strong>empfehlen wir, die angebotenen Personalisierungsvorlagen<\/strong> oder deren Stil zu verwenden.<\/p>\n<p>Diese <strong>originellen Fu\u00dfmatten<\/strong> sind eine tolle Geschenkidee f\u00fcr diese Festtage f\u00fcr <strong>Freunde oder Familienmitglieder<\/strong>, die ausziehen oder in ihr neues Zuhause einziehen. Es ist ein originelles Detail, das mit Sicherheit begeistert und das Haus zusammen mit der restlichen Weihnachtsdekoration in Stimmung bringt.<\/p>\n<p><strong>Eigenschaften: <\/strong><\/p>\n<ul>\n<li>Gr\u00f6\u00dfe: 60 x 33 x 1,5 cm \/ 70 x 40 x 1,5 cm<\/li>\n<li>Material: Kokosfaser mit rutschfester PVC-Unterseite.<\/li>\n<li>Pflege: Mit Staubsauger reinigen oder aussch\u00fctteln. Nicht in der Maschine oder chemisch mit Reinigungsprodukten waschen. Nicht in den Trockner geben. Nur f\u00fcr den Hausgebrauch empfohlen, im Innenbereich und an Orten ohne \u00fcberm\u00e4\u00dfigen t\u00e4glichen Durchgang.<\/li>\n<\/ul>\n","protected":false},"excerpt":{"rendered":"<p>Hol dir die weihnachtlichste Fu\u00dfmatte f\u00fcr diese Festtage! Lege den originellsten Teppich mit Weihn [&#8230;]<\/p>\n","protected":false},"featured_media":495876,"comment_status":"open","ping_status":"closed","template":"","meta":{"_acf_changed":false},"product_brand":[],"product_cat":[1793],"product_tag":[1786,1794],"class_list":{"0":"post-496201","1":"product","2":"type-product","3":"status-publish","4":"has-post-thumbnail","6":"product_cat-personalisierte-fussmatten","7":"product_tag-familie","8":"product_tag-weihnachten","10":"first","11":"instock","12":"taxable","13":"shipping-taxable","14":"purchasable","15":"product-type-simple"},"acf":[],"df_price":19.99,"df_sale_price":"","df_regular_price":19.99,"df_image_link":"https:\/\/transparentgift.com\/de\/wp-content\/uploads\/2025\/11\/Renos_1-300x300.jpg","_links":{"self":[{"href":"https:\/\/transparentgift.com\/de\/wp-json\/wp\/v2\/product\/496201","targetHints":{"allow":["GET"]}}],"collection":[{"href":"https:\/\/transparentgift.com\/de\/wp-json\/wp\/v2\/product"}],"about":[{"href":"https:\/\/transparentgift.com\/de\/wp-json\/wp\/v2\/types\/product"}],"replies":[{"embeddable":true,"href":"https:\/\/transparentgift.com\/de\/wp-json\/wp\/v2\/comments?post=496201"}],"wp:featuredmedia":[{"embeddable":true,"href":"https:\/\/transparentgift.com\/de\/wp-json\/wp\/v2\/media\/495876"}],"wp:attachment":[{"href":"https:\/\/transparentgift.com\/de\/wp-json\/wp\/v2\/media?parent=496201"}],"wp:term":[{"taxonomy":"product_brand","embeddable":true,"href":"https:\/\/transparentgift.com\/de\/wp-json\/wp\/v2\/product_brand?post=496201"},{"taxonomy":"product_cat","embeddable":true,"href":"https:\/\/transparentgift.com\/de\/wp-json\/wp\/v2\/product_cat?post=496201"},{"taxonomy":"product_tag","embeddable":true,"href":"https:\/\/transparentgift.com\/de\/wp-json\/wp\/v2\/product_tag?post=496201"}],"curies":[{"name":"wp","href":"https:\/\/api.w.org\/{rel}","templated":true}]}}