{"id":496217,"date":"2025-11-20T18:14:32","date_gmt":"2025-11-20T17:14:32","guid":{"rendered":"https:\/\/transparentgift.com\/de\/der-grinch-pyjama-mit-personalisiertem-namen\/"},"modified":"2026-04-23T17:20:21","modified_gmt":"2026-04-23T15:20:21","slug":"der-grinch-pyjama-mit-personalisiertem-namen","status":"publish","type":"product","link":"https:\/\/transparentgift.com\/de\/der-grinch-pyjama-mit-personalisiertem-namen\/","title":{"rendered":"Der Grinch-Pyjama mit personalisiertem Namen"},"content":{"rendered":"<p>Verleihe den N\u00e4chten dieser besonderen Person eine einzigartige Note mit diesem <strong>Weihnachtspyjama von Der Grinch<\/strong>. Du kannst ihn mit dem gew\u00fcnschten Wort oder Namen personalisieren, um ihn noch spezieller zu machen. Er ist perfekt als <strong>Weihnachtsgeschenk f\u00fcr Familie, Freunde<\/strong> oder f\u00fcr deinen <strong>Partner<\/strong>. So oder so: Emotionen sind garantiert!<\/p>\n<p>Der Weihnachtspyjama ist vollst\u00e4ndig personalisierbar. Zuerst musst du<strong> den Namen<\/strong> der Person, die das Geschenk erh\u00e4lt, oder<strong> ein Wort<\/strong>, das sie beschreibt, angeben. Der Name erscheint auf dem T-Shirt \u00fcber dem <strong>Grinch-Design<\/strong> zusammen mit dem Text \u201eCuidado! [Tu Nombre] Es El Grinch\u201c auf einem auff\u00e4lligen <strong>roten Hintergrund<\/strong>.<\/p>\n<p>Anschlie\u00dfend musst du nur noch die <strong>passende Gr\u00f6\u00dfe ausw\u00e4hlen<\/strong>. Zur Auswahl stehen vier Gr\u00f6\u00dfen: <strong>S, M, L oder XL<\/strong>.<\/p>\n<p>Die Gr\u00f6\u00dfentabelle findest du auf dem letzten Bild.<\/p>\n<p>Diese Person wird den Pyjama an den Weihnachtsabenden stolz zum Schlafen tragen. Er wird zu ihrem Lieblingspyjama werden, da er exklusiv f\u00fcr sie oder ihn entworfen wurde!<\/p>\n<p>Er wird aus <strong>hochwertigen Stoffen<\/strong> gefertigt, die dank des hohen Anteils an <strong>Baumwolle<\/strong> f\u00fcr Strapazierf\u00e4higkeit und Weichheit sorgen. Das Design wird in Vollfarbe aufgebracht und der Stoff macht den Pyjama besonders <strong>bequem<\/strong>.<\/p>\n<p>Sichere dir den besten personalisierten Pyjama, um die <strong>Weihnachtsn\u00e4chte<\/strong> in vollen Z\u00fcgen zu genie\u00dfen. Er geh\u00f6rt zu den sch\u00f6nsten <strong>personalisierten Geschenken<\/strong>, die du in dieser besonderen Zeit machen kannst. Diese geliebte Person wird sich wie der gl\u00fccklichste Mensch der Welt f\u00fchlen!<\/p>\n<p><strong>Merkmale:<\/strong><\/p>\n<ul>\n<li>Gr\u00f6\u00dfen: S-M-L-XL.<\/li>\n<li>Material:\n<ul>\n<li>T-Shirt: 100% Baumwolle<\/li>\n<li>Hose: 80% Baumwolle &#8211; 20% Polyester<\/li>\n<\/ul>\n<\/li>\n<li>Farben:\n<ul>\n<li>T-Shirt: Rot.<\/li>\n<li>Hose: Schwarz.<\/li>\n<\/ul>\n<\/li>\n<\/ul>\n","protected":false},"excerpt":{"rendered":"<p>Verleihe den N\u00e4chten dieser besonderen Person eine einzigartige Note mit diesem Weihnachtspyjama vo [&#8230;]<\/p>\n","protected":false},"featured_media":496006,"comment_status":"open","ping_status":"closed","template":"","meta":{"_acf_changed":false},"product_brand":[],"product_cat":[1806],"product_tag":[1794],"class_list":{"0":"post-496217","1":"product","2":"type-product","3":"status-publish","4":"has-post-thumbnail","6":"product_cat-personalisierte-schlafanzuege","7":"product_tag-weihnachten","9":"first","10":"instock","11":"taxable","12":"shipping-taxable","13":"purchasable","14":"product-type-simple"},"acf":[],"df_price":28.99,"df_sale_price":"","df_regular_price":28.99,"df_image_link":"https:\/\/transparentgift.com\/de\/wp-content\/uploads\/2025\/11\/pijamagrich-aleman1-300x300.jpg","_links":{"self":[{"href":"https:\/\/transparentgift.com\/de\/wp-json\/wp\/v2\/product\/496217","targetHints":{"allow":["GET"]}}],"collection":[{"href":"https:\/\/transparentgift.com\/de\/wp-json\/wp\/v2\/product"}],"about":[{"href":"https:\/\/transparentgift.com\/de\/wp-json\/wp\/v2\/types\/product"}],"replies":[{"embeddable":true,"href":"https:\/\/transparentgift.com\/de\/wp-json\/wp\/v2\/comments?post=496217"}],"wp:featuredmedia":[{"embeddable":true,"href":"https:\/\/transparentgift.com\/de\/wp-json\/wp\/v2\/media\/496006"}],"wp:attachment":[{"href":"https:\/\/transparentgift.com\/de\/wp-json\/wp\/v2\/media?parent=496217"}],"wp:term":[{"taxonomy":"product_brand","embeddable":true,"href":"https:\/\/transparentgift.com\/de\/wp-json\/wp\/v2\/product_brand?post=496217"},{"taxonomy":"product_cat","embeddable":true,"href":"https:\/\/transparentgift.com\/de\/wp-json\/wp\/v2\/product_cat?post=496217"},{"taxonomy":"product_tag","embeddable":true,"href":"https:\/\/transparentgift.com\/de\/wp-json\/wp\/v2\/product_tag?post=496217"}],"curies":[{"name":"wp","href":"https:\/\/api.w.org\/{rel}","templated":true}]}}