{"id":496218,"date":"2025-11-20T18:14:34","date_gmt":"2025-11-20T17:14:34","guid":{"rendered":"https:\/\/transparentgift.com\/de\/personalisierter-ho-ho-ho-pyjama-mit-drei-fotos\/"},"modified":"2026-04-23T17:20:14","modified_gmt":"2026-04-23T15:20:14","slug":"personalisierter-ho-ho-ho-pyjama-mit-drei-fotos","status":"publish","type":"product","link":"https:\/\/transparentgift.com\/de\/personalisierter-ho-ho-ho-pyjama-mit-drei-fotos\/","title":{"rendered":"Personalisierter HO HO HO-Pyjama mit drei Fotos"},"content":{"rendered":"<p>Verleih den N\u00e4chten dieser besonderen Person eine einzigartige Note mit diesem <strong>personalisierten HO HO HO-Weihnachtspyjama mit drei Fotos<\/strong>. Genau, du kannst ihn mit den Fotos deiner Wahl personalisieren, um ihn noch spezieller zu machen. Er ist perfekt als <strong>Weihnachtsgeschenk f\u00fcr Familie, Freunde<\/strong> oder f\u00fcr deine <strong>Partnerin bzw. deinen Partner<\/strong>. So oder so sind Emotionen garantiert!<\/p>\n<p>Der Weihnachtspyjama ist vollst\u00e4ndig personalisierbar. Zuerst musst du <strong>drei Fotos hinzuf\u00fcgen<\/strong>, die unvergessliche Momente f\u00fcr dich oder f\u00fcr die Person, der du das Geschenk machst, darstellen. Sie werden auf dem T\u2011Shirt des Pyjamas zusammen mit dem lustigen Lachen des Weihnachtsmanns <strong>\u201eHO HO HO\u201c<\/strong> abgebildet. Danach musst du nur noch die <strong>ideale Gr\u00f6\u00dfe ausw\u00e4hlen<\/strong> \u2013 zur Auswahl stehen vier Optionen: <strong>S, M, L oder XL<\/strong>.<\/p>\n<p>Die Gr\u00f6\u00dfentabelle findest du auf dem letzten Bild.<\/p>\n<p>Diese Person wird ihn mit Stolz tragen, wenn sie an Weihnachten schlafen geht. Er wird zu ihrem Lieblingspyjama werden, da er exklusiv f\u00fcr sie oder ihn entworfen wurde!<\/p>\n<p>Er wird aus <strong>hochwertigen Stoffen<\/strong> hergestellt, die ihm dank des hohen <strong>Baumwoll<\/strong>anteils Widerstandsf\u00e4higkeit und Weichheit verleihen. Das Design wird in Vollfarbe gedruckt und die Haptik des Stoffes macht den Pyjama besonders <strong>bequem<\/strong>.<\/p>\n<p>Sichere dir den besten personalisierten Pyjama, um die <strong>Weihnachtsn\u00e4chte<\/strong> in vollen Z\u00fcgen zu genie\u00dfen. Er wird eines der besten <strong>personalisierten Geschenke<\/strong> sein, die du in dieser besonderen Zeit machen kannst. Diese geliebte Person wird sich wie der gl\u00fccklichste Mensch der Welt f\u00fchlen!<\/p>\n<p><strong>Eigenschaften:<\/strong><\/p>\n<ul>\n<li>Gr\u00f6\u00dfen: S \u2013 M \u2013 L \u2013 XL.<\/li>\n<li>Material:\n<ul>\n<li>T\u2011Shirt: 100 % Baumwolle<\/li>\n<li>Hose: 80 % Baumwolle \u2013 20 % Polyester<\/li>\n<\/ul>\n<\/li>\n<li>Farben:\n<ul>\n<li>T\u2011Shirt: Wei\u00df.<\/li>\n<li>Hose: Schwarz.<\/li>\n<\/ul>\n<\/li>\n<\/ul>\n","protected":false},"excerpt":{"rendered":"<p>Verleih den N\u00e4chten dieser besonderen Person eine einzigartige Note mit diesem personalisierten HO  [&#8230;]<\/p>\n","protected":false},"featured_media":496015,"comment_status":"open","ping_status":"closed","template":"","meta":{"_acf_changed":false},"product_brand":[],"product_cat":[1806],"product_tag":[1794],"class_list":{"0":"post-496218","1":"product","2":"type-product","3":"status-publish","4":"has-post-thumbnail","6":"product_cat-personalisierte-schlafanzuege","7":"product_tag-weihnachten","9":"first","10":"instock","11":"taxable","12":"shipping-taxable","13":"purchasable","14":"product-type-simple"},"acf":[],"df_price":27.99,"df_sale_price":"","df_regular_price":27.99,"df_image_link":"https:\/\/transparentgift.com\/de\/wp-content\/uploads\/2025\/11\/Pijama_HOHOHO_1-300x300.jpeg","_links":{"self":[{"href":"https:\/\/transparentgift.com\/de\/wp-json\/wp\/v2\/product\/496218","targetHints":{"allow":["GET"]}}],"collection":[{"href":"https:\/\/transparentgift.com\/de\/wp-json\/wp\/v2\/product"}],"about":[{"href":"https:\/\/transparentgift.com\/de\/wp-json\/wp\/v2\/types\/product"}],"replies":[{"embeddable":true,"href":"https:\/\/transparentgift.com\/de\/wp-json\/wp\/v2\/comments?post=496218"}],"wp:featuredmedia":[{"embeddable":true,"href":"https:\/\/transparentgift.com\/de\/wp-json\/wp\/v2\/media\/496015"}],"wp:attachment":[{"href":"https:\/\/transparentgift.com\/de\/wp-json\/wp\/v2\/media?parent=496218"}],"wp:term":[{"taxonomy":"product_brand","embeddable":true,"href":"https:\/\/transparentgift.com\/de\/wp-json\/wp\/v2\/product_brand?post=496218"},{"taxonomy":"product_cat","embeddable":true,"href":"https:\/\/transparentgift.com\/de\/wp-json\/wp\/v2\/product_cat?post=496218"},{"taxonomy":"product_tag","embeddable":true,"href":"https:\/\/transparentgift.com\/de\/wp-json\/wp\/v2\/product_tag?post=496218"}],"curies":[{"name":"wp","href":"https:\/\/api.w.org\/{rel}","templated":true}]}}