{"id":496219,"date":"2025-11-20T18:14:35","date_gmt":"2025-11-20T17:14:35","guid":{"rendered":"https:\/\/transparentgift.com\/de\/personalisierter-rentier-pyjama-mit-namen\/"},"modified":"2026-04-23T17:20:01","modified_gmt":"2026-04-23T15:20:01","slug":"personalisierter-rentier-pyjama-mit-namen","status":"publish","type":"product","link":"https:\/\/transparentgift.com\/de\/personalisierter-rentier-pyjama-mit-namen\/","title":{"rendered":"Personalisierter Rentier-Pyjama mit Namen"},"content":{"rendered":"<p>Verleihe den N\u00e4chten dieser besonderen Person eine einzigartige Note mit diesem <strong>weihnachtlichen Rentier-Pyjama<\/strong>. Du kannst ihn mit den gew\u00fcnschten Namen personalisieren, um ihn noch besonderer zu machen. Er ist perfekt als <strong>Weihnachtsgeschenk f\u00fcr Familie, Freunde<\/strong> oder f\u00fcr deine <strong>Partnerin\/deinen Partner<\/strong>. Er ist auch ein <strong>Geschenk f\u00fcr Kinder<\/strong>, \u00fcber das sie sich riesig freuen werden. Wie auch immer, die leuchtenden Augen sind garantiert!<\/p>\n<p>Der Weihnachts-Pyjama ist vollst\u00e4ndig personalisierbar. Zuerst musst du <strong>zwischen dem Modell f\u00fcr Erwachsene oder dem Modell f\u00fcr Kinder w\u00e4hlen<\/strong>. Danach hast du die M\u00f6glichkeit, <strong>die Anzahl der Rentiere auszuw\u00e4hlen<\/strong>, je nach gew\u00e4hltem Modell. F\u00fcr Erwachsenengr\u00f6\u00dfen kannst du bis zu maximal sechs Figuren ausw\u00e4hlen, und f\u00fcr Kindergr\u00f6\u00dfen nur eine.<\/p>\n<p>Der n\u00e4chste Schritt besteht darin, einen Namen oder Text hinzuzuf\u00fcgen, der sie identifiziert, und anschlie\u00dfend musst du nur noch die <strong>ideale Gr\u00f6\u00dfe ausw\u00e4hlen<\/strong> f\u00fcr diese Person. F\u00fcr Erwachsene kannst du w\u00e4hlen zwischen: <strong>S, M, L oder XL<\/strong>; und f\u00fcr Kinder zwischen: <strong>3\/4 \u2013 5\/6 \u2013 7\/8 \u2013 9\/10 \u2013 11\/12<\/strong>.<\/p>\n<p>Die Gr\u00f6\u00dfentabelle findest du auf dem letzten Bild.<\/p>\n<p>Diese erwachsene Person oder dieses Kind wird ihn mit Stolz tragen, wenn es an diesen Weihnachten schlafen geht. Er wird zu seinem Lieblingspyjama werden, da er exklusiv f\u00fcr sie oder ihn entworfen wurde!<\/p>\n<p>Er wird aus <strong>hochwertigen Stoffen<\/strong> hergestellt, die ihm dank des hohen Anteils an <strong>Baumwolle<\/strong> Widerstandsf\u00e4higkeit und Weichheit verleihen. Das Design wird in voller Farbe aufgedruckt und der Griff des Stoffes macht den Pyjama besonders <strong>bequem<\/strong>.<\/p>\n<p>Sichere dir den besten personalisierten Pyjama, um die <strong>Weihnachtsabende<\/strong> in vollen Z\u00fcgen zu feiern. Er wird eines der besten <strong>personalisierten Geschenke<\/strong> sein, die du in dieser besonderen Zeit machen kannst. Diese geliebte Person wird sich wie der gl\u00fccklichste Mensch der Welt f\u00fchlen!<\/p>\n<p><strong>Eigenschaften:<\/strong><\/p>\n<ul>\n<li>Gr\u00f6\u00dfen:\n<ul>\n<li>Erwachsene: S-M-L-XL.<\/li>\n<li>Kinder: 3\/4 &#8211; 5\/6 &#8211; 7\/8 &#8211; 9\/10 &#8211; 11\/12.<\/li>\n<\/ul>\n<\/li>\n<li>Material:\n<ul>\n<li>T-Shirt: 100 % Baumwolle<\/li>\n<li>Hose: 80 % Baumwolle &#8211; 20 % Polyester<\/li>\n<\/ul>\n<\/li>\n<li>Farben:\n<ul>\n<li>T-Shirt: Schwarz.<\/li>\n<li>Hose: Schwarz.<\/li>\n<\/ul>\n<\/li>\n<\/ul>\n","protected":false},"excerpt":{"rendered":"<p>Verleihe den N\u00e4chten dieser besonderen Person eine einzigartige Note mit diesem weihnachtlichen Ren [&#8230;]<\/p>\n","protected":false},"featured_media":496003,"comment_status":"open","ping_status":"closed","template":"","meta":{"_acf_changed":false},"product_brand":[],"product_cat":[1806],"product_tag":[1786,1784,1794],"class_list":{"0":"post-496219","1":"product","2":"type-product","3":"status-publish","4":"has-post-thumbnail","6":"product_cat-personalisierte-schlafanzuege","7":"product_tag-familie","8":"product_tag-kinder","9":"product_tag-weihnachten","11":"first","12":"instock","13":"taxable","14":"shipping-taxable","15":"purchasable","16":"product-type-simple"},"acf":[],"df_price":27.99,"df_sale_price":"","df_regular_price":27.99,"df_image_link":"https:\/\/transparentgift.com\/de\/wp-content\/uploads\/2025\/11\/pijamarenos-aleman1-300x300.jpg","_links":{"self":[{"href":"https:\/\/transparentgift.com\/de\/wp-json\/wp\/v2\/product\/496219","targetHints":{"allow":["GET"]}}],"collection":[{"href":"https:\/\/transparentgift.com\/de\/wp-json\/wp\/v2\/product"}],"about":[{"href":"https:\/\/transparentgift.com\/de\/wp-json\/wp\/v2\/types\/product"}],"replies":[{"embeddable":true,"href":"https:\/\/transparentgift.com\/de\/wp-json\/wp\/v2\/comments?post=496219"}],"wp:featuredmedia":[{"embeddable":true,"href":"https:\/\/transparentgift.com\/de\/wp-json\/wp\/v2\/media\/496003"}],"wp:attachment":[{"href":"https:\/\/transparentgift.com\/de\/wp-json\/wp\/v2\/media?parent=496219"}],"wp:term":[{"taxonomy":"product_brand","embeddable":true,"href":"https:\/\/transparentgift.com\/de\/wp-json\/wp\/v2\/product_brand?post=496219"},{"taxonomy":"product_cat","embeddable":true,"href":"https:\/\/transparentgift.com\/de\/wp-json\/wp\/v2\/product_cat?post=496219"},{"taxonomy":"product_tag","embeddable":true,"href":"https:\/\/transparentgift.com\/de\/wp-json\/wp\/v2\/product_tag?post=496219"}],"curies":[{"name":"wp","href":"https:\/\/api.w.org\/{rel}","templated":true}]}}