{"id":496220,"date":"2025-11-20T18:14:37","date_gmt":"2025-11-20T17:14:37","guid":{"rendered":"https:\/\/transparentgift.com\/de\/funko-pyjama-fuer-sommer-oder-winter-mit-personalisiertem-text\/"},"modified":"2026-04-23T17:19:39","modified_gmt":"2026-04-23T15:19:39","slug":"funko-pyjama-fuer-sommer-oder-winter-mit-personalisiertem-text","status":"publish","type":"product","link":"https:\/\/transparentgift.com\/de\/funko-pyjama-fuer-sommer-oder-winter-mit-personalisiertem-text\/","title":{"rendered":"Funko-Pyjama f\u00fcr Sommer oder Winter mit personalisiertem Text"},"content":{"rendered":"<p><strong>Funko-Pyjama mit personalisiertem Text<\/strong>. Verleihen Sie den N\u00e4chten Ihrer Liebsten eine einzigartige und besondere Note.<\/p>\n<p>Dieser personalisierbare Pyjama mit Funko-Pop-Figuren ist das perfekte Geschenk f\u00fcr jeden Anlass, von Geburtstagen bis hin zu Weihnachten und Valentinstag. Er ist f\u00fcr Erwachsene und Kinder konzipiert, erm\u00f6glicht die Auswahl der Anzahl der Funkos und kann mit einem Namen oder einem besonderen Text personalisiert werden.<\/p>\n<p>Ideal f\u00fcr Familienmitglieder, Freunde oder Paare wird dieser Pyjama zu einem unvergesslichen und einzigartigen Geschenk. Perfekt f\u00fcr entspannte Momente, l\u00e4sst er den Beschenkten sich besonders und geliebt f\u00fchlen. Au\u00dferdem ist er eine bezaubernde Option, um die Kleinen mit einem Detail zu \u00fcberraschen, das sie lieben werden.<\/p>\n<h4><strong>Merkmale:<\/strong><\/h4>\n<ul>\n<li>Gr\u00f6\u00dfen:\n<ul>\n<li>Erwachsene: S-M-L-XL.<\/li>\n<li>Kinder: 3\/4 &#8211; 5\/6 &#8211; 7\/8 &#8211; 9\/10 &#8211; 11\/12.<\/li>\n<\/ul>\n<\/li>\n<li>Material:\n<ul>\n<li>T-Shirt: 100 % Baumwolle<\/li>\n<li>Hose: 80 % Baumwolle &#8211; 20 % Polyester<\/li>\n<\/ul>\n<\/li>\n<li>Farben:\n<ul>\n<li>T-Shirt: Wei\u00df.<\/li>\n<li>Hose: Schwarz.<\/li>\n<\/ul>\n<\/li>\n<\/ul>\n","protected":false},"excerpt":{"rendered":"<p>Funko-Pyjama mit personalisiertem Text. Verleihen Sie den N\u00e4chten Ihrer Liebsten eine einzigartige  [&#8230;]<\/p>\n","protected":false},"featured_media":496019,"comment_status":"open","ping_status":"closed","template":"","meta":{"_acf_changed":false},"product_brand":[],"product_cat":[1806],"product_tag":[1786,1804,1776,1784,1787,1777,1780],"class_list":{"0":"post-496220","1":"product","2":"type-product","3":"status-publish","4":"has-post-thumbnail","6":"product_cat-personalisierte-schlafanzuege","7":"product_tag-familie","8":"product_tag-funkos","9":"product_tag-generisch","10":"product_tag-kinder","11":"product_tag-muetter","12":"product_tag-paare","13":"product_tag-vaeter","15":"first","16":"instock","17":"taxable","18":"shipping-taxable","19":"purchasable","20":"product-type-simple"},"acf":[],"df_price":27.99,"df_sale_price":"","df_regular_price":27.99,"df_image_link":"https:\/\/transparentgift.com\/de\/wp-content\/uploads\/2025\/11\/funkosflia-alemania1-300x300.jpg","_links":{"self":[{"href":"https:\/\/transparentgift.com\/de\/wp-json\/wp\/v2\/product\/496220","targetHints":{"allow":["GET"]}}],"collection":[{"href":"https:\/\/transparentgift.com\/de\/wp-json\/wp\/v2\/product"}],"about":[{"href":"https:\/\/transparentgift.com\/de\/wp-json\/wp\/v2\/types\/product"}],"replies":[{"embeddable":true,"href":"https:\/\/transparentgift.com\/de\/wp-json\/wp\/v2\/comments?post=496220"}],"wp:featuredmedia":[{"embeddable":true,"href":"https:\/\/transparentgift.com\/de\/wp-json\/wp\/v2\/media\/496019"}],"wp:attachment":[{"href":"https:\/\/transparentgift.com\/de\/wp-json\/wp\/v2\/media?parent=496220"}],"wp:term":[{"taxonomy":"product_brand","embeddable":true,"href":"https:\/\/transparentgift.com\/de\/wp-json\/wp\/v2\/product_brand?post=496220"},{"taxonomy":"product_cat","embeddable":true,"href":"https:\/\/transparentgift.com\/de\/wp-json\/wp\/v2\/product_cat?post=496220"},{"taxonomy":"product_tag","embeddable":true,"href":"https:\/\/transparentgift.com\/de\/wp-json\/wp\/v2\/product_tag?post=496220"}],"curies":[{"name":"wp","href":"https:\/\/api.w.org\/{rel}","templated":true}]}}