{"id":496221,"date":"2025-11-20T18:14:38","date_gmt":"2025-11-20T17:14:38","guid":{"rendered":"https:\/\/transparentgift.com\/de\/foto-blocktafel-mit-personalisiertem-foto\/"},"modified":"2026-05-14T15:42:23","modified_gmt":"2026-05-14T13:42:23","slug":"foto-schild-mit-personalisiertem-foto","status":"publish","type":"product","link":"https:\/\/transparentgift.com\/de\/foto-schild-mit-personalisiertem-foto\/","title":{"rendered":"Foto-Schild mit personalisiertem Foto"},"content":{"rendered":"<p><strong>Foto-Schild mit personalisiertem Foto<\/strong>. Halten Sie Ihre wertvollsten Erinnerungen fest und pr\u00e4sentieren Sie sie mit dieser eleganten Tafel aus Methacrylat.<\/p>\n<p>Verwandeln Sie Ihre Lieblingsfotos in ein <strong>einzigartiges<\/strong> und \u00fcberraschendes Detail. Dieser Fotorahmen ist ideal, um die Sch\u00f6nheit jedes Bildes hervorzuheben, dank seines minimalistischen und modernen Designs.<\/p>\n<p>Perfekt als Geschenk zu <strong>Geburtstagen, Jahrestagen, Valentinstag<\/strong> oder zu jedem besonderen Anlass wie dem <strong>Muttertag<\/strong> oder dem <strong>Vatertag<\/strong>. Au\u00dferdem ist er ein ideales dekoratives Accessoire f\u00fcr Zuhause oder das B\u00fcro und verleiht einen pers\u00f6nlichen und anspruchsvollen Touch.<\/p>\n<h4><strong>Merkmale:<\/strong><\/h4>\n<ul>\n<li>Gr\u00f6\u00dfe: 15 x 10 x 1,8 cm<\/li>\n<li>Material: Hochwertiges Methacrylat.<\/li>\n<li>Inklusive: Verpackung mit Geschenkbox.<\/li>\n<li>Pflege: L\u00e4sst sich ganz einfach mit einem trockenen Tuch reinigen.<\/li>\n<\/ul>\n","protected":false},"excerpt":{"rendered":"<p>Foto-Schild mit personalisiertem Foto. Halten Sie Ihre wertvollsten Erinnerungen fest und pr\u00e4sentie [&#8230;]<\/p>\n","protected":false},"featured_media":495609,"comment_status":"open","ping_status":"closed","template":"","meta":{"_acf_changed":false},"product_brand":[],"product_cat":[1775],"product_tag":[1779,1776,1777,1780],"class_list":{"0":"post-496221","1":"product","2":"type-product","3":"status-publish","4":"has-post-thumbnail","6":"product_cat-personalisierte-fotos-auf-acrylglas","7":"product_tag-frauen","8":"product_tag-generisch","9":"product_tag-paare","10":"product_tag-vaeter","12":"first","13":"instock","14":"taxable","15":"shipping-taxable","16":"purchasable","17":"product-type-simple"},"acf":[],"df_price":15.99,"df_sale_price":"","df_regular_price":15.99,"df_image_link":"https:\/\/transparentgift.com\/de\/wp-content\/uploads\/2025\/11\/1-Placa-Bloque-Portafotos-con-foto-personalizada-PADRES-300x300.jpg","_links":{"self":[{"href":"https:\/\/transparentgift.com\/de\/wp-json\/wp\/v2\/product\/496221","targetHints":{"allow":["GET"]}}],"collection":[{"href":"https:\/\/transparentgift.com\/de\/wp-json\/wp\/v2\/product"}],"about":[{"href":"https:\/\/transparentgift.com\/de\/wp-json\/wp\/v2\/types\/product"}],"replies":[{"embeddable":true,"href":"https:\/\/transparentgift.com\/de\/wp-json\/wp\/v2\/comments?post=496221"}],"wp:featuredmedia":[{"embeddable":true,"href":"https:\/\/transparentgift.com\/de\/wp-json\/wp\/v2\/media\/495609"}],"wp:attachment":[{"href":"https:\/\/transparentgift.com\/de\/wp-json\/wp\/v2\/media?parent=496221"}],"wp:term":[{"taxonomy":"product_brand","embeddable":true,"href":"https:\/\/transparentgift.com\/de\/wp-json\/wp\/v2\/product_brand?post=496221"},{"taxonomy":"product_cat","embeddable":true,"href":"https:\/\/transparentgift.com\/de\/wp-json\/wp\/v2\/product_cat?post=496221"},{"taxonomy":"product_tag","embeddable":true,"href":"https:\/\/transparentgift.com\/de\/wp-json\/wp\/v2\/product_tag?post=496221"}],"curies":[{"name":"wp","href":"https:\/\/api.w.org\/{rel}","templated":true}]}}