{"id":496222,"date":"2025-11-20T18:14:40","date_gmt":"2025-11-20T17:14:40","guid":{"rendered":"https:\/\/transparentgift.com\/de\/personalisierbares-kissen-mit-schild-und-haustiernamen\/"},"modified":"2025-11-21T11:32:03","modified_gmt":"2025-11-21T10:32:03","slug":"personalisierbares-kissen-mit-schild-und-haustiernamen","status":"publish","type":"product","link":"https:\/\/transparentgift.com\/de\/personalisierbares-kissen-mit-schild-und-haustiernamen\/","title":{"rendered":"Personalisierbares Kissen mit Schild und Haustiernamen"},"content":{"rendered":"<p>Hol dir dieses <strong>personalisierte Kissen mit dem Namen deines Haustiers<\/strong>, inklusive des charmanten Textes \u201eReserviert f\u00fcr\u201c. Es ist das perfekte Geschenk f\u00fcr Familie, Freunde oder Paare, die ihre felligen Begleiter lieben. Ohne Zweifel ist es ein <strong>originelles Geschenk, ideal zum Geburtstag<\/strong>, zu Weihnachten, zum Jahrestag, zum Valentinstag oder zum Mutter- bzw. Vatertag.<\/p>\n<p><strong>Dieses Kissen ist vollst\u00e4ndig personalisierbar<\/strong> und du kannst in nur wenigen Schritten ein <strong>einzigartiges Design-Geschenk f\u00fcr deinen vierbeinigen Freund<\/strong> erstellen. W\u00e4hle zuerst die Kissengr\u00f6\u00dfe aus drei Optionen: 35 x 35 cm, 45 x 45 cm oder 50 x 30 cm. Anschlie\u00dfend entscheidest du, ob es sich um einen <strong>Hund oder eine Katze<\/strong> handelt, um zur Rassenliste zu gelangen. Such das Motiv aus, das dein Tier am besten widerspiegelt, und achte dabei auf besondere Details wie Form und Farbe der Flecken oder sogar die Augenfarbe. Danach f\u00fcgst du seinen Namen hinzu, der auf dem gedruckten Holzschild unter dem Bild erscheint.<\/p>\n<p>Das Ergebnis ist ein <strong>exklusives Design<\/strong>, das das Aussehen deines Lieblings widerspiegelt und dieses Kissen zu seinem neuen Lieblingsplatz macht. Das Design ist so individuell, dass er oder sie es nicht mehr hergeben will! Dieses personalisierte Geschenk verleiht der Dekoration seines oder ihres Lieblingsplatzes den letzten Schliff.<\/p>\n<p>Es wird aus <strong>hochwertigen Materialien und Stoffen<\/strong> gefertigt, die f\u00fcr Widerstandsf\u00e4higkeit und Langlebigkeit sorgen. Au\u00dferdem kannst du w\u00e4hlen, ob du nur den Bezug oder Bezug plus F\u00fcllung gegen einen kleinen Aufpreis m\u00f6chtest. Sichere dir eines dieser <strong>personalisierten Geschenke, die speziell f\u00fcr Haustiere entworfen wurden<\/strong>. Es ist ideal, um einem geliebten Menschen an einem besonderen Tag deine Zuneigung zu zeigen. <strong>Du machst ihn oder sie damit zum gl\u00fccklichsten Menschen der Welt!<\/strong><\/p>\n<p><strong>Eigenschaften:<\/strong><\/p>\n<ul>\n<li>Gr\u00f6\u00dfe: 35 x 35 cm \/ 45 x 45 cm<\/li>\n<li>Material: Hochwertiger Velours mit Pfirsichhaut-Haptik.<\/li>\n<li>Pflege: Abnehmbarer Bezug, f\u00fcr die Waschmaschine geeignet. Trockner wird nicht empfohlen.<\/li>\n<li>Extras: F\u00fcllung nicht inbegriffen.<\/li>\n<\/ul>\n","protected":false},"excerpt":{"rendered":"<p>Hol dir dieses personalisierte Kissen mit dem Namen deines Haustiers, inklusive des charmanten Texte [&#8230;]<\/p>\n","protected":false},"featured_media":495731,"comment_status":"open","ping_status":"closed","template":"","meta":{"_acf_changed":false},"product_brand":[],"product_cat":[1801],"product_tag":[1788],"class_list":{"0":"post-496222","1":"product","2":"type-product","3":"status-publish","4":"has-post-thumbnail","6":"product_cat-personalisierte-kissen","7":"product_tag-haustiere","9":"first","10":"instock","11":"taxable","12":"shipping-taxable","13":"purchasable","14":"product-type-simple"},"acf":[],"df_price":14.99,"df_sale_price":"","df_regular_price":14.99,"df_image_link":"https:\/\/transparentgift.com\/de\/wp-content\/uploads\/2025\/11\/Mascotas-cartel-madera_1-300x300.jpg","_links":{"self":[{"href":"https:\/\/transparentgift.com\/de\/wp-json\/wp\/v2\/product\/496222","targetHints":{"allow":["GET"]}}],"collection":[{"href":"https:\/\/transparentgift.com\/de\/wp-json\/wp\/v2\/product"}],"about":[{"href":"https:\/\/transparentgift.com\/de\/wp-json\/wp\/v2\/types\/product"}],"replies":[{"embeddable":true,"href":"https:\/\/transparentgift.com\/de\/wp-json\/wp\/v2\/comments?post=496222"}],"wp:featuredmedia":[{"embeddable":true,"href":"https:\/\/transparentgift.com\/de\/wp-json\/wp\/v2\/media\/495731"}],"wp:attachment":[{"href":"https:\/\/transparentgift.com\/de\/wp-json\/wp\/v2\/media?parent=496222"}],"wp:term":[{"taxonomy":"product_brand","embeddable":true,"href":"https:\/\/transparentgift.com\/de\/wp-json\/wp\/v2\/product_brand?post=496222"},{"taxonomy":"product_cat","embeddable":true,"href":"https:\/\/transparentgift.com\/de\/wp-json\/wp\/v2\/product_cat?post=496222"},{"taxonomy":"product_tag","embeddable":true,"href":"https:\/\/transparentgift.com\/de\/wp-json\/wp\/v2\/product_tag?post=496222"}],"curies":[{"name":"wp","href":"https:\/\/api.w.org\/{rel}","templated":true}]}}