{"id":496223,"date":"2025-11-20T18:14:41","date_gmt":"2025-11-20T17:14:41","guid":{"rendered":"https:\/\/transparentgift.com\/de\/fussmatte-willkommen-zu-hause-mit-personalisiertem-haustiernamen\/"},"modified":"2026-01-29T01:58:52","modified_gmt":"2026-01-29T00:58:52","slug":"fussmatte-willkommen-zu-hause-mit-personalisiertem-haustiernamen","status":"publish","type":"product","link":"https:\/\/transparentgift.com\/de\/fussmatte-willkommen-zu-hause-mit-personalisiertem-haustiernamen\/","title":{"rendered":"Fu\u00dfmatte \u201eWillkommen zu Hause\u201c mit personalisiertem Haustiernamen"},"content":{"rendered":"<p>Hol dir den <strong>lustigsten Haustier-Fu\u00dfabtreter<\/strong>. Lege diese Kokosfaser-Fu\u00dfmatte im Eingangsbereich deines Zuhauses aus \u2013 mit einem Design, das deine felligen Mitbewohner samt Namen zeigt und einem Text, der dich begeistern wird. So bereitest du deinen G\u00e4sten den <strong>perfekten Empfang<\/strong>!<\/p>\n<p>Wie wird personalisiert? W\u00e4hle zuerst die Anzahl der Haustiere, die im Design erscheinen sollen \u2013 maximal zwei. Anschlie\u00dfend kannst du jedes Tier individuell gestalten, indem du zwischen <strong>Hund oder Katze<\/strong> ausw\u00e4hlst, um die passenden Rassenmotive zu aktivieren. Nachdem du das Design gew\u00e4hlt hast, das deinen besten Freund am besten widerspiegelt, kannst du seinen Namen hinzuf\u00fcgen. Danach kannst du die Namen der \u00fcbrigen Hausbewohner erg\u00e4nzen. Zum Schluss w\u00e4hlst du noch die ideale Gr\u00f6\u00dfe f\u00fcr deinen Eingangsbereich \u2013 und fertig! Schon kannst du deine <strong>super originelle Fu\u00dfmatte<\/strong> genie\u00dfen!<\/p>\n<p>Das Design dieser <strong>personalisierten Fu\u00dfmatte<\/strong> wird auf die Spitzen der <strong>Kokosfasern<\/strong> gedruckt und sorgt so f\u00fcr weichere Farben und Konturen. Diese originellen Fu\u00dfabtreter sind eine gro\u00dfartige Geschenkidee f\u00fcr Freunde oder Familienmitglieder, die in die erste eigene Wohnung ziehen oder ihr neues Zuhause einweihen.<\/p>\n<p><strong>Merkmale: <\/strong><\/p>\n<ul>\n<li>Gr\u00f6\u00dfe: 60 x 33 x 1,5 cm \/ 70 x 40 x 1,5 cm<\/li>\n<li>Material: Kokosfaser mit rutschfester PVC-Unterseite.<\/li>\n<li>Pflege: Mit dem Staubsauger reinigen oder aussch\u00fctteln. Nicht in der Maschine oder chemisch mit Reinigungsmitteln waschen. Nicht in den Trockner geben. Nur f\u00fcr den Hausgebrauch empfohlen, f\u00fcr den Innenbereich und Orte ohne \u00fcberm\u00e4\u00dfiges t\u00e4gliches Laufaufkommen.<\/li>\n<\/ul>\n","protected":false},"excerpt":{"rendered":"<p>Hol dir den lustigsten Haustier-Fu\u00dfabtreter. Lege diese Kokosfaser-Fu\u00dfmatte im Eingangsbereich dei [&#8230;]<\/p>\n","protected":false},"featured_media":496941,"comment_status":"open","ping_status":"closed","template":"","meta":{"_acf_changed":false},"product_brand":[],"product_cat":[1793],"product_tag":[1788],"class_list":{"0":"post-496223","1":"product","2":"type-product","3":"status-publish","4":"has-post-thumbnail","6":"product_cat-personalisierte-fussmatten","7":"product_tag-haustiere","9":"first","10":"instock","11":"taxable","12":"shipping-taxable","13":"purchasable","14":"product-type-simple"},"acf":[],"df_price":19.99,"df_sale_price":"","df_regular_price":19.99,"df_image_link":"https:\/\/transparentgift.com\/de\/wp-content\/uploads\/2025\/11\/1-22-300x300.jpg","_links":{"self":[{"href":"https:\/\/transparentgift.com\/de\/wp-json\/wp\/v2\/product\/496223","targetHints":{"allow":["GET"]}}],"collection":[{"href":"https:\/\/transparentgift.com\/de\/wp-json\/wp\/v2\/product"}],"about":[{"href":"https:\/\/transparentgift.com\/de\/wp-json\/wp\/v2\/types\/product"}],"replies":[{"embeddable":true,"href":"https:\/\/transparentgift.com\/de\/wp-json\/wp\/v2\/comments?post=496223"}],"wp:featuredmedia":[{"embeddable":true,"href":"https:\/\/transparentgift.com\/de\/wp-json\/wp\/v2\/media\/496941"}],"wp:attachment":[{"href":"https:\/\/transparentgift.com\/de\/wp-json\/wp\/v2\/media?parent=496223"}],"wp:term":[{"taxonomy":"product_brand","embeddable":true,"href":"https:\/\/transparentgift.com\/de\/wp-json\/wp\/v2\/product_brand?post=496223"},{"taxonomy":"product_cat","embeddable":true,"href":"https:\/\/transparentgift.com\/de\/wp-json\/wp\/v2\/product_cat?post=496223"},{"taxonomy":"product_tag","embeddable":true,"href":"https:\/\/transparentgift.com\/de\/wp-json\/wp\/v2\/product_tag?post=496223"}],"curies":[{"name":"wp","href":"https:\/\/api.w.org\/{rel}","templated":true}]}}