{"id":496231,"date":"2025-11-20T18:14:54","date_gmt":"2025-11-20T17:14:54","guid":{"rendered":"https:\/\/transparentgift.com\/de\/pyjama-schaefchen-zaehlen-fuer-sommer-oder-winter-mit-personalisiertem-namen\/"},"modified":"2026-04-23T17:19:25","modified_gmt":"2026-04-23T15:19:25","slug":"pyjama-schaefchen-zaehlen-fuer-sommer-oder-winter-mit-personalisiertem-namen","status":"publish","type":"product","link":"https:\/\/transparentgift.com\/de\/pyjama-schaefchen-zaehlen-fuer-sommer-oder-winter-mit-personalisiertem-namen\/","title":{"rendered":"Pyjama \u201eSch\u00e4fchen z\u00e4hlen\u201c f\u00fcr Sommer oder Winter mit personalisiertem Namen"},"content":{"rendered":"<p>Dieser <strong>personalisierte Pyjama \u201eSch\u00e4fchen z\u00e4hlen\u201c<\/strong> ist das perfekte Geschenk, mit einem originellen und lustigen Design: Schafe, die du mit dem Namen deiner Wahl personalisieren kannst! Es ist eine bezaubernde Art, deine Zuneigung zu einem besonderen Menschen zu zeigen, sei es deine <strong>Partnerin, dein Partner, ein Freund oder ein Familienmitglied<\/strong>. W\u00e4hle die \u00c4rmell\u00e4nge, die am besten zur Jahreszeit oder zu seinen bzw. ihren Vorlieben passt.<\/p>\n<p>Dieser Pyjama ist vollst\u00e4ndig personalisierbar. Du musst nur den Namen der Person angeben, der du ihn schenken m\u00f6chtest, oder ein besonderes Wort, das sie repr\u00e4sentiert. Dieses Detail wird auf jedes der Schafe gedruckt, die in den Pferch springen, und verleiht dem Pyjama eine einzigartige und bedeutungsvolle Note. So bekommt der Satz noch mehr Sinn: <strong>\u201eIch habe 99 Schafe gez\u00e4hlt \u2026 und bin tr\u00e4umend bei dir geblieben\u201c<\/strong>.<\/p>\n<p>Anschlie\u00dfend musst du nur noch <strong>die perfekte Gr\u00f6\u00dfe<\/strong> f\u00fcr diese Person aus den vier verf\u00fcgbaren Optionen S, M, L oder XL ausw\u00e4hlen. In der <strong>Gr\u00f6\u00dfentabelle auf dem letzten Bild<\/strong> kannst du nachsehen, um sicherzugehen, dass sie ideal ist.<\/p>\n<p>Dieser Pyjama wird nicht nur bequem, sondern auch etwas ganz Besonderes sein, exklusiv f\u00fcr sie oder ihn entworfen. Er wird garantiert zu ihrem oder seinem Lieblingspyjama zum Schlafengehen!<\/p>\n<p>Dieser Pyjama wird aus hochwertigen Stoffen gefertigt, die dank ihres hohen Baumwollanteils eine perfekte Kombination aus Strapazierf\u00e4higkeit und Weichheit bieten. Das Design wird in leuchtenden Farben gedruckt, w\u00e4hrend die Textur des Stoffes au\u00dfergew\u00f6hnlichen Tragekomfort garantiert und ihn zu einem idealen Kleidungsst\u00fcck zum Ausruhen macht.<\/p>\n<p>Verleihe deinen N\u00e4chten eine besondere Note mit diesem personalisierten Pyjama, der ideal ist, um von dem Menschen zu tr\u00e4umen, den du am meisten liebst. Er wird zu den <strong>besten personalisierten Geschenken<\/strong> geh\u00f6ren, die du zu so besonderen Anl\u00e4ssen wie <strong>Valentinstag, Jahrestag oder Geburtstag<\/strong> machen kannst. Dieser geliebte Mensch wird sich wie der gl\u00fccklichste Mensch der Welt f\u00fchlen!<\/p>\n<p><strong>Eigenschaften:<\/strong><\/p>\n<ul>\n<li>Gr\u00f6\u00dfen: S-M-L-XL.<\/li>\n<li>Material:\n<ul>\n<li>T-Shirt: 100 % Baumwolle<\/li>\n<li>Hose: 80 % Baumwolle \u2013 20 % Polyester<\/li>\n<\/ul>\n<\/li>\n<li>Farben:\n<ul>\n<li>T-Shirt: Wei\u00df.<\/li>\n<li>Hose: Schwarz.<\/li>\n<\/ul>\n<\/li>\n<\/ul>\n","protected":false},"excerpt":{"rendered":"<p>Dieser personalisierte Pyjama \u201eSch\u00e4fchen z\u00e4hlen\u201c ist das perfekte Geschenk, mit einem originel [&#8230;]<\/p>\n","protected":false},"featured_media":496027,"comment_status":"open","ping_status":"closed","template":"","meta":{"_acf_changed":false},"product_brand":[],"product_cat":[1806],"product_tag":[1777],"class_list":{"0":"post-496231","1":"product","2":"type-product","3":"status-publish","4":"has-post-thumbnail","6":"product_cat-personalisierte-schlafanzuege","7":"product_tag-paare","9":"first","10":"instock","11":"taxable","12":"shipping-taxable","13":"purchasable","14":"product-type-simple"},"acf":[],"df_price":27.99,"df_sale_price":"","df_regular_price":27.99,"df_image_link":"https:\/\/transparentgift.com\/de\/wp-content\/uploads\/2025\/11\/ovejas-alemania1-300x300.jpg","_links":{"self":[{"href":"https:\/\/transparentgift.com\/de\/wp-json\/wp\/v2\/product\/496231","targetHints":{"allow":["GET"]}}],"collection":[{"href":"https:\/\/transparentgift.com\/de\/wp-json\/wp\/v2\/product"}],"about":[{"href":"https:\/\/transparentgift.com\/de\/wp-json\/wp\/v2\/types\/product"}],"replies":[{"embeddable":true,"href":"https:\/\/transparentgift.com\/de\/wp-json\/wp\/v2\/comments?post=496231"}],"wp:featuredmedia":[{"embeddable":true,"href":"https:\/\/transparentgift.com\/de\/wp-json\/wp\/v2\/media\/496027"}],"wp:attachment":[{"href":"https:\/\/transparentgift.com\/de\/wp-json\/wp\/v2\/media?parent=496231"}],"wp:term":[{"taxonomy":"product_brand","embeddable":true,"href":"https:\/\/transparentgift.com\/de\/wp-json\/wp\/v2\/product_brand?post=496231"},{"taxonomy":"product_cat","embeddable":true,"href":"https:\/\/transparentgift.com\/de\/wp-json\/wp\/v2\/product_cat?post=496231"},{"taxonomy":"product_tag","embeddable":true,"href":"https:\/\/transparentgift.com\/de\/wp-json\/wp\/v2\/product_tag?post=496231"}],"curies":[{"name":"wp","href":"https:\/\/api.w.org\/{rel}","templated":true}]}}