{"id":496232,"date":"2025-11-20T18:14:55","date_gmt":"2025-11-20T17:14:55","guid":{"rendered":"https:\/\/transparentgift.com\/de\/perfektes-team-pyjama-fuer-sommer-oder-winter-mit-personalisiertem-namen-und-nummer\/"},"modified":"2026-04-23T17:19:01","modified_gmt":"2026-04-23T15:19:01","slug":"perfektes-team-pyjama-fuer-sommer-oder-winter-mit-personalisiertem-namen-und-nummer","status":"publish","type":"product","link":"https:\/\/transparentgift.com\/de\/perfektes-team-pyjama-fuer-sommer-oder-winter-mit-personalisiertem-namen-und-nummer\/","title":{"rendered":"Perfektes Team Pyjama f\u00fcr Sommer oder Winter mit personalisiertem Namen und Nummer"},"content":{"rendered":"<p>Dieser <strong>personalisierte Perfect Team Pyjama<\/strong> ist das <strong>ideale Geschenk<\/strong> mit einem <strong>originellen und bedeutungsvollen Design<\/strong>: Du kannst eine <strong>besondere Zahl<\/strong> und die <strong>Namen<\/strong> deiner Wahl hinzuf\u00fcgen. So l\u00e4sst sich die Verbindung zu einer besonderen Person auf einzigartige Weise feiern \u2013 egal, ob es sich um deinen Partner, einen Freund oder ein Familienmitglied handelt.<\/p>\n<p>Die Personalisierung ist ganz einfach: <strong>Gib eine Zahl ein<\/strong>, die f\u00fcr euch beide eine besondere Bedeutung hat, sowie die <strong>Namen, die du hinzuf\u00fcgen m\u00f6chtest<\/strong>. Dieser pers\u00f6nliche Touch macht den <strong>Pyjama zu einem einzigartigen St\u00fcck mit hohem Erinnerungswert<\/strong>.<\/p>\n<p>Au\u00dferdem kannst du zwischen den <strong>verf\u00fcgbaren Gr\u00f6\u00dfen S, M, L und XL w\u00e4hlen, damit der Pyjama perfekt sitzt.<\/strong> Sieh dir den Gr\u00f6\u00dfenleitfaden auf dem letzten Bild an, um die passende Gr\u00f6\u00dfe zu finden.<\/p>\n<p>Gefertigt aus <strong>hochwertigen Materialien<\/strong> vereint dieser Pyjama Strapazierf\u00e4higkeit und Weichheit dank seines hohen Baumwollanteils. Das Design wird in leuchtenden Farben gedruckt und sorgt so f\u00fcr ein elegantes und langlebiges Finish. Durch die weiche Haptik bietet er zudem <strong>maximalen Tragekomfort f\u00fcr erholsamen Schlaf<\/strong>.<\/p>\n<p>Dieser <strong>Pyjama ist das perfekte Geschenk<\/strong> f\u00fcr besondere Anl\u00e4sse wie <strong>Valentinstag<\/strong>, <strong>Jahrestage oder Geburtstage<\/strong>. Ein unvergessliches Detail, das zeigt, wie wichtig dir diese Person ist!<\/p>\n<p><strong>Eigenschaften:<\/strong><\/p>\n<ul>\n<li>Materialzusammensetzung:\n<ul>\n<li>T-Shirt: 100 % Baumwolle<\/li>\n<li>Hose: 80 % Baumwolle, 20 % Polyester<\/li>\n<\/ul>\n<\/li>\n<li>Farben:\n<ul>\n<li>T-Shirt: Wei\u00df<\/li>\n<li>Hose: Schwarz<\/li>\n<li>Gr\u00f6\u00dfen: S\u2013M\u2013L\u2013XL<\/li>\n<\/ul>\n<\/li>\n<\/ul>\n","protected":false},"excerpt":{"rendered":"<p>Dieser personalisierte Perfect Team Pyjama ist das ideale Geschenk mit einem originellen und bedeutu [&#8230;]<\/p>\n","protected":false},"featured_media":496011,"comment_status":"open","ping_status":"closed","template":"","meta":{"_acf_changed":false},"product_brand":[],"product_cat":[1806],"product_tag":[1777],"class_list":{"0":"post-496232","1":"product","2":"type-product","3":"status-publish","4":"has-post-thumbnail","6":"product_cat-personalisierte-schlafanzuege","7":"product_tag-paare","9":"first","10":"instock","11":"taxable","12":"shipping-taxable","13":"purchasable","14":"product-type-simple"},"acf":[],"df_price":27.99,"df_sale_price":"","df_regular_price":27.99,"df_image_link":"https:\/\/transparentgift.com\/de\/wp-content\/uploads\/2025\/11\/perfectteam-alemania2-300x300.jpg","_links":{"self":[{"href":"https:\/\/transparentgift.com\/de\/wp-json\/wp\/v2\/product\/496232","targetHints":{"allow":["GET"]}}],"collection":[{"href":"https:\/\/transparentgift.com\/de\/wp-json\/wp\/v2\/product"}],"about":[{"href":"https:\/\/transparentgift.com\/de\/wp-json\/wp\/v2\/types\/product"}],"replies":[{"embeddable":true,"href":"https:\/\/transparentgift.com\/de\/wp-json\/wp\/v2\/comments?post=496232"}],"wp:featuredmedia":[{"embeddable":true,"href":"https:\/\/transparentgift.com\/de\/wp-json\/wp\/v2\/media\/496011"}],"wp:attachment":[{"href":"https:\/\/transparentgift.com\/de\/wp-json\/wp\/v2\/media?parent=496232"}],"wp:term":[{"taxonomy":"product_brand","embeddable":true,"href":"https:\/\/transparentgift.com\/de\/wp-json\/wp\/v2\/product_brand?post=496232"},{"taxonomy":"product_cat","embeddable":true,"href":"https:\/\/transparentgift.com\/de\/wp-json\/wp\/v2\/product_cat?post=496232"},{"taxonomy":"product_tag","embeddable":true,"href":"https:\/\/transparentgift.com\/de\/wp-json\/wp\/v2\/product_tag?post=496232"}],"curies":[{"name":"wp","href":"https:\/\/api.w.org\/{rel}","templated":true}]}}