{"id":496238,"date":"2025-11-20T18:15:07","date_gmt":"2025-11-20T17:15:07","guid":{"rendered":"https:\/\/transparentgift.com\/de\/funko-pyjama-fuer-sommer-oder-winter-mit-personalisierten-namen\/"},"modified":"2026-04-23T17:18:51","modified_gmt":"2026-04-23T15:18:51","slug":"funko-pyjama-fuer-sommer-oder-winter-mit-personalisierten-namen","status":"publish","type":"product","link":"https:\/\/transparentgift.com\/de\/funko-pyjama-fuer-sommer-oder-winter-mit-personalisierten-namen\/","title":{"rendered":"Funko-Pyjama f\u00fcr Sommer oder Winter mit personalisierten Namen"},"content":{"rendered":"<p>Verleihe den N\u00e4chten dieser besonderen Person eine einzigartige Note mit diesem <strong>Pyjama mit Funko-Pop-Figuren<\/strong>. Er ist perfekt als <strong>Weihnachts-, Valentinstags- oder Geburtstagsgeschenk f\u00fcr Familie und Freunde<\/strong> oder f\u00fcr deine <strong>Partnerin\/deinen Partner<\/strong>. Er ist auch ein <strong>tolles Geschenk f\u00fcr Kinder<\/strong>, \u00fcber das sie sich riesig freuen werden. Wie auch immer \u2013 Begeisterung ist garantiert!<\/p>\n<p>Der Pyjama mit Funko Pops ist vollst\u00e4ndig personalisierbar. Zuerst musst du <strong>zwischen dem Modell f\u00fcr Erwachsene oder dem Modell f\u00fcr Kinder w\u00e4hlen<\/strong>. Danach hast du die M\u00f6glichkeit, <strong>die Anzahl der Pop-Figuren auszuw\u00e4hlen<\/strong>, abh\u00e4ngig vom gew\u00e4hlten Modell. F\u00fcr Erwachsenengr\u00f6\u00dfen kannst du bis zu maximal sechs Funkos w\u00e4hlen, und f\u00fcr Kindergr\u00f6\u00dfen nur eine.<\/p>\n<p>Der n\u00e4chste Schritt ist, einen Namen oder Text hinzuzuf\u00fcgen, der sie identifiziert, und anschlie\u00dfend nur noch die <strong>ideale Gr\u00f6\u00dfe auszuw\u00e4hlen<\/strong>. F\u00fcr Erwachsene kannst du w\u00e4hlen zwischen: <strong>S, M, L oder XL<\/strong>; und f\u00fcr Kinder zwischen: <strong>3\/4 \u2013 5\/6 \u2013 7\/8 \u2013 9\/10 \u2013 11\/12<\/strong>.<\/p>\n<p>Die Gr\u00f6\u00dfentabelle findest du auf dem letzten Bild.<\/p>\n<p>Diese erwachsene Person oder dieses Kind wird den Pyjama mit Stolz tragen, wenn es schlafen geht. Er wird schnell zum Lieblingspyjama, da er exklusiv f\u00fcr sie oder ihn entworfen wurde!<\/p>\n<p>Er wird aus <strong>hochwertigen Stoffen<\/strong> hergestellt, die ihm dank des hohen Anteils an <strong>Baumwolle<\/strong> Widerstandsf\u00e4higkeit und Weichheit verleihen. Das Design wird in Vollfarbe aufgedruckt und die Haptik des Stoffes sorgt daf\u00fcr, dass der Pyjama besonders <strong>bequem<\/strong> ist.<\/p>\n<p>Verzichte nicht auf den besten personalisierten Pyjama, um <strong>erholsame N\u00e4chte<\/strong> geb\u00fchrend zu feiern. Er wird eines der besten <strong>personalisierten Geschenke<\/strong> sein, die du zu besonderen Anl\u00e4ssen machen kannst. Diese geliebte Person wird sich wie der gl\u00fccklichste Mensch der Welt f\u00fchlen!<\/p>\n<p><strong>Merkmale:<\/strong><\/p>\n<ul>\n<li>Gr\u00f6\u00dfen:\n<ul>\n<li>Erwachsene: S &#8211; M &#8211; L &#8211; XL.<\/li>\n<li>Kinder: 3\/4 &#8211; 5\/6 &#8211; 7\/8 &#8211; 9\/10 &#8211; 11\/12.<\/li>\n<\/ul>\n<\/li>\n<li>Material:\n<ul>\n<li>T-Shirt: 100 % Baumwolle.<\/li>\n<li>Hose: 80 % Baumwolle &#8211; 20 % Polyester.<\/li>\n<\/ul>\n<\/li>\n<li>Farben:\n<ul>\n<li>T-Shirt: Wei\u00df.<\/li>\n<li>Hose: Schwarz.<\/li>\n<\/ul>\n<\/li>\n<\/ul>\n","protected":false},"excerpt":{"rendered":"<p>Verleihe den N\u00e4chten dieser besonderen Person eine einzigartige Note mit diesem Pyjama mit Funko-Po [&#8230;]<\/p>\n","protected":false},"featured_media":496030,"comment_status":"open","ping_status":"closed","template":"","meta":{"_acf_changed":false},"product_brand":[],"product_cat":[1806],"product_tag":[1786,1804,1805,1776,1784,1787,1777],"class_list":{"0":"post-496238","1":"product","2":"type-product","3":"status-publish","4":"has-post-thumbnail","6":"product_cat-personalisierte-schlafanzuege","7":"product_tag-familie","8":"product_tag-funkos","9":"product_tag-funkos_customizable_product","10":"product_tag-generisch","11":"product_tag-kinder","12":"product_tag-muetter","13":"product_tag-paare","15":"first","16":"instock","17":"taxable","18":"shipping-taxable","19":"purchasable","20":"product-type-simple"},"acf":[],"df_price":27.99,"df_sale_price":"","df_regular_price":27.99,"df_image_link":"https:\/\/transparentgift.com\/de\/wp-content\/uploads\/2025\/11\/pijamafunkos-alemania1-300x300.jpg","_links":{"self":[{"href":"https:\/\/transparentgift.com\/de\/wp-json\/wp\/v2\/product\/496238","targetHints":{"allow":["GET"]}}],"collection":[{"href":"https:\/\/transparentgift.com\/de\/wp-json\/wp\/v2\/product"}],"about":[{"href":"https:\/\/transparentgift.com\/de\/wp-json\/wp\/v2\/types\/product"}],"replies":[{"embeddable":true,"href":"https:\/\/transparentgift.com\/de\/wp-json\/wp\/v2\/comments?post=496238"}],"wp:featuredmedia":[{"embeddable":true,"href":"https:\/\/transparentgift.com\/de\/wp-json\/wp\/v2\/media\/496030"}],"wp:attachment":[{"href":"https:\/\/transparentgift.com\/de\/wp-json\/wp\/v2\/media?parent=496238"}],"wp:term":[{"taxonomy":"product_brand","embeddable":true,"href":"https:\/\/transparentgift.com\/de\/wp-json\/wp\/v2\/product_brand?post=496238"},{"taxonomy":"product_cat","embeddable":true,"href":"https:\/\/transparentgift.com\/de\/wp-json\/wp\/v2\/product_cat?post=496238"},{"taxonomy":"product_tag","embeddable":true,"href":"https:\/\/transparentgift.com\/de\/wp-json\/wp\/v2\/product_tag?post=496238"}],"curies":[{"name":"wp","href":"https:\/\/api.w.org\/{rel}","templated":true}]}}