{"id":496240,"date":"2025-11-20T18:15:11","date_gmt":"2025-11-20T17:15:11","guid":{"rendered":"https:\/\/transparentgift.com\/de\/kissen-mit-figuren-und-personalisiertem-text\/"},"modified":"2025-11-21T11:33:23","modified_gmt":"2025-11-21T10:33:23","slug":"kissen-mit-figuren-und-personalisiertem-text","status":"publish","type":"product","link":"https:\/\/transparentgift.com\/de\/kissen-mit-figuren-und-personalisiertem-text\/","title":{"rendered":"Kissen mit Figuren und personalisiertem Text"},"content":{"rendered":"<p><strong>Kissen mit Figuren und personalisiertem Text<\/strong>. Ein einzigartiges Geschenk, das deine Liebsten in lustigen Zeichnungen festh\u00e4lt.<\/p>\n<p>Dieses Kissen bietet die M\u00f6glichkeit, zwischen 1 und 5 Figuren jeweils mit einem Namen und Texten zu personalisieren und wird so zu einem unvergesslichen Detail. Ideal f\u00fcr Geburtstage, Weihnachten, Muttertag oder Vatertag \u2013 das perfekte Geschenk f\u00fcr alle, die ihre Liebe auf originelle Weise ausdr\u00fccken m\u00f6chten.<\/p>\n<p>Es ist ideal f\u00fcr alle, die personalisierte Details sch\u00e4tzen und ihrer Wohnungsdekoration eine besondere Note verleihen m\u00f6chten.<\/p>\n<h4><strong>Merkmale:<\/strong><\/h4>\n<ul>\n<li>Gr\u00f6\u00dfe: 35 x 35 cm \/ 45 x 45 cm<\/li>\n<li>Material: Velours mit hochwertiger Pfirsichhaut-Haptik.<\/li>\n<li>Pflege: Bezug mit abnehmbarem System, f\u00fcr die Waschmaschine geeignet. Trockner wird nicht empfohlen.<\/li>\n<li>Extras: F\u00fcllung nicht inbegriffen.<\/li>\n<\/ul>\n","protected":false},"excerpt":{"rendered":"<p>Kissen mit Figuren und personalisiertem Text. Ein einzigartiges Geschenk, das deine Liebsten in lust [&#8230;]<\/p>\n","protected":false},"featured_media":495746,"comment_status":"open","ping_status":"closed","template":"","meta":{"_acf_changed":false},"product_brand":[],"product_cat":[1801],"product_tag":[1786,1779,1780],"class_list":{"0":"post-496240","1":"product","2":"type-product","3":"status-publish","4":"has-post-thumbnail","6":"product_cat-personalisierte-kissen","7":"product_tag-familie","8":"product_tag-frauen","9":"product_tag-vaeter","11":"first","12":"instock","13":"taxable","14":"shipping-taxable","15":"purchasable","16":"product-type-simple"},"acf":[],"df_price":14.99,"df_sale_price":"","df_regular_price":14.99,"df_image_link":"https:\/\/transparentgift.com\/de\/wp-content\/uploads\/2025\/11\/Munecos_1-300x300.jpg","_links":{"self":[{"href":"https:\/\/transparentgift.com\/de\/wp-json\/wp\/v2\/product\/496240","targetHints":{"allow":["GET"]}}],"collection":[{"href":"https:\/\/transparentgift.com\/de\/wp-json\/wp\/v2\/product"}],"about":[{"href":"https:\/\/transparentgift.com\/de\/wp-json\/wp\/v2\/types\/product"}],"replies":[{"embeddable":true,"href":"https:\/\/transparentgift.com\/de\/wp-json\/wp\/v2\/comments?post=496240"}],"wp:featuredmedia":[{"embeddable":true,"href":"https:\/\/transparentgift.com\/de\/wp-json\/wp\/v2\/media\/495746"}],"wp:attachment":[{"href":"https:\/\/transparentgift.com\/de\/wp-json\/wp\/v2\/media?parent=496240"}],"wp:term":[{"taxonomy":"product_brand","embeddable":true,"href":"https:\/\/transparentgift.com\/de\/wp-json\/wp\/v2\/product_brand?post=496240"},{"taxonomy":"product_cat","embeddable":true,"href":"https:\/\/transparentgift.com\/de\/wp-json\/wp\/v2\/product_cat?post=496240"},{"taxonomy":"product_tag","embeddable":true,"href":"https:\/\/transparentgift.com\/de\/wp-json\/wp\/v2\/product_tag?post=496240"}],"curies":[{"name":"wp","href":"https:\/\/api.w.org\/{rel}","templated":true}]}}