{"id":496241,"date":"2025-11-20T18:15:12","date_gmt":"2025-11-20T17:15:12","guid":{"rendered":"https:\/\/transparentgift.com\/de\/sommer-oder-winter-pyjama-mit-figuren-und-personalisiertem-text\/"},"modified":"2026-04-23T16:04:48","modified_gmt":"2026-04-23T14:04:48","slug":"sommer-oder-winter-pyjama-mit-figuren-und-personalisiertem-text","status":"publish","type":"product","link":"https:\/\/transparentgift.com\/de\/sommer-oder-winter-pyjama-mit-figuren-und-personalisiertem-text\/","title":{"rendered":"Sommer- oder Winter-Pyjama mit Figuren und personalisiertem Text"},"content":{"rendered":"<p><strong>Pyjama mit Figuren und personalisiertem Text<\/strong> \u2013 ein einzigartiges Geschenk, um die besondere Verbindung zu deinen Liebsten zu feiern.<\/p>\n<p>Dieser Pyjama vereint Personalisierung und Komfort. Du kannst zwischen 1 und 5 Figuren mit jeweils einem Namen w\u00e4hlen und zus\u00e4tzlich Texte hinzuf\u00fcgen, um ein exklusives Design mit hohem emotionalem Wert zu gestalten.<\/p>\n<p>Er eignet sich ideal f\u00fcr Paare, Freunde und Familienmitglieder und ist perfekt f\u00fcr Anl\u00e4sse wie Jahrestage, Geburtstage, Muttertag oder Vatertag. Stell dir die \u00dcberraschung deines Lieblingsmenschen vor, wenn er ein so pers\u00f6nliches und besonderes Geschenk erh\u00e4lt.<\/p>\n<h4><strong>Eigenschaften:<\/strong><\/h4>\n<ul>\n<li>Zusammensetzung:\n<ul>\n<li>T-Shirt: 100\u00a0% Baumwolle<\/li>\n<li>Hose: 80\u00a0% Baumwolle, 20\u00a0% Polyester<\/li>\n<\/ul>\n<\/li>\n<li>Farben:\n<ul>\n<li>T-Shirt: Wei\u00df<\/li>\n<li>Hose: Schwarz<\/li>\n<li>Gr\u00f6\u00dfen: S-M-L-XL<\/li>\n<\/ul>\n<\/li>\n<\/ul>\n","protected":false},"excerpt":{"rendered":"<p>Pyjama mit Figuren und personalisiertem Text \u2013 ein einzigartiges Geschenk, um die besondere Verbin [&#8230;]<\/p>\n","protected":false},"featured_media":496023,"comment_status":"open","ping_status":"closed","template":"","meta":{"_acf_changed":false},"product_brand":[],"product_cat":[1806],"product_tag":[1786,1779,1780],"class_list":{"0":"post-496241","1":"product","2":"type-product","3":"status-publish","4":"has-post-thumbnail","6":"product_cat-personalisierte-schlafanzuege","7":"product_tag-familie","8":"product_tag-frauen","9":"product_tag-vaeter","11":"first","12":"instock","13":"taxable","14":"shipping-taxable","15":"purchasable","16":"product-type-simple"},"acf":[],"df_price":27.99,"df_sale_price":"","df_regular_price":27.99,"df_image_link":"https:\/\/transparentgift.com\/de\/wp-content\/uploads\/2025\/11\/munecos-alemania1-300x300.jpg","_links":{"self":[{"href":"https:\/\/transparentgift.com\/de\/wp-json\/wp\/v2\/product\/496241","targetHints":{"allow":["GET"]}}],"collection":[{"href":"https:\/\/transparentgift.com\/de\/wp-json\/wp\/v2\/product"}],"about":[{"href":"https:\/\/transparentgift.com\/de\/wp-json\/wp\/v2\/types\/product"}],"replies":[{"embeddable":true,"href":"https:\/\/transparentgift.com\/de\/wp-json\/wp\/v2\/comments?post=496241"}],"wp:featuredmedia":[{"embeddable":true,"href":"https:\/\/transparentgift.com\/de\/wp-json\/wp\/v2\/media\/496023"}],"wp:attachment":[{"href":"https:\/\/transparentgift.com\/de\/wp-json\/wp\/v2\/media?parent=496241"}],"wp:term":[{"taxonomy":"product_brand","embeddable":true,"href":"https:\/\/transparentgift.com\/de\/wp-json\/wp\/v2\/product_brand?post=496241"},{"taxonomy":"product_cat","embeddable":true,"href":"https:\/\/transparentgift.com\/de\/wp-json\/wp\/v2\/product_cat?post=496241"},{"taxonomy":"product_tag","embeddable":true,"href":"https:\/\/transparentgift.com\/de\/wp-json\/wp\/v2\/product_tag?post=496241"}],"curies":[{"name":"wp","href":"https:\/\/api.w.org\/{rel}","templated":true}]}}