{"id":496248,"date":"2025-11-20T18:15:25","date_gmt":"2025-11-20T17:15:25","guid":{"rendered":"https:\/\/transparentgift.com\/de\/personalisierte-socken-mit-foto\/"},"modified":"2025-12-16T15:21:12","modified_gmt":"2025-12-16T14:21:12","slug":"personalisierte-socken-mit-foto","status":"publish","type":"product","link":"https:\/\/transparentgift.com\/de\/personalisierte-socken-mit-foto\/","title":{"rendered":"Personalisierte Socken mit Foto"},"content":{"rendered":"<p><strong>Personalisierte Socken mit Foto<\/strong>. Originell, witzig und 100 % einzigartig \u2013 entworfen, um bei jedem Anlass hervorzustechen.<\/p>\n<p>Verwandle ein einfaches Kleidungsst\u00fcck in ein unvergessliches Geschenk: Deine Socken tragen das Gesicht deiner Wahl, wiederholt in einem Muster, das jedem ein L\u00e4cheln entlockt. Ideal, um mit etwas Ausgefallenem zu \u00fcberraschen.<\/p>\n<p>Perfekt als <strong>personalisierte Geschenke<\/strong> zu Geburtstagen, Jahrestagen, zum Valentinstag oder einfach nur, um gemeinsam zu lachen. Sie kommen sowohl bei Paaren als auch bei Freunden, M\u00fcttern, V\u00e4tern oder sogar als Team-Geschenk super an. Au\u00dferdem sind sie eine tolle Option f\u00fcr alle, die <strong>originelle Geschenke<\/strong> mit einer sehr pers\u00f6nlichen Note suchen.<\/p>\n<h4><strong>Eigenschaften:<\/strong><\/h4>\n<ul>\n<li>Material: Weiches und strapazierf\u00e4higes Polyester<\/li>\n<li>Verf\u00fcgbare Gr\u00f6\u00dfen: S\/M (36-40) und L\/XL (41-46)<\/li>\n<li>Personalisierung: Druck von Gesichtern als Allover-Muster<\/li>\n<li>Pflege: Waschmaschinengeeignet (max. 30\u202f\u00b0C), nicht im Trockner trocknen und nicht b\u00fcgeln<\/li>\n<\/ul>\n","protected":false},"excerpt":{"rendered":"<p>Personalisierte Socken mit Foto. Originell, witzig und 100 % einzigartig \u2013 entworfen, um bei jedem [&#8230;]<\/p>\n","protected":false},"featured_media":495952,"comment_status":"open","ping_status":"closed","template":"","meta":{"_acf_changed":false},"product_brand":[],"product_cat":[1800],"product_tag":[1786,1776,1787],"class_list":{"0":"post-496248","1":"product","2":"type-product","3":"status-publish","4":"has-post-thumbnail","6":"product_cat-personalisierte-socken","7":"product_tag-familie","8":"product_tag-generisch","9":"product_tag-muetter","11":"first","12":"instock","13":"taxable","14":"shipping-taxable","15":"purchasable","16":"product-type-simple"},"acf":[],"df_price":15.99,"df_sale_price":"","df_regular_price":15.99,"df_image_link":"https:\/\/transparentgift.com\/de\/wp-content\/uploads\/2025\/11\/Calcetines-de-Caras-1-300x300.jpg","_links":{"self":[{"href":"https:\/\/transparentgift.com\/de\/wp-json\/wp\/v2\/product\/496248","targetHints":{"allow":["GET"]}}],"collection":[{"href":"https:\/\/transparentgift.com\/de\/wp-json\/wp\/v2\/product"}],"about":[{"href":"https:\/\/transparentgift.com\/de\/wp-json\/wp\/v2\/types\/product"}],"replies":[{"embeddable":true,"href":"https:\/\/transparentgift.com\/de\/wp-json\/wp\/v2\/comments?post=496248"}],"wp:featuredmedia":[{"embeddable":true,"href":"https:\/\/transparentgift.com\/de\/wp-json\/wp\/v2\/media\/495952"}],"wp:attachment":[{"href":"https:\/\/transparentgift.com\/de\/wp-json\/wp\/v2\/media?parent=496248"}],"wp:term":[{"taxonomy":"product_brand","embeddable":true,"href":"https:\/\/transparentgift.com\/de\/wp-json\/wp\/v2\/product_brand?post=496248"},{"taxonomy":"product_cat","embeddable":true,"href":"https:\/\/transparentgift.com\/de\/wp-json\/wp\/v2\/product_cat?post=496248"},{"taxonomy":"product_tag","embeddable":true,"href":"https:\/\/transparentgift.com\/de\/wp-json\/wp\/v2\/product_tag?post=496248"}],"curies":[{"name":"wp","href":"https:\/\/api.w.org\/{rel}","templated":true}]}}