{"id":496455,"date":"2025-11-24T21:05:18","date_gmt":"2025-11-24T20:05:18","guid":{"rendered":"https:\/\/transparentgift.com\/de\/weihnachtssack-mit-initiale-und-personalisiertem-namen\/"},"modified":"2026-01-29T13:59:59","modified_gmt":"2026-01-29T12:59:59","slug":"weihnachtssack-mit-initiale-und-personalisiertem-namen","status":"publish","type":"product","link":"https:\/\/transparentgift.com\/de\/weihnachtssack-mit-initiale-und-personalisiertem-namen\/","title":{"rendered":"Weihnachtssack mit Initiale und personalisiertem Namen"},"content":{"rendered":"<p>Dieser <strong>personalisierte Weihnachtssack<\/strong> mit Initiale und Namen ist die beste Wahl, um Ihre Liebsten in diesem Winter zu begeistern. Sie k\u00f6nnen <strong>den Sack mit Geschenken, S\u00fc\u00dfigkeiten<\/strong> oder allem, was Ihnen am besten gef\u00e4llt, f\u00fcllen. Die Kleinsten im Haus werden begeistert sein!<\/p>\n<p>Jedes Kind oder Familienmitglied kann seinen eigenen personalisierten Sack haben, in dem es seine Weihnachtsgeschenke findet. Sie k\u00f6nnen <strong>eine Seite<\/strong> dieses sch\u00f6nen Sacks mit <strong>dem Namen und der Initiale<\/strong> dieser besonderen Person personalisieren, die auf den Stoff des Sacks auf einem <strong>beigen Hintergrund<\/strong> aufgebracht werden. Mit dieser originellen Dekoration zaubern Sie Ihren Angeh\u00f6rigen ein L\u00e4cheln ins Gesicht und verleihen Ihrer <strong>Weihnachtsdekoration<\/strong> eine einzigartige Note.<\/p>\n<p>Dieser Nikolaussack besteht aus <strong>hochwertigen Materialien und Stoffen<\/strong>, die Widerstandsf\u00e4higkeit und Langlebigkeit bieten. Au\u00dferdem ist <strong>eine Kordel<\/strong> in roter Farbe im oberen Bereich <strong>enthalten<\/strong>, mit der Sie den Sack <strong>ganz einfach tragen und verschlie\u00dfen<\/strong> k\u00f6nnen.<\/p>\n<p>Mit diesem einzigartigen und besonderen Sack vervollst\u00e4ndigen Sie die weihnachtliche Dekoration Ihres Zuhauses, indem Sie ihn neben den Baum stellen. Der Weihnachtsmann und die Heiligen Drei K\u00f6nige haben so einen Platz, an dem sie die Geschenke ablegen k\u00f6nnen. Personalisieren Sie einen Sack f\u00fcr jedes Familienmitglied und sorgen Sie in dieser Festzeit f\u00fcr eine \u00dcberraschung.<\/p>\n<p><strong>Merkmale:<\/strong><\/p>\n<ul>\n<li>Gr\u00f6\u00dfe: 87 x 51 cm<\/li>\n<li>Materialien: Hochwertiges Leinen.<\/li>\n<li>Inklusive: Rote Kordel zum Verschlie\u00dfen an der Oberseite.<\/li>\n<\/ul>\n","protected":false},"excerpt":{"rendered":"<p>Dieser personalisierte Weihnachtssack mit Initiale und Namen ist die beste Wahl, um Ihre Liebsten in [&#8230;]<\/p>\n","protected":false},"featured_media":496509,"comment_status":"open","ping_status":"closed","template":"","meta":{"_acf_changed":false},"product_brand":[],"product_cat":[1820],"product_tag":[1786,1794],"ai-category":[1845],"class_list":{"0":"post-496455","1":"product","2":"type-product","3":"status-publish","4":"has-post-thumbnail","6":"product_cat-personalisierte-weihnachtssaecke","7":"product_tag-familie","8":"product_tag-weihnachten","9":"ai-category-sacos-navidenos-personalizados","11":"first","12":"instock","13":"taxable","14":"shipping-taxable","15":"purchasable","16":"product-type-simple"},"acf":[],"df_price":19.99,"df_sale_price":"","df_regular_price":19.99,"df_image_link":"https:\/\/transparentgift.com\/de\/wp-content\/uploads\/2025\/11\/saco-navidad-1-300x300.jpg","_links":{"self":[{"href":"https:\/\/transparentgift.com\/de\/wp-json\/wp\/v2\/product\/496455","targetHints":{"allow":["GET"]}}],"collection":[{"href":"https:\/\/transparentgift.com\/de\/wp-json\/wp\/v2\/product"}],"about":[{"href":"https:\/\/transparentgift.com\/de\/wp-json\/wp\/v2\/types\/product"}],"replies":[{"embeddable":true,"href":"https:\/\/transparentgift.com\/de\/wp-json\/wp\/v2\/comments?post=496455"}],"wp:featuredmedia":[{"embeddable":true,"href":"https:\/\/transparentgift.com\/de\/wp-json\/wp\/v2\/media\/496509"}],"wp:attachment":[{"href":"https:\/\/transparentgift.com\/de\/wp-json\/wp\/v2\/media?parent=496455"}],"wp:term":[{"taxonomy":"product_brand","embeddable":true,"href":"https:\/\/transparentgift.com\/de\/wp-json\/wp\/v2\/product_brand?post=496455"},{"taxonomy":"product_cat","embeddable":true,"href":"https:\/\/transparentgift.com\/de\/wp-json\/wp\/v2\/product_cat?post=496455"},{"taxonomy":"product_tag","embeddable":true,"href":"https:\/\/transparentgift.com\/de\/wp-json\/wp\/v2\/product_tag?post=496455"},{"taxonomy":"ai-category","embeddable":true,"href":"https:\/\/transparentgift.com\/de\/wp-json\/wp\/v2\/ai-category?post=496455"}],"curies":[{"name":"wp","href":"https:\/\/api.w.org\/{rel}","templated":true}]}}