{"id":496545,"date":"2025-11-27T17:18:24","date_gmt":"2025-11-27T16:18:24","guid":{"rendered":"https:\/\/transparentgift.com\/de\/poster-familie-von-hinten-mit-namen-und-personalisiertem-text\/"},"modified":"2026-04-17T12:27:48","modified_gmt":"2026-04-17T10:27:48","slug":"poster-familie-von-hinten-mit-namen-und-personalisiertem-text","status":"publish","type":"product","link":"https:\/\/transparentgift.com\/de\/poster-familie-von-hinten-mit-namen-und-personalisiertem-text\/","title":{"rendered":"Poster Familie von Hinten mit Namen und personalisiertem Text"},"content":{"rendered":"<p><strong>Personalisiertes Poster mit einer von hinten gezeigten Familie \u2013 ein emotionales, minimalistisches Motiv, ideal, um den Familienzusammenhalt zu feiern.<\/strong><\/p>\n<p>Sein sanfter, klarer Stil verwandelt eine Alltagsszene in eine Illustration mit gro\u00dfer emotionaler Wirkung \u2013 perfekt, um das Zuhause mit einem dezenten, modernen und sehr pers\u00f6nlichen Detail zu dekorieren. Es ist ein Kunstwerk, das N\u00e4he und Harmonie vermittelt und sich jedem Einrichtungsstil anpasst.<\/p>\n<p>Ideal als Geschenk zum Geburtstag, zu Weihnachten, zum Muttertag, Vatertag, Jahrestag oder als besondere Aufmerksamkeit f\u00fcr eine frisch gewachsene Familie. Dieses Design erm\u00f6glicht einzigartige Darstellungen mit bis zu 7 Figuren. Dank der verschiedenen Optionen f\u00fcr Farbe, Schriftart und Gr\u00f6\u00dfe passt es perfekt ins Wohn-, Schlaf-, Arbeits- oder Kinderzimmer.<\/p>\n<h4><strong>Merkmale:<\/strong><\/h4>\n<ul>\n<li>Bis zu 7 individuell w\u00e4hlbare, personalisierte Figuren.<\/li>\n<li>Verf\u00fcgbare Gr\u00f6\u00dfen: 27,9 x 21 cm, 40 x 30 cm und 59,5 x 42 cm.<\/li>\n<li>Rahmenoptionen in Schwarz, Wei\u00df oder Eiche oder die M\u00f6glichkeit, es ohne Rahmen zu erwerben.<\/li>\n<li>Auswahl zwischen 2 Schriftarten.<\/li>\n<li>Auswahl zwischen 3 Farben, um das Design an den Stil des Kunden anzupassen.<\/li>\n<\/ul>\n","protected":false},"excerpt":{"rendered":"<p>Personalisiertes Poster mit einer von hinten gezeigten Familie \u2013 ein emotionales, minimalistisches [&#8230;]<\/p>\n","protected":false},"featured_media":496582,"comment_status":"open","ping_status":"closed","template":"","meta":{"_acf_changed":false},"product_brand":[],"product_cat":[1833],"product_tag":[1786,1779,1809,1780],"class_list":{"0":"post-496545","1":"product","2":"type-product","3":"status-publish","4":"has-post-thumbnail","6":"product_cat-personalisierte-poster","7":"product_tag-familie","8":"product_tag-frauen","9":"product_tag-neu","10":"product_tag-vaeter","12":"first","13":"instock","14":"taxable","15":"shipping-taxable","16":"purchasable","17":"product-type-simple"},"acf":[],"df_price":23.99,"df_sale_price":"","df_regular_price":23.99,"df_image_link":"https:\/\/transparentgift.com\/de\/wp-content\/uploads\/2025\/11\/1-3-300x300.jpg","_links":{"self":[{"href":"https:\/\/transparentgift.com\/de\/wp-json\/wp\/v2\/product\/496545","targetHints":{"allow":["GET"]}}],"collection":[{"href":"https:\/\/transparentgift.com\/de\/wp-json\/wp\/v2\/product"}],"about":[{"href":"https:\/\/transparentgift.com\/de\/wp-json\/wp\/v2\/types\/product"}],"replies":[{"embeddable":true,"href":"https:\/\/transparentgift.com\/de\/wp-json\/wp\/v2\/comments?post=496545"}],"wp:featuredmedia":[{"embeddable":true,"href":"https:\/\/transparentgift.com\/de\/wp-json\/wp\/v2\/media\/496582"}],"wp:attachment":[{"href":"https:\/\/transparentgift.com\/de\/wp-json\/wp\/v2\/media?parent=496545"}],"wp:term":[{"taxonomy":"product_brand","embeddable":true,"href":"https:\/\/transparentgift.com\/de\/wp-json\/wp\/v2\/product_brand?post=496545"},{"taxonomy":"product_cat","embeddable":true,"href":"https:\/\/transparentgift.com\/de\/wp-json\/wp\/v2\/product_cat?post=496545"},{"taxonomy":"product_tag","embeddable":true,"href":"https:\/\/transparentgift.com\/de\/wp-json\/wp\/v2\/product_tag?post=496545"}],"curies":[{"name":"wp","href":"https:\/\/api.w.org\/{rel}","templated":true}]}}