{"id":496547,"date":"2025-11-27T17:18:26","date_gmt":"2025-11-27T16:18:26","guid":{"rendered":"https:\/\/transparentgift.com\/de\/poster-familie-von-vorne-mit-namen-und-personalisiertem-text\/"},"modified":"2026-04-17T12:27:49","modified_gmt":"2026-04-17T10:27:49","slug":"poster-familie-von-vorne-mit-namen-und-personalisiertem-text","status":"publish","type":"product","link":"https:\/\/transparentgift.com\/de\/poster-familie-von-vorne-mit-namen-und-personalisiertem-text\/","title":{"rendered":"Poster Familie von Vorne mit Namen und personalisiertem Text"},"content":{"rendered":"<p><strong>Personalisiertes Familienposter von vorne \u2013 ein modernes, ausdrucksstarkes Bild, um allt\u00e4gliche und besondere Momente zu feiern.<\/strong><\/p>\n<p>Der illustrierte, minimalistische Stil verwandelt einen einfachen Spaziergang in eine lebendige Szene und verleiht jeder Ecke des Zuhauses eine einzigartige, warme Note. Das klare, moderne Design passt zu allen Einrichtungsstilen, von skandinavisch inspirierten R\u00e4umen bis hin zu farbenfrohen Umgebungen.<\/p>\n<p>Ideal als Geschenk zum Geburtstag, zu Weihnachten, zum Vatertag, Muttertag, Jahrestag oder als besondere Aufmerksamkeit f\u00fcr eine Familie, die sich auf originelle Weise dargestellt sehen m\u00f6chte. Dank der M\u00f6glichkeit, bis zu 7 Figuren zu personalisieren, sowie der Auswahl von Farben und Schriftarten eignet sich dieses Poster sowohl f\u00fcr gro\u00dfe als auch f\u00fcr kleine Familien, Paare oder sogar Familien mit Haustieren und f\u00fcgt sich perfekt in Wohnzimmer, Kinderzimmer, Flure oder Arbeitszimmer ein.<\/p>\n<h4><strong>Merkmale:<\/strong><\/h4>\n<ul>\n<li>Bis zu 7 personalisierte Figuren zur Auswahl.<\/li>\n<li>Verf\u00fcgbare Gr\u00f6\u00dfen: 27,9 x 21 cm, 40 x 30 cm und 59,5 x 42 cm.<\/li>\n<li>Rahmenoptionen in Schwarz, Wei\u00df oder Eiche oder die M\u00f6glichkeit, das Poster ohne Rahmen zu erwerben.<\/li>\n<li>Auswahl zwischen 2 Schriftarten f\u00fcr den personalisierten Text.<\/li>\n<li>Auswahl zwischen 3 Hintergrundfarben, um das Design an den Stil des Kunden anzupassen.<\/li>\n<\/ul>\n","protected":false},"excerpt":{"rendered":"<p>Personalisiertes Familienposter von vorne \u2013 ein modernes, ausdrucksstarkes Bild, um allt\u00e4gliche u [&#8230;]<\/p>\n","protected":false},"featured_media":496590,"comment_status":"open","ping_status":"closed","template":"","meta":{"_acf_changed":false},"product_brand":[],"product_cat":[1833],"product_tag":[1786,1779,1809,1780],"class_list":{"0":"post-496547","1":"product","2":"type-product","3":"status-publish","4":"has-post-thumbnail","6":"product_cat-personalisierte-poster","7":"product_tag-familie","8":"product_tag-frauen","9":"product_tag-neu","10":"product_tag-vaeter","12":"first","13":"instock","14":"taxable","15":"shipping-taxable","16":"purchasable","17":"product-type-simple"},"acf":[],"df_price":23.99,"df_sale_price":"","df_regular_price":23.99,"df_image_link":"https:\/\/transparentgift.com\/de\/wp-content\/uploads\/2025\/11\/1-5-300x300.jpg","_links":{"self":[{"href":"https:\/\/transparentgift.com\/de\/wp-json\/wp\/v2\/product\/496547","targetHints":{"allow":["GET"]}}],"collection":[{"href":"https:\/\/transparentgift.com\/de\/wp-json\/wp\/v2\/product"}],"about":[{"href":"https:\/\/transparentgift.com\/de\/wp-json\/wp\/v2\/types\/product"}],"replies":[{"embeddable":true,"href":"https:\/\/transparentgift.com\/de\/wp-json\/wp\/v2\/comments?post=496547"}],"wp:featuredmedia":[{"embeddable":true,"href":"https:\/\/transparentgift.com\/de\/wp-json\/wp\/v2\/media\/496590"}],"wp:attachment":[{"href":"https:\/\/transparentgift.com\/de\/wp-json\/wp\/v2\/media?parent=496547"}],"wp:term":[{"taxonomy":"product_brand","embeddable":true,"href":"https:\/\/transparentgift.com\/de\/wp-json\/wp\/v2\/product_brand?post=496547"},{"taxonomy":"product_cat","embeddable":true,"href":"https:\/\/transparentgift.com\/de\/wp-json\/wp\/v2\/product_cat?post=496547"},{"taxonomy":"product_tag","embeddable":true,"href":"https:\/\/transparentgift.com\/de\/wp-json\/wp\/v2\/product_tag?post=496547"}],"curies":[{"name":"wp","href":"https:\/\/api.w.org\/{rel}","templated":true}]}}