{"id":496550,"date":"2025-11-27T17:18:29","date_gmt":"2025-11-27T16:18:29","guid":{"rendered":"https:\/\/transparentgift.com\/de\/labubu-poster-mit-namen-und-personalisiertem-text\/"},"modified":"2026-04-17T12:27:50","modified_gmt":"2026-04-17T10:27:50","slug":"labubu-poster-mit-namen-und-personalisiertem-text","status":"publish","type":"product","link":"https:\/\/transparentgift.com\/de\/labubu-poster-mit-namen-und-personalisiertem-text\/","title":{"rendered":"Labubu-Poster mit Namen und personalisiertem Text"},"content":{"rendered":"<p><strong>Personalisiertes Poster im Labubu-Stil \u2013 ein lustiger, niedlicher und charakterstarker Druck, der Ihrem Zuhause eine besondere und einzigartige Note verleiht.<\/strong><\/p>\n<p>Inspiriert vom liebenswerten und frechen Stil dieser Wesen verwandelt dieses Design Ihre Familie in eine Sammlung bezaubernder Charaktere, jeder mit eigener Farbe und Pers\u00f6nlichkeit. Es ist ein ideales Dekoelement f\u00fcr alle, die etwas Originelles, Modernes und Charmantes suchen.<\/p>\n<p>Perfekt als Geschenk zum Geburtstag, zu Weihnachten, f\u00fcr Familienfeiern oder einfach, um einen besonderen Menschen zu \u00fcberraschen: Dieses Poster erm\u00f6glicht die Personalisierung von Namen, Text und Figuren und schafft so eine komplett ma\u00dfgeschneiderte Illustration. Dank der M\u00f6glichkeit, Farben, Schriftart und Gr\u00f6\u00dfe zu w\u00e4hlen, passt es sowohl in Kinderzimmer als auch in Wohnzimmer, B\u00fcros oder kreative R\u00e4ume.<\/p>\n<h4><strong>Merkmale:<\/strong><\/h4>\n<ul>\n<li style=\"list-style-type: none;\">\n<ul>\n<li>Vollst\u00e4ndige Personalisierung mit Anzahl der Labubu-Charaktere.<\/li>\n<li>Verf\u00fcgbare Gr\u00f6\u00dfen: 21 x 27,9 cm, 30 x 40 cm und 42 x 59,5 cm.<\/li>\n<li>Rahmenoptionen in Schwarz, Wei\u00df oder Eiche oder die M\u00f6glichkeit, es ohne Rahmen zu erwerben.<\/li>\n<li>3 Hintergrundfarboptionen.<\/li>\n<li>M\u00f6glichkeit, zwischen 2 Schriftarten zu w\u00e4hlen.<\/li>\n<\/ul>\n<\/li>\n<\/ul>\n<p>&nbsp;<\/p>\n","protected":false},"excerpt":{"rendered":"<p>Personalisiertes Poster im Labubu-Stil \u2013 ein lustiger, niedlicher und charakterstarker Druck, der  [&#8230;]<\/p>\n","protected":false},"featured_media":496935,"comment_status":"open","ping_status":"closed","template":"","meta":{"_acf_changed":false},"product_brand":[],"product_cat":[1833],"product_tag":[1786,1809],"class_list":{"0":"post-496550","1":"product","2":"type-product","3":"status-publish","4":"has-post-thumbnail","6":"product_cat-personalisierte-poster","7":"product_tag-familie","8":"product_tag-neu","10":"first","11":"instock","12":"taxable","13":"shipping-taxable","14":"purchasable","15":"product-type-simple"},"acf":[],"df_price":23.99,"df_sale_price":"","df_regular_price":23.99,"df_image_link":"https:\/\/transparentgift.com\/de\/wp-content\/uploads\/2025\/11\/1-21-300x300.jpg","_links":{"self":[{"href":"https:\/\/transparentgift.com\/de\/wp-json\/wp\/v2\/product\/496550","targetHints":{"allow":["GET"]}}],"collection":[{"href":"https:\/\/transparentgift.com\/de\/wp-json\/wp\/v2\/product"}],"about":[{"href":"https:\/\/transparentgift.com\/de\/wp-json\/wp\/v2\/types\/product"}],"replies":[{"embeddable":true,"href":"https:\/\/transparentgift.com\/de\/wp-json\/wp\/v2\/comments?post=496550"}],"wp:featuredmedia":[{"embeddable":true,"href":"https:\/\/transparentgift.com\/de\/wp-json\/wp\/v2\/media\/496935"}],"wp:attachment":[{"href":"https:\/\/transparentgift.com\/de\/wp-json\/wp\/v2\/media?parent=496550"}],"wp:term":[{"taxonomy":"product_brand","embeddable":true,"href":"https:\/\/transparentgift.com\/de\/wp-json\/wp\/v2\/product_brand?post=496550"},{"taxonomy":"product_cat","embeddable":true,"href":"https:\/\/transparentgift.com\/de\/wp-json\/wp\/v2\/product_cat?post=496550"},{"taxonomy":"product_tag","embeddable":true,"href":"https:\/\/transparentgift.com\/de\/wp-json\/wp\/v2\/product_tag?post=496550"}],"curies":[{"name":"wp","href":"https:\/\/api.w.org\/{rel}","templated":true}]}}