{"id":497260,"date":"2026-01-01T22:49:33","date_gmt":"2026-01-01T21:49:33","guid":{"rendered":"https:\/\/transparentgift.com\/de\/personalisierte-fototasse\/"},"modified":"2026-01-29T13:59:37","modified_gmt":"2026-01-29T12:59:37","slug":"personalisierte-fototasse","status":"publish","type":"product","link":"https:\/\/transparentgift.com\/de\/personalisierte-fototasse\/","title":{"rendered":"Personalisierte Fototasse"},"content":{"rendered":"<p><strong>Personalisierte Fototasse: das Geschenk, das einzigartige Momente festh\u00e4lt<\/strong>.<\/p>\n<p>Verwandle deine Erinnerungen in ein t\u00e4gliches Erlebnis mit dieser <strong>personalisierten Tasse mit Foto<\/strong>, ideal, um bei jedem Schluck zu ber\u00fchren. Ein besonderes Bild, auf Keramik gedruckt, das eine gew\u00f6hnliche Tasse in ein <strong>originelles und emotionales Geschenk<\/strong> verwandelt.<\/p>\n<p>Ein <strong>originelles Valentinstagsgeschenk<\/strong>, auch perfekt f\u00fcr <strong>Jahrestage<\/strong>, <strong>Geburtstage<\/strong>, <strong>Weihnachten<\/strong>, <strong>Muttertag<\/strong> oder <strong>Vatertag<\/strong>. Ideal f\u00fcr <strong>Freunde<\/strong>, <strong>Familienmitglieder<\/strong> oder <strong>Paare<\/strong>, die <strong>personalisierte Details<\/strong> sch\u00e4tzen. Lass jedes Fr\u00fchst\u00fcck oder jede Zwischenmahlzeit voller Liebe, Nostalgie und Freude sein \u2013 mit einem Bild, das alles sagt.<\/p>\n<h4><strong>Eigenschaften:<\/strong><\/h4>\n<ul>\n<li>Gr\u00f6\u00dfe: 9,5 x 8 cm<\/li>\n<li>Material: Keramik<\/li>\n<li>Fassungsverm\u00f6gen: 333 ml<\/li>\n<li>Pflege: Mikrowellen- und sp\u00fclmaschinengeeignet<\/li>\n<\/ul>\n","protected":false},"excerpt":{"rendered":"<p>Personalisierte Fototasse: das Geschenk, das einzigartige Momente festh\u00e4lt. Verwandle deine Erinner [&#8230;]<\/p>\n","protected":false},"featured_media":497547,"comment_status":"open","ping_status":"closed","template":"","meta":{"_acf_changed":false},"product_brand":[],"product_cat":[1910],"product_tag":[1786,1779,1776,1777,1780],"class_list":{"0":"post-497260","1":"product","2":"type-product","3":"status-publish","4":"has-post-thumbnail","6":"product_cat-personalisierte-tassen","7":"product_tag-familie","8":"product_tag-frauen","9":"product_tag-generisch","10":"product_tag-paare","11":"product_tag-vaeter","13":"first","14":"instock","15":"taxable","16":"shipping-taxable","17":"purchasable","18":"product-type-simple"},"acf":[],"df_price":9.99,"df_sale_price":"","df_regular_price":9.99,"df_image_link":"https:\/\/transparentgift.com\/de\/wp-content\/uploads\/2026\/01\/1-300x300.webp","_links":{"self":[{"href":"https:\/\/transparentgift.com\/de\/wp-json\/wp\/v2\/product\/497260","targetHints":{"allow":["GET"]}}],"collection":[{"href":"https:\/\/transparentgift.com\/de\/wp-json\/wp\/v2\/product"}],"about":[{"href":"https:\/\/transparentgift.com\/de\/wp-json\/wp\/v2\/types\/product"}],"replies":[{"embeddable":true,"href":"https:\/\/transparentgift.com\/de\/wp-json\/wp\/v2\/comments?post=497260"}],"wp:featuredmedia":[{"embeddable":true,"href":"https:\/\/transparentgift.com\/de\/wp-json\/wp\/v2\/media\/497547"}],"wp:attachment":[{"href":"https:\/\/transparentgift.com\/de\/wp-json\/wp\/v2\/media?parent=497260"}],"wp:term":[{"taxonomy":"product_brand","embeddable":true,"href":"https:\/\/transparentgift.com\/de\/wp-json\/wp\/v2\/product_brand?post=497260"},{"taxonomy":"product_cat","embeddable":true,"href":"https:\/\/transparentgift.com\/de\/wp-json\/wp\/v2\/product_cat?post=497260"},{"taxonomy":"product_tag","embeddable":true,"href":"https:\/\/transparentgift.com\/de\/wp-json\/wp\/v2\/product_tag?post=497260"}],"curies":[{"name":"wp","href":"https:\/\/api.w.org\/{rel}","templated":true}]}}