{"id":497263,"date":"2026-01-01T22:49:36","date_gmt":"2026-01-01T21:49:36","guid":{"rendered":"https:\/\/transparentgift.com\/de\/personalisierte-funkos-tasse-mit-text\/"},"modified":"2026-01-29T14:00:13","modified_gmt":"2026-01-29T13:00:13","slug":"personalisierte-funkos-tasse-mit-text","status":"publish","type":"product","link":"https:\/\/transparentgift.com\/de\/personalisierte-funkos-tasse-mit-text\/","title":{"rendered":"Personalisierte Funkos-Tasse mit Text"},"content":{"rendered":"<p><strong>Personalisierte Funkos-Tasse mit Text<\/strong>. Ein einzigartiges Geschenk, das bei jedem Schluck das Wesen Ihrer Liebsten einf\u00e4ngt.<\/p>\n<p>Verwandeln Sie Ihre allt\u00e4glichen Momente mit dieser <strong>personalisierten Tasse<\/strong> in unvergessliche Erinnerungen. Sie wurde so gestaltet, dass jedes Familienmitglied oder Ihre Freunde als niedliche Funko-Pop-Figuren dargestellt werden. Diese Tasse ist mehr als nur ein Gegenstand; sie ist ein Symbol f\u00fcr Liebe und Verbundenheit.<\/p>\n<p>Ideal f\u00fcr <strong>Geburtstage<\/strong>, <strong>Jahrestage<\/strong>, <strong>Weihnachten<\/strong> oder jeden besonderen Anlass: Diese Tasse ist perfekt f\u00fcr M\u00e4nner, Frauen und sogar, um Kolleginnen und Kollegen bei der Arbeit zu \u00fcberraschen. Personalisieren Sie jedes Detail und verleihen Sie ihr mit dem Vor- oder Nachnamen Ihrer Familie eine pers\u00f6nliche Note.<\/p>\n<h4><strong>Eigenschaften:<\/strong><\/h4>\n<ul>\n<li>Gr\u00f6\u00dfe: 9,5 x 8 cm<\/li>\n<li>Material: Keramik.<\/li>\n<li>Fassungsverm\u00f6gen: 333 ml<\/li>\n<li>Pflege: Mikrowellen- und sp\u00fclmaschinengeeignet.<\/li>\n<\/ul>\n","protected":false},"excerpt":{"rendered":"<p>Personalisierte Funkos-Tasse mit Text. Ein einzigartiges Geschenk, das bei jedem Schluck das Wesen I [&#8230;]<\/p>\n","protected":false},"featured_media":497359,"comment_status":"open","ping_status":"closed","template":"","meta":{"_acf_changed":false},"product_brand":[],"product_cat":[1910],"product_tag":[1779,1804,1777,1780],"class_list":{"0":"post-497263","1":"product","2":"type-product","3":"status-publish","4":"has-post-thumbnail","6":"product_cat-personalisierte-tassen","7":"product_tag-frauen","8":"product_tag-funkos","9":"product_tag-paare","10":"product_tag-vaeter","12":"first","13":"instock","14":"taxable","15":"shipping-taxable","16":"purchasable","17":"product-type-simple"},"acf":[],"df_price":14.99,"df_sale_price":"","df_regular_price":14.99,"df_image_link":"https:\/\/transparentgift.com\/de\/wp-content\/uploads\/2026\/01\/1-1-2-300x300.jpg","_links":{"self":[{"href":"https:\/\/transparentgift.com\/de\/wp-json\/wp\/v2\/product\/497263","targetHints":{"allow":["GET"]}}],"collection":[{"href":"https:\/\/transparentgift.com\/de\/wp-json\/wp\/v2\/product"}],"about":[{"href":"https:\/\/transparentgift.com\/de\/wp-json\/wp\/v2\/types\/product"}],"replies":[{"embeddable":true,"href":"https:\/\/transparentgift.com\/de\/wp-json\/wp\/v2\/comments?post=497263"}],"wp:featuredmedia":[{"embeddable":true,"href":"https:\/\/transparentgift.com\/de\/wp-json\/wp\/v2\/media\/497359"}],"wp:attachment":[{"href":"https:\/\/transparentgift.com\/de\/wp-json\/wp\/v2\/media?parent=497263"}],"wp:term":[{"taxonomy":"product_brand","embeddable":true,"href":"https:\/\/transparentgift.com\/de\/wp-json\/wp\/v2\/product_brand?post=497263"},{"taxonomy":"product_cat","embeddable":true,"href":"https:\/\/transparentgift.com\/de\/wp-json\/wp\/v2\/product_cat?post=497263"},{"taxonomy":"product_tag","embeddable":true,"href":"https:\/\/transparentgift.com\/de\/wp-json\/wp\/v2\/product_tag?post=497263"}],"curies":[{"name":"wp","href":"https:\/\/api.w.org\/{rel}","templated":true}]}}